{"id":1372,"date":"2021-09-10T11:46:32","date_gmt":"2021-09-10T09:46:32","guid":{"rendered":"https:\/\/vilarrasa.com\/politica-de-privacitat\/"},"modified":"2021-10-19T12:32:56","modified_gmt":"2021-10-19T10:32:56","slug":"politica-de-privacitat","status":"publish","type":"page","link":"https:\/\/vilarrasa.com\/ca\/politica-de-privacitat\/","title":{"rendered":"Pol\u00edtica de privacitat"},"content":{"rendered":"\t\t<div data-elementor-type=\"wp-page\" data-elementor-id=\"1372\" class=\"elementor elementor-1372 elementor-3\" data-elementor-settings=\"[]\">\n\t\t\t\t\t\t<div class=\"elementor-inner\">\n\t\t\t\t\t\t\t<div class=\"elementor-section-wrap\">\n\t\t\t\t\t\t\t<section class=\"elementor-section elementor-top-section elementor-element elementor-element-36e99002 elementor-section-boxed elementor-section-height-default elementor-section-height-default\" data-id=\"36e99002\" data-element_type=\"section\">\n\t\t\t\t\t\t<div class=\"elementor-container elementor-column-gap-default\">\n\t\t\t\t\t\t\t<div class=\"elementor-row\">\n\t\t\t\t\t<div class=\"elementor-column elementor-col-100 elementor-top-column elementor-element elementor-element-21a467ac\" data-id=\"21a467ac\" data-element_type=\"column\">\n\t\t\t<div class=\"elementor-column-wrap elementor-element-populated\">\n\t\t\t\t\t\t\t<div class=\"elementor-widget-wrap\">\n\t\t\t\t\t\t<div class=\"elementor-element elementor-element-1cab22f7 elementor-widget elementor-widget-text-editor\" data-id=\"1cab22f7\" data-element_type=\"widget\" data-widget_type=\"text-editor.default\">\n\t\t\t\t<div class=\"elementor-widget-container\">\n\t\t\t\t\t\t\t\t<div class=\"elementor-text-editor elementor-clearfix\">\n\t\t\t\t<p>L\u2019informem que les dades personals dels nostres clients seran tractades de conformitat amb la legislaci\u00f3 vigent en mat\u00e8ria de protecci\u00f3 de dades personals, la privacitat dels usuaris i el secret i la seguretat de les dades personals, segons l\u2019establert en la Llei Org\u00e0nica 3\/2018, de 5 de desembre, de Protecci\u00f3 de Dades Personals i garantia dels drets digitals (LOPD-GDD) i al Reglament (UE) 2016\/679 del Parlament Europeu i del Consell de 27 d\u2019abril de 2016 relatiu a la protecci\u00f3 de les persones f\u00edsiques quant al tractament de dades personals (RGPD).<\/p><p>\u00a0<\/p><p>Amb l\u2019objectiu de complir l\u2019esmentat Reglament, hem actualitzat la nostra Pol\u00edtica de Privadesa:<\/p><p>Responsable: Vilarrasa amb NIF\u00a0<span style=\"color: var( --e-global-color-text ); font-family: var( --e-global-typography-text-font-family ), Sans-serif; font-weight: var( --e-global-typography-text-font-weight ); background-color: var(--nv-site-bg);\">A17029109.<\/span><\/p><p>Finalitat de tractament: tractem la informaci\u00f3 que ens facilita a fi de proporcionar-li el servei sol\u00b7licitat i enviar-li comunicacions relacionades amb el contingut dels nostres productes i serveis.<\/p><p>\u00b7 \u00a0 \u00a0 \u00a0 \u00a0 Proced\u00e8ncia i categoria de dades tractades: les dades personals que tractarem s\u00f3n les seves dades d\u2019identitat que vost\u00e8 ens facilita a trav\u00e9s del formulari de registre que trobar\u00e0 al nostre lloc web.<\/p><p>o \u00a0 \u00a0Temps de conservaci\u00f3: les dades proporcionades es conservaran mentre perduri la relaci\u00f3 comercial o durant els anys necessaris per a complir amb les obligacions legals.<\/p><p>o \u00a0 \u00a0Legitimaci\u00f3: tractem les seves dades nom\u00e9s si comptem amb el seu consentiment expl\u00edcit o informat per a fer-ho, i sempre de conformitat amb les finalitat descrites.<\/p><p>\u00b7 \u00a0 \u00a0 \u00a0 \u00a0 Destinataris: les dades que vost\u00e8 ens facilita no es cediran a tercers, a excepci\u00f3 dels casos en qu\u00e8 existeixi una obligaci\u00f3 legal.<\/p><p>Si b\u00e9, per a dur a terme determinades funcions necess\u00e0ries per a la prestaci\u00f3 del servei, les seves dades poden ser tractades per tercers que actuaran com a encarregats de tractament i que estaran obligats contractualment a complir amb les seves obligacions legals d\u2019encarregat de tractament, a respectar la confidencialitat i secret de la informaci\u00f3.<\/p><p>\u00b7 \u00a0 \u00a0 \u00a0 \u00a0 Drets: vost\u00e8 \u00e9s titular dels seg\u00fcents drets sobre les seves dades de car\u00e0cter personal<\/p><p>\u00b7 \u00a0 \u00a0 \u00a0 \u00a0 Dret a sol\u00b7licitar l\u2019acc\u00e9s a les dades personals.<\/p><p>\u00b7 \u00a0 \u00a0 \u00a0 \u00a0 Dret a sol\u00b7licitar la seva rectificaci\u00f3 o supressi\u00f3.<\/p><p>\u00b7 \u00a0 \u00a0 \u00a0 \u00a0 Dret a sol\u00b7licitar la limitaci\u00f3 o oposici\u00f3 del seu tractament.<\/p><p>\u00b7 \u00a0 \u00a0 \u00a0 \u00a0 Revocaci\u00f3 del consentiment prestat.<\/p><p>\u00b7 \u00a0 \u00a0 \u00a0 \u00a0 \u00a0Dret a la portabilitat de les seves dades.<\/p><p>Per a l\u2019exercici dels drets haur\u00e0 de dirigir-nos una comunicaci\u00f3 escrita a trav\u00e9s del correu electr\u00f2nic <a href=\"mailto:xxxx@xxxx.com\">\u00a0<\/a><a href=\"mailto:vilarrasa@vilarrasa.com\">vilarrasa@vilarrasa.com<\/a>\u00a0especificant el dret que desitja exercitar.<\/p><p>\u00a0<\/p><p>De totes maneres, l\u2019informem que vost\u00e8 pot sol\u00b7licitar la tutela dels seus drets davant l\u2019Ag\u00e8ncia Espanyola de Protecci\u00f3 de Dades amb seu al Carrer Jorge Juan, 6, 28001 Madrid.<\/p>\t\t\t\t\t<\/div>\n\t\t\t\t\t\t<\/div>\n\t\t\t\t<\/div>\n\t\t\t\t\t\t<\/div>\n\t\t\t\t\t<\/div>\n\t\t<\/div>\n\t\t\t\t\t\t\t\t<\/div>\n\t\t\t\t\t<\/div>\n\t\t<\/section>\n\t\t\t\t\t\t<\/div>\n\t\t\t\t\t\t<\/div>\n\t\t\t\t\t<\/div>\n\t\t","protected":false},"excerpt":{"rendered":"<p>L\u2019informem que les dades personals dels nostres clients seran tractades de conformitat amb la legislaci\u00f3 vigent en mat\u00e8ria de protecci\u00f3 de dades personals, la privacitat dels usuaris i el secret i la seguretat de les dades personals, segons l\u2019establert en la Llei Org\u00e0nica 3\/2018, de 5 de desembre, de Protecci\u00f3 de Dades Personals i garantia&hellip;&nbsp;<a href=\"https:\/\/vilarrasa.com\/ca\/politica-de-privacitat\/\" class=\"\" rel=\"bookmark\">Read More &raquo;<span class=\"screen-reader-text\">Pol\u00edtica de privacitat<\/span><\/a><\/p>\n","protected":false},"author":1,"featured_media":0,"parent":0,"menu_order":0,"comment_status":"closed","ping_status":"open","template":"","meta":{"content-type":"","neve_meta_sidebar":"","neve_meta_container":"","neve_meta_enable_content_width":"off","neve_meta_content_width":70,"neve_meta_title_alignment":"","neve_meta_author_avatar":"","neve_post_elements_order":"","neve_meta_disable_header":"","neve_meta_disable_footer":"","neve_meta_disable_title":"on","neve_meta_reading_time":""},"yoast_head":"<!-- This site is optimized with the Yoast SEO plugin v18.8 - https:\/\/yoast.com\/wordpress\/plugins\/seo\/ -->\n<title>Pol\u00edtica de privacitat - Vilarrasa<\/title>\n<meta name=\"robots\" content=\"noindex, follow\" \/>\n<meta property=\"og:locale\" content=\"ca_ES\" \/>\n<meta property=\"og:type\" content=\"article\" \/>\n<meta property=\"og:title\" content=\"Pol\u00edtica de privacitat - Vilarrasa\" \/>\n<meta property=\"og:description\" content=\"L\u2019informem que les dades personals dels nostres clients seran tractades de conformitat amb la legislaci\u00f3 vigent en mat\u00e8ria de protecci\u00f3 de dades personals, la privacitat dels usuaris i el secret i la seguretat de les dades personals, segons l\u2019establert en la Llei Org\u00e0nica 3\/2018, de 5 de desembre, de Protecci\u00f3 de Dades Personals i garantia&hellip;&nbsp;Read More &raquo;Pol\u00edtica de privacitat\" \/>\n<meta property=\"og:url\" content=\"https:\/\/vilarrasa.com\/ca\/politica-de-privacitat\/\" \/>\n<meta property=\"og:site_name\" content=\"Vilarrasa\" \/>\n<meta property=\"article:modified_time\" content=\"2021-10-19T10:32:56+00:00\" \/>\n<meta name=\"twitter:card\" content=\"summary_large_image\" \/>\n<meta name=\"twitter:label1\" content=\"Temps estimat de lectura\" \/>\n\t<meta name=\"twitter:data1\" content=\"2 minuts\" \/>\n<script type=\"application\/ld+json\" class=\"yoast-schema-graph\">{\"@context\":\"https:\/\/schema.org\",\"@graph\":[{\"@type\":\"Organization\",\"@id\":\"https:\/\/vilarrasa.com\/#organization\",\"name\":\"S.Vilarrasa\",\"url\":\"https:\/\/vilarrasa.com\/\",\"sameAs\":[],\"logo\":{\"@type\":\"ImageObject\",\"inLanguage\":\"ca\",\"@id\":\"https:\/\/vilarrasa.com\/#\/schema\/logo\/image\/\",\"url\":\"https:\/\/vilarrasa.com\/wp-content\/uploads\/2020\/06\/logo_vilarr.png\",\"contentUrl\":\"https:\/\/vilarrasa.com\/wp-content\/uploads\/2020\/06\/logo_vilarr.png\",\"width\":885,\"height\":206,\"caption\":\"S.Vilarrasa\"},\"image\":{\"@id\":\"https:\/\/vilarrasa.com\/#\/schema\/logo\/image\/\"}},{\"@type\":\"WebSite\",\"@id\":\"https:\/\/vilarrasa.com\/#website\",\"url\":\"https:\/\/vilarrasa.com\/\",\"name\":\"Vilarrasa\",\"description\":\"Hilos reciclados de alta calidad\",\"publisher\":{\"@id\":\"https:\/\/vilarrasa.com\/#organization\"},\"potentialAction\":[{\"@type\":\"SearchAction\",\"target\":{\"@type\":\"EntryPoint\",\"urlTemplate\":\"https:\/\/vilarrasa.com\/?s={search_term_string}\"},\"query-input\":\"required name=search_term_string\"}],\"inLanguage\":\"ca\"},{\"@type\":\"WebPage\",\"@id\":\"https:\/\/vilarrasa.com\/ca\/politica-de-privacitat\/#webpage\",\"url\":\"https:\/\/vilarrasa.com\/ca\/politica-de-privacitat\/\",\"name\":\"Pol\u00edtica de privacitat - Vilarrasa\",\"isPartOf\":{\"@id\":\"https:\/\/vilarrasa.com\/#website\"},\"datePublished\":\"2021-09-10T09:46:32+00:00\",\"dateModified\":\"2021-10-19T10:32:56+00:00\",\"breadcrumb\":{\"@id\":\"https:\/\/vilarrasa.com\/ca\/politica-de-privacitat\/#breadcrumb\"},\"inLanguage\":\"ca\",\"potentialAction\":[{\"@type\":\"ReadAction\",\"target\":[\"https:\/\/vilarrasa.com\/ca\/politica-de-privacitat\/\"]}]},{\"@type\":\"BreadcrumbList\",\"@id\":\"https:\/\/vilarrasa.com\/ca\/politica-de-privacitat\/#breadcrumb\",\"itemListElement\":[{\"@type\":\"ListItem\",\"position\":1,\"name\":\"Home\",\"item\":\"https:\/\/vilarrasa.com\/\"},{\"@type\":\"ListItem\",\"position\":2,\"name\":\"Pol\u00edtica de privacitat\"}]}]}<\/script>\n<!-- \/ Yoast SEO plugin. -->","yoast_head_json":{"title":"Pol\u00edtica de privacitat - Vilarrasa","robots":{"index":"noindex","follow":"follow"},"og_locale":"ca_ES","og_type":"article","og_title":"Pol\u00edtica de privacitat - Vilarrasa","og_description":"L\u2019informem que les dades personals dels nostres clients seran tractades de conformitat amb la legislaci\u00f3 vigent en mat\u00e8ria de protecci\u00f3 de dades personals, la privacitat dels usuaris i el secret i la seguretat de les dades personals, segons l\u2019establert en la Llei Org\u00e0nica 3\/2018, de 5 de desembre, de Protecci\u00f3 de Dades Personals i garantia&hellip;&nbsp;Read More &raquo;Pol\u00edtica de privacitat","og_url":"https:\/\/vilarrasa.com\/ca\/politica-de-privacitat\/","og_site_name":"Vilarrasa","article_modified_time":"2021-10-19T10:32:56+00:00","twitter_card":"summary_large_image","twitter_misc":{"Temps estimat de lectura":"2 minuts"},"schema":{"@context":"https:\/\/schema.org","@graph":[{"@type":"Organization","@id":"https:\/\/vilarrasa.com\/#organization","name":"S.Vilarrasa","url":"https:\/\/vilarrasa.com\/","sameAs":[],"logo":{"@type":"ImageObject","inLanguage":"ca","@id":"https:\/\/vilarrasa.com\/#\/schema\/logo\/image\/","url":"https:\/\/vilarrasa.com\/wp-content\/uploads\/2020\/06\/logo_vilarr.png","contentUrl":"https:\/\/vilarrasa.com\/wp-content\/uploads\/2020\/06\/logo_vilarr.png","width":885,"height":206,"caption":"S.Vilarrasa"},"image":{"@id":"https:\/\/vilarrasa.com\/#\/schema\/logo\/image\/"}},{"@type":"WebSite","@id":"https:\/\/vilarrasa.com\/#website","url":"https:\/\/vilarrasa.com\/","name":"Vilarrasa","description":"Hilos reciclados de alta calidad","publisher":{"@id":"https:\/\/vilarrasa.com\/#organization"},"potentialAction":[{"@type":"SearchAction","target":{"@type":"EntryPoint","urlTemplate":"https:\/\/vilarrasa.com\/?s={search_term_string}"},"query-input":"required name=search_term_string"}],"inLanguage":"ca"},{"@type":"WebPage","@id":"https:\/\/vilarrasa.com\/ca\/politica-de-privacitat\/#webpage","url":"https:\/\/vilarrasa.com\/ca\/politica-de-privacitat\/","name":"Pol\u00edtica de privacitat - Vilarrasa","isPartOf":{"@id":"https:\/\/vilarrasa.com\/#website"},"datePublished":"2021-09-10T09:46:32+00:00","dateModified":"2021-10-19T10:32:56+00:00","breadcrumb":{"@id":"https:\/\/vilarrasa.com\/ca\/politica-de-privacitat\/#breadcrumb"},"inLanguage":"ca","potentialAction":[{"@type":"ReadAction","target":["https:\/\/vilarrasa.com\/ca\/politica-de-privacitat\/"]}]},{"@type":"BreadcrumbList","@id":"https:\/\/vilarrasa.com\/ca\/politica-de-privacitat\/#breadcrumb","itemListElement":[{"@type":"ListItem","position":1,"name":"Home","item":"https:\/\/vilarrasa.com\/"},{"@type":"ListItem","position":2,"name":"Pol\u00edtica de privacitat"}]}]}},"_links":{"self":[{"href":"https:\/\/vilarrasa.com\/ca\/wp-json\/wp\/v2\/pages\/1372"}],"collection":[{"href":"https:\/\/vilarrasa.com\/ca\/wp-json\/wp\/v2\/pages"}],"about":[{"href":"https:\/\/vilarrasa.com\/ca\/wp-json\/wp\/v2\/types\/page"}],"author":[{"embeddable":true,"href":"https:\/\/vilarrasa.com\/ca\/wp-json\/wp\/v2\/users\/1"}],"replies":[{"embeddable":true,"href":"https:\/\/vilarrasa.com\/ca\/wp-json\/wp\/v2\/comments?post=1372"}],"version-history":[{"count":5,"href":"https:\/\/vilarrasa.com\/ca\/wp-json\/wp\/v2\/pages\/1372\/revisions"}],"predecessor-version":[{"id":1596,"href":"https:\/\/vilarrasa.com\/ca\/wp-json\/wp\/v2\/pages\/1372\/revisions\/1596"}],"wp:attachment":[{"href":"https:\/\/vilarrasa.com\/ca\/wp-json\/wp\/v2\/media?parent=1372"}],"curies":[{"name":"wp","href":"https:\/\/api.w.org\/{rel}","templated":true}]}}