{"id":1468,"date":"2021-09-22T13:28:04","date_gmt":"2021-09-22T11:28:04","guid":{"rendered":"https:\/\/vilarrasa.com\/politica-de-cookies\/"},"modified":"2021-09-24T09:11:06","modified_gmt":"2021-09-24T07:11:06","slug":"politica-de-cookies","status":"publish","type":"page","link":"https:\/\/vilarrasa.com\/ca\/politica-de-cookies\/","title":{"rendered":"Pol\u00edtica de cookies"},"content":{"rendered":"\t\t<div data-elementor-type=\"wp-page\" data-elementor-id=\"1468\" class=\"elementor elementor-1468 elementor-1378\" data-elementor-settings=\"[]\">\n\t\t\t\t\t\t<div class=\"elementor-inner\">\n\t\t\t\t\t\t\t<div class=\"elementor-section-wrap\">\n\t\t\t\t\t\t\t<section class=\"elementor-section elementor-top-section elementor-element elementor-element-39ef7734 elementor-section-boxed elementor-section-height-default elementor-section-height-default\" data-id=\"39ef7734\" data-element_type=\"section\">\n\t\t\t\t\t\t<div class=\"elementor-container elementor-column-gap-default\">\n\t\t\t\t\t\t\t<div class=\"elementor-row\">\n\t\t\t\t\t<div class=\"elementor-column elementor-col-100 elementor-top-column elementor-element elementor-element-35cad6f7\" data-id=\"35cad6f7\" data-element_type=\"column\">\n\t\t\t<div class=\"elementor-column-wrap elementor-element-populated\">\n\t\t\t\t\t\t\t<div class=\"elementor-widget-wrap\">\n\t\t\t\t\t\t<div class=\"elementor-element elementor-element-6a107dac elementor-widget elementor-widget-text-editor\" data-id=\"6a107dac\" data-element_type=\"widget\" data-widget_type=\"text-editor.default\">\n\t\t\t\t<div class=\"elementor-widget-container\">\n\t\t\t\t\t\t\t\t<div class=\"elementor-text-editor elementor-clearfix\">\n\t\t\t\t<p>Les cookies o galetes s\u00f3n petits arxius de text que s\u2019instal\u00b7len als equips des dels qual s\u2019accedeix al nostre lloc web. Entre altres finalitats, les cookies registren les prefer\u00e8ncies i els h\u00e0bits de navegaci\u00f3 d\u2019un usuari. S\u2019associen a l\u2019usuari i al seu equip, per\u00f2 no proporcionen dades directament identificatives. Algunes cookies, per exemple les que permeten elaborar estad\u00edstiques o les publicit\u00e0ries, necessiten el consentiment de l\u2019usuari del nostre lloc. En canvi altres cookies, les de car\u00e0cter t\u00e8cnic o les necess\u00e0ries per oferir un servei sol\u00b7licitat per l\u2019usuari, s\u00f3n imprescindibles per al funcionament del lloc. Les cookies es poden classificar segons la seva vig\u00e8ncia, qui les gestiona o la seva finalitat<\/p>\n<p>&nbsp;<\/p>\n<p>SEGONS LA VIG\u00c8NCIA<\/p>\n<p><em>De sessi\u00f3<\/em><em>:<\/em> s\u00f3n temporals i queden a l\u2019arxiu de galetes del vostre navegador fins el moment que abandoneu el lloc web.<\/p>\n<p><em>Persistents<\/em><em>:<\/em> queden emmagatzemades i el lloc web els llegeix cada vegada que hi feu una visita.<\/p>\n<p>&nbsp;<\/p>\n<p>SEGONS QUI LES GESTIONI<\/p>\n<p><em>Pr\u00f2pies<\/em><em>:<\/em> s\u00f3n les pr\u00f2pies del titular del lloc web des del que es presten els serveis a l\u2019usuari.<\/p>\n<p><em>De tercers<\/em><em>:<\/em> s\u2019envien a l\u2019usuari per part d\u2019un tercer, diferent al titular del lloc.<\/p>\n<p>&nbsp;<\/p>\n<p>SEGONS LA FINALITAT<\/p>\n<p><em>Necess\u00e0ries<\/em><em>:<\/em> les imprescindibles per facilitar la vostra connexi\u00f3. No hi ha opci\u00f3 d\u2019inhabilitar-les, at\u00e8s que s\u00f3n les necess\u00e0ries pel funcionament del lloc web.<\/p>\n<p><em>T\u00e8cniques<\/em><em>: <\/em>les que permeten controlar el tr\u00e0fic i comunicaci\u00f3 de dades, identificar la sessi\u00f3 i accedir a p\u00e0gines d\u2019acc\u00e9s restringit, entre d\u2019altres.<\/p>\n<p><em>De prefer\u00e8ncies<\/em><em>:<\/em> permeten recordar les vostres opcions (per exemple llengua o regi\u00f3 des de la qual accediu), per tal de proporcionar-vos serveis avan\u00e7ats.<\/p>\n<p><em>Anal\u00edtiques<\/em><em>:<\/em> proporcionen informaci\u00f3 estad\u00edstica i permeten millorar els serveis.<\/p>\n<p><em>De publicitat<\/em><em>:<\/em> per a oferir continguts publicitaris relacionats amb els interessos de l\u2019usuari, b\u00e9 directament, b\u00e9 per mitj\u00e0 de tercers (\u201cadservers\u201d).<\/p>\n<p><em>De geolocalitzaci\u00f3<\/em><em>: <\/em>per a con\u00e8ixer la localitzaci\u00f3 geogr\u00e0fica de l\u2019usuari.<\/p>\n<p>&nbsp;<\/p>\n<p>Enumerem les cookies que utilitza el nostre lloc web, donant opci\u00f3 (darrera columna) a que cada usuari n\u2019autoritzi la desc\u00e0rrega.<\/p>\n<p>[Aquesta taula \u00e9s un exemple, que s\u2019ha de personalitzar segons les cookies que utilitzi el lloc web]<\/p>\n<p>&nbsp;<\/p>\n<table width=\"573\">\n<tbody>\n<tr>\n<td width=\"75\"><strong>FINALITAT<\/strong><\/td>\n<td width=\"108\"><strong>Prove\u00efdor<\/strong><\/td>\n<td width=\"69\"><strong>NOM de la cookie <\/strong><\/td>\n<td width=\"66\"><strong>Gesti\u00f3<\/strong><\/td>\n<td width=\"66\"><strong>VIG\u00c8NCIA<\/strong><\/td>\n<td width=\"189\"><strong>FUNCI\u00f3<\/strong><\/td>\n<\/tr>\n<tr>\n<td width=\"75\"><\/td>\n<td width=\"108\">Titular del lloc web<\/td>\n<td width=\"69\">&#8230;&#8230;&#8230;&#8230;&#8230;.<\/td>\n<td width=\"66\">Pr\u00f2pia<\/td>\n<td width=\"66\">Sessi\u00f3<\/td>\n<td width=\"189\">Recordar acceptaci\u00f3\u00a0 cookies \/\/ Facilitar la navegaci\u00f3 \/\/ &#8230;..<\/td>\n<\/tr>\n<tr>\n<td width=\"75\">T\u00e8cniques<\/td>\n<td width=\"108\">&#8230;&#8230;&#8230;&#8230;<\/td>\n<td width=\"69\">&#8230;&#8230;&#8230;&#8230;<\/td>\n<td width=\"66\">&#8230;&#8230;&#8230;..<\/td>\n<td width=\"66\">&#8230;&#8230;&#8230;..<\/td>\n<td width=\"189\">&#8230;&#8230;&#8230;&#8230;&#8230;&#8230;&#8230;..<\/td>\n<\/tr>\n<tr>\n<td width=\"75\">Anal\u00edtiques<\/td>\n<td width=\"108\">GOOGLE<\/td>\n<td width=\"69\">_ga<\/p>\n<p>_utma<\/p>\n<p>_utmb<\/td>\n<td width=\"66\">3ers<\/p>\n<p>3ers<\/p>\n<p>3ers<\/td>\n<td width=\"66\">2 anys<\/p>\n<p>2 anys<\/p>\n<p>30 minuts<\/td>\n<td width=\"189\">Realitzar estad\u00edstiques<\/td>\n<\/tr>\n<tr>\n<td width=\"75\">Publicit\u00e0ries<\/td>\n<td width=\"108\">&#8230;&#8230;&#8230;&#8230;<\/td>\n<td width=\"69\">&#8230;&#8230;&#8230;&#8230;<\/td>\n<td width=\"66\">&#8230;&#8230;&#8230;..<\/td>\n<td width=\"66\">&#8230;&#8230;&#8230;&#8230;.<\/td>\n<td width=\"189\">&#8230;&#8230;&#8230;&#8230;&#8230;&#8230;&#8230;&#8230;..<\/td>\n<\/tr>\n<tr>\n<td width=\"75\">&nbsp;<\/td>\n<td width=\"108\">&nbsp;<\/td>\n<td width=\"69\">&nbsp;<\/td>\n<td width=\"66\">&nbsp;<\/td>\n<td width=\"66\">&nbsp;<\/td>\n<td width=\"189\">&nbsp;<\/td>\n<\/tr>\n<\/tbody>\n<\/table>\n<p>&nbsp;<\/p>\n<p>&nbsp;<\/p>\n<p>Pots editar la teva configuraci\u00f3 de cookies fent clic <u>aqu\u00ed<\/u>.<\/p>\n<p>&nbsp;<\/p>\n<p>&nbsp;<\/p>\n<p>Vost\u00e8 pot revocar el consentiment sobre la utilitzaci\u00f3 de cookies eliminant-les per mitj\u00e0 de les opcions que li ofereix el seu navegador. Tamb\u00e9 pot configurar el seu navegador per tal que l\u2019informi pr\u00e8viament de la possible instal\u00b7laci\u00f3 de cookies. En els enlla\u00e7os seg\u00fcents trobar\u00e0 informaci\u00f3 sobre com fer-ho.<\/p>\n<p>&nbsp;<\/p>\n<p>&nbsp;<\/p>\n<p>&#8211; Per Firefox (<a href=\"http:\/\/support.mozilla.org\/ca\/kb\/Galetes\">enlla\u00e7<\/a>)<\/p>\n<p>&#8211; Per Chrome (<a href=\"http:\/\/support.google.com\/chrome\/bin\/answer.py?hl=es&amp;answer=95647\">enlla\u00e7<\/a>)<\/p>\n<p>&#8211; Per Explorer (<a href=\"https:\/\/support.microsoft.com\/es-es\/help\/278835\/how-to-delete-cookie-files-in-internet-explorer\">enlla\u00e7<\/a>)<\/p>\n<p>&#8211; Per Edge (<a href=\"https:\/\/support.microsoft.com\/es-es\/help\/4027947\/windows-delete-cookies\">enlla\u00e7<\/a>)<\/p>\n<p>&#8211; Per Safari per IOS (<a href=\"http:\/\/support.apple.com\/kb\/HT1677?viewlocale=es_ES&amp;locale=es_ES\">enlla\u00e7<\/a>)<\/p>\n<p>&#8211; Per Opera (<a href=\"https:\/\/help.opera.com\/en\/latest\/web-preferences\/#cookies\">enlla\u00e7<\/a>)<\/p>\n\t\t\t\t\t<\/div>\n\t\t\t\t\t\t<\/div>\n\t\t\t\t<\/div>\n\t\t\t\t\t\t<\/div>\n\t\t\t\t\t<\/div>\n\t\t<\/div>\n\t\t\t\t\t\t\t\t<\/div>\n\t\t\t\t\t<\/div>\n\t\t<\/section>\n\t\t\t\t\t\t<\/div>\n\t\t\t\t\t\t<\/div>\n\t\t\t\t\t<\/div>\n\t\t","protected":false},"excerpt":{"rendered":"<p>Les cookies o galetes s\u00f3n petits arxius de text que s\u2019instal\u00b7len als equips des dels qual s\u2019accedeix al nostre lloc web. Entre altres finalitats, les cookies registren les prefer\u00e8ncies i els h\u00e0bits de navegaci\u00f3 d\u2019un usuari. S\u2019associen a l\u2019usuari i al seu equip, per\u00f2 no proporcionen dades directament identificatives. Algunes cookies, per exemple les que&hellip;&nbsp;<a href=\"https:\/\/vilarrasa.com\/ca\/politica-de-cookies\/\" class=\"\" rel=\"bookmark\">Read More &raquo;<span class=\"screen-reader-text\">Pol\u00edtica de cookies<\/span><\/a><\/p>\n","protected":false},"author":1,"featured_media":0,"parent":0,"menu_order":0,"comment_status":"closed","ping_status":"closed","template":"","meta":{"content-type":"","neve_meta_sidebar":"","neve_meta_container":"","neve_meta_enable_content_width":"off","neve_meta_content_width":70,"neve_meta_title_alignment":"","neve_meta_author_avatar":"","neve_post_elements_order":"","neve_meta_disable_header":"","neve_meta_disable_footer":"","neve_meta_disable_title":"on","neve_meta_reading_time":""},"yoast_head":"<!-- This site is optimized with the Yoast SEO plugin v18.8 - https:\/\/yoast.com\/wordpress\/plugins\/seo\/ -->\n<title>Pol\u00edtica de cookies - Vilarrasa<\/title>\n<meta name=\"robots\" content=\"noindex, follow\" \/>\n<meta property=\"og:locale\" content=\"ca_ES\" \/>\n<meta property=\"og:type\" content=\"article\" \/>\n<meta property=\"og:title\" content=\"Pol\u00edtica de cookies - Vilarrasa\" \/>\n<meta property=\"og:description\" content=\"Les cookies o galetes s\u00f3n petits arxius de text que s\u2019instal\u00b7len als equips des dels qual s\u2019accedeix al nostre lloc web. Entre altres finalitats, les cookies registren les prefer\u00e8ncies i els h\u00e0bits de navegaci\u00f3 d\u2019un usuari. S\u2019associen a l\u2019usuari i al seu equip, per\u00f2 no proporcionen dades directament identificatives. Algunes cookies, per exemple les que&hellip;&nbsp;Read More &raquo;Pol\u00edtica de cookies\" \/>\n<meta property=\"og:url\" content=\"https:\/\/vilarrasa.com\/ca\/politica-de-cookies\/\" \/>\n<meta property=\"og:site_name\" content=\"Vilarrasa\" \/>\n<meta property=\"article:modified_time\" content=\"2021-09-24T07:11:06+00:00\" \/>\n<meta name=\"twitter:card\" content=\"summary_large_image\" \/>\n<meta name=\"twitter:label1\" content=\"Temps estimat de lectura\" \/>\n\t<meta name=\"twitter:data1\" content=\"3 minuts\" \/>\n<script type=\"application\/ld+json\" class=\"yoast-schema-graph\">{\"@context\":\"https:\/\/schema.org\",\"@graph\":[{\"@type\":\"Organization\",\"@id\":\"https:\/\/vilarrasa.com\/#organization\",\"name\":\"S.Vilarrasa\",\"url\":\"https:\/\/vilarrasa.com\/\",\"sameAs\":[],\"logo\":{\"@type\":\"ImageObject\",\"inLanguage\":\"ca\",\"@id\":\"https:\/\/vilarrasa.com\/#\/schema\/logo\/image\/\",\"url\":\"https:\/\/vilarrasa.com\/wp-content\/uploads\/2020\/06\/logo_vilarr.png\",\"contentUrl\":\"https:\/\/vilarrasa.com\/wp-content\/uploads\/2020\/06\/logo_vilarr.png\",\"width\":885,\"height\":206,\"caption\":\"S.Vilarrasa\"},\"image\":{\"@id\":\"https:\/\/vilarrasa.com\/#\/schema\/logo\/image\/\"}},{\"@type\":\"WebSite\",\"@id\":\"https:\/\/vilarrasa.com\/#website\",\"url\":\"https:\/\/vilarrasa.com\/\",\"name\":\"Vilarrasa\",\"description\":\"Hilos reciclados de alta calidad\",\"publisher\":{\"@id\":\"https:\/\/vilarrasa.com\/#organization\"},\"potentialAction\":[{\"@type\":\"SearchAction\",\"target\":{\"@type\":\"EntryPoint\",\"urlTemplate\":\"https:\/\/vilarrasa.com\/?s={search_term_string}\"},\"query-input\":\"required name=search_term_string\"}],\"inLanguage\":\"ca\"},{\"@type\":\"WebPage\",\"@id\":\"https:\/\/vilarrasa.com\/ca\/politica-de-cookies\/#webpage\",\"url\":\"https:\/\/vilarrasa.com\/ca\/politica-de-cookies\/\",\"name\":\"Pol\u00edtica de cookies - Vilarrasa\",\"isPartOf\":{\"@id\":\"https:\/\/vilarrasa.com\/#website\"},\"datePublished\":\"2021-09-22T11:28:04+00:00\",\"dateModified\":\"2021-09-24T07:11:06+00:00\",\"breadcrumb\":{\"@id\":\"https:\/\/vilarrasa.com\/ca\/politica-de-cookies\/#breadcrumb\"},\"inLanguage\":\"ca\",\"potentialAction\":[{\"@type\":\"ReadAction\",\"target\":[\"https:\/\/vilarrasa.com\/ca\/politica-de-cookies\/\"]}]},{\"@type\":\"BreadcrumbList\",\"@id\":\"https:\/\/vilarrasa.com\/ca\/politica-de-cookies\/#breadcrumb\",\"itemListElement\":[{\"@type\":\"ListItem\",\"position\":1,\"name\":\"Home\",\"item\":\"https:\/\/vilarrasa.com\/\"},{\"@type\":\"ListItem\",\"position\":2,\"name\":\"Pol\u00edtica de cookies\"}]}]}<\/script>\n<!-- \/ Yoast SEO plugin. -->","yoast_head_json":{"title":"Pol\u00edtica de cookies - Vilarrasa","robots":{"index":"noindex","follow":"follow"},"og_locale":"ca_ES","og_type":"article","og_title":"Pol\u00edtica de cookies - Vilarrasa","og_description":"Les cookies o galetes s\u00f3n petits arxius de text que s\u2019instal\u00b7len als equips des dels qual s\u2019accedeix al nostre lloc web. Entre altres finalitats, les cookies registren les prefer\u00e8ncies i els h\u00e0bits de navegaci\u00f3 d\u2019un usuari. S\u2019associen a l\u2019usuari i al seu equip, per\u00f2 no proporcionen dades directament identificatives. Algunes cookies, per exemple les que&hellip;&nbsp;Read More &raquo;Pol\u00edtica de cookies","og_url":"https:\/\/vilarrasa.com\/ca\/politica-de-cookies\/","og_site_name":"Vilarrasa","article_modified_time":"2021-09-24T07:11:06+00:00","twitter_card":"summary_large_image","twitter_misc":{"Temps estimat de lectura":"3 minuts"},"schema":{"@context":"https:\/\/schema.org","@graph":[{"@type":"Organization","@id":"https:\/\/vilarrasa.com\/#organization","name":"S.Vilarrasa","url":"https:\/\/vilarrasa.com\/","sameAs":[],"logo":{"@type":"ImageObject","inLanguage":"ca","@id":"https:\/\/vilarrasa.com\/#\/schema\/logo\/image\/","url":"https:\/\/vilarrasa.com\/wp-content\/uploads\/2020\/06\/logo_vilarr.png","contentUrl":"https:\/\/vilarrasa.com\/wp-content\/uploads\/2020\/06\/logo_vilarr.png","width":885,"height":206,"caption":"S.Vilarrasa"},"image":{"@id":"https:\/\/vilarrasa.com\/#\/schema\/logo\/image\/"}},{"@type":"WebSite","@id":"https:\/\/vilarrasa.com\/#website","url":"https:\/\/vilarrasa.com\/","name":"Vilarrasa","description":"Hilos reciclados de alta calidad","publisher":{"@id":"https:\/\/vilarrasa.com\/#organization"},"potentialAction":[{"@type":"SearchAction","target":{"@type":"EntryPoint","urlTemplate":"https:\/\/vilarrasa.com\/?s={search_term_string}"},"query-input":"required name=search_term_string"}],"inLanguage":"ca"},{"@type":"WebPage","@id":"https:\/\/vilarrasa.com\/ca\/politica-de-cookies\/#webpage","url":"https:\/\/vilarrasa.com\/ca\/politica-de-cookies\/","name":"Pol\u00edtica de cookies - Vilarrasa","isPartOf":{"@id":"https:\/\/vilarrasa.com\/#website"},"datePublished":"2021-09-22T11:28:04+00:00","dateModified":"2021-09-24T07:11:06+00:00","breadcrumb":{"@id":"https:\/\/vilarrasa.com\/ca\/politica-de-cookies\/#breadcrumb"},"inLanguage":"ca","potentialAction":[{"@type":"ReadAction","target":["https:\/\/vilarrasa.com\/ca\/politica-de-cookies\/"]}]},{"@type":"BreadcrumbList","@id":"https:\/\/vilarrasa.com\/ca\/politica-de-cookies\/#breadcrumb","itemListElement":[{"@type":"ListItem","position":1,"name":"Home","item":"https:\/\/vilarrasa.com\/"},{"@type":"ListItem","position":2,"name":"Pol\u00edtica de cookies"}]}]}},"_links":{"self":[{"href":"https:\/\/vilarrasa.com\/ca\/wp-json\/wp\/v2\/pages\/1468"}],"collection":[{"href":"https:\/\/vilarrasa.com\/ca\/wp-json\/wp\/v2\/pages"}],"about":[{"href":"https:\/\/vilarrasa.com\/ca\/wp-json\/wp\/v2\/types\/page"}],"author":[{"embeddable":true,"href":"https:\/\/vilarrasa.com\/ca\/wp-json\/wp\/v2\/users\/1"}],"replies":[{"embeddable":true,"href":"https:\/\/vilarrasa.com\/ca\/wp-json\/wp\/v2\/comments?post=1468"}],"version-history":[{"count":2,"href":"https:\/\/vilarrasa.com\/ca\/wp-json\/wp\/v2\/pages\/1468\/revisions"}],"predecessor-version":[{"id":1614,"href":"https:\/\/vilarrasa.com\/ca\/wp-json\/wp\/v2\/pages\/1468\/revisions\/1614"}],"wp:attachment":[{"href":"https:\/\/vilarrasa.com\/ca\/wp-json\/wp\/v2\/media?parent=1468"}],"curies":[{"name":"wp","href":"https:\/\/api.w.org\/{rel}","templated":true}]}}