{"id":2796,"date":"2022-12-01T15:42:56","date_gmt":"2022-12-01T14:42:56","guid":{"rendered":"https:\/\/vilarrasa.com\/blog\/"},"modified":"2023-06-23T16:14:04","modified_gmt":"2023-06-23T14:14:04","slug":"blog","status":"publish","type":"page","link":"https:\/\/vilarrasa.com\/ca\/blog\/","title":{"rendered":"Not\u00edcies"},"content":{"rendered":"\t\t<div data-elementor-type=\"wp-page\" data-elementor-id=\"2796\" class=\"elementor elementor-2796 elementor-2666\" data-elementor-settings=\"[]\">\n\t\t\t\t\t\t<div class=\"elementor-inner\">\n\t\t\t\t\t\t\t<div class=\"elementor-section-wrap\">\n\t\t\t\t\t\t\t<section class=\"elementor-section elementor-top-section elementor-element elementor-element-f45ec80 elementor-section-boxed elementor-section-height-default elementor-section-height-default\" data-id=\"f45ec80\" data-element_type=\"section\" data-settings=\"{&quot;background_background&quot;:&quot;classic&quot;}\">\n\t\t\t\t\t\t\t<div class=\"elementor-background-overlay\"><\/div>\n\t\t\t\t\t\t\t<div class=\"elementor-container elementor-column-gap-default\">\n\t\t\t\t\t\t\t<div class=\"elementor-row\">\n\t\t\t\t\t<div class=\"elementor-column elementor-col-100 elementor-top-column elementor-element elementor-element-eb82e8f\" data-id=\"eb82e8f\" data-element_type=\"column\">\n\t\t\t<div class=\"elementor-column-wrap elementor-element-populated\">\n\t\t\t\t\t\t\t<div class=\"elementor-widget-wrap\">\n\t\t\t\t\t\t<div class=\"elementor-element elementor-element-003abdd elementor-widget elementor-widget-heading\" data-id=\"003abdd\" data-element_type=\"widget\" data-widget_type=\"heading.default\">\n\t\t\t\t<div class=\"elementor-widget-container\">\n\t\t\t<h1 class=\"elementor-heading-title elementor-size-default\">Not\u00edcies i blog<\/h1>\t\t<\/div>\n\t\t\t\t<\/div>\n\t\t\t\t<div class=\"elementor-element elementor-element-4cfbd0a elementor-widget elementor-widget-text-editor\" data-id=\"4cfbd0a\" data-element_type=\"widget\" data-widget_type=\"text-editor.default\">\n\t\t\t\t<div class=\"elementor-widget-container\">\n\t\t\t\t\t\t\t\t<div class=\"elementor-text-editor elementor-clearfix\">\n\t\t\t\t<p>Articles, actualitzacions i novetats sobre tot el que envolta el m\u00f3n del fil reciclat<br \/>\npre-consumer, post-industrial, post-consumer i les noves tend\u00e8ncies al sector t\u00e8xtil.<\/p>\n\t\t\t\t\t<\/div>\n\t\t\t\t\t\t<\/div>\n\t\t\t\t<\/div>\n\t\t\t\t\t\t<\/div>\n\t\t\t\t\t<\/div>\n\t\t<\/div>\n\t\t\t\t\t\t\t\t<\/div>\n\t\t\t\t\t<\/div>\n\t\t<\/section>\n\t\t\t\t<section class=\"elementor-section elementor-top-section elementor-element elementor-element-f780a2c elementor-section-boxed elementor-section-height-default elementor-section-height-default\" data-id=\"f780a2c\" data-element_type=\"section\">\n\t\t\t\t\t\t<div class=\"elementor-container elementor-column-gap-default\">\n\t\t\t\t\t\t\t<div class=\"elementor-row\">\n\t\t\t\t\t<div class=\"elementor-column elementor-col-100 elementor-top-column elementor-element elementor-element-18a91d5\" data-id=\"18a91d5\" data-element_type=\"column\">\n\t\t\t<div class=\"elementor-column-wrap elementor-element-populated\">\n\t\t\t\t\t\t\t<div class=\"elementor-widget-wrap\">\n\t\t\t\t\t\t<div class=\"elementor-element elementor-element-879d617 elementor-grid-2 elementor-grid-tablet-2 elementor-grid-mobile-1 elementor-posts--thumbnail-top elementor-posts__hover-gradient elementor-widget elementor-widget-posts\" data-id=\"879d617\" data-element_type=\"widget\" data-settings=\"{&quot;cards_columns&quot;:&quot;2&quot;,&quot;pagination_type&quot;:&quot;numbers_and_prev_next&quot;,&quot;cards_row_gap&quot;:{&quot;unit&quot;:&quot;px&quot;,&quot;size&quot;:50,&quot;sizes&quot;:[]},&quot;cards_columns_tablet&quot;:&quot;2&quot;,&quot;cards_columns_mobile&quot;:&quot;1&quot;}\" data-widget_type=\"posts.cards\">\n\t\t\t\t<div class=\"elementor-widget-container\">\n\t\t\t\t\t<div class=\"elementor-posts-container elementor-posts elementor-posts--skin-cards elementor-grid\">\n\t\t\t\t<article class=\"elementor-post elementor-grid-item post-6841 post type-post status-publish format-standard has-post-thumbnail hentry category-fil-reciclat tag-fil-reciclar\">\n\t\t\t<div class=\"elementor-post__card\">\n\t\t\t\t<a class=\"elementor-post__thumbnail__link\" href=\"https:\/\/vilarrasa.com\/ca\/el-fil-de-lli-esta-en-auge\/\" >\n\t\t\t<div class=\"elementor-post__thumbnail\"><img width=\"4174\" height=\"2783\" src=\"https:\/\/vilarrasa.com\/wp-content\/uploads\/2023\/10\/linen-pic.png\" class=\"attachment-full size-full\" alt=\"\" loading=\"lazy\" srcset=\"https:\/\/vilarrasa.com\/wp-content\/uploads\/2023\/10\/linen-pic.png 4174w, https:\/\/vilarrasa.com\/wp-content\/uploads\/2023\/10\/linen-pic-300x200.png 300w, https:\/\/vilarrasa.com\/wp-content\/uploads\/2023\/10\/linen-pic-1024x683.png 1024w, https:\/\/vilarrasa.com\/wp-content\/uploads\/2023\/10\/linen-pic-768x512.png 768w, https:\/\/vilarrasa.com\/wp-content\/uploads\/2023\/10\/linen-pic-1536x1024.png 1536w, https:\/\/vilarrasa.com\/wp-content\/uploads\/2023\/10\/linen-pic-2048x1365.png 2048w, https:\/\/vilarrasa.com\/wp-content\/uploads\/2023\/10\/linen-pic-930x620.png 930w\" sizes=\"(max-width: 4174px) 100vw, 4174px\" \/><\/div>\n\t\t<\/a>\n\t\t\t\t<div class=\"elementor-post__badge\">Fil reciclat<\/div>\n\t\t\t\t<div class=\"elementor-post__text\">\n\t\t\t\t<h2 class=\"elementor-post__title\">\n\t\t\t<a href=\"https:\/\/vilarrasa.com\/ca\/el-fil-de-lli-esta-en-auge\/\" >\n\t\t\t\tEl fil de lli est\u00e0 en auge\t\t\t<\/a>\n\t\t<\/h2>\n\t\t\t\t<\/div>\n\t\t\t\t<div class=\"elementor-post__meta-data\">\n\t\t\t\t\t<span class=\"elementor-post-date\">\n\t\t\t3 d'abril de 2024\t\t<\/span>\n\t\t\t\t<\/div>\n\t\t\t\t\t<\/div>\n\t\t<\/article>\n\t\t\t\t<article class=\"elementor-post elementor-grid-item post-7437 post type-post status-publish format-standard has-post-thumbnail hentry category-tendencies\">\n\t\t\t<div class=\"elementor-post__card\">\n\t\t\t\t<a class=\"elementor-post__thumbnail__link\" href=\"https:\/\/vilarrasa.com\/ca\/els-colors-tardor-hivern-24-25\/\" >\n\t\t\t<div class=\"elementor-post__thumbnail\"><img width=\"612\" height=\"339\" src=\"https:\/\/vilarrasa.com\/wp-content\/uploads\/2023\/12\/foto-2.png\" class=\"attachment-full size-full\" alt=\"\" loading=\"lazy\" srcset=\"https:\/\/vilarrasa.com\/wp-content\/uploads\/2023\/12\/foto-2.png 612w, https:\/\/vilarrasa.com\/wp-content\/uploads\/2023\/12\/foto-2-300x166.png 300w\" sizes=\"(max-width: 612px) 100vw, 612px\" \/><\/div>\n\t\t<\/a>\n\t\t\t\t<div class=\"elementor-post__badge\">tend\u00e8ncies<\/div>\n\t\t\t\t<div class=\"elementor-post__text\">\n\t\t\t\t<h2 class=\"elementor-post__title\">\n\t\t\t<a href=\"https:\/\/vilarrasa.com\/ca\/els-colors-tardor-hivern-24-25\/\" >\n\t\t\t\tEls colors tardor-hivern 24-25\t\t\t<\/a>\n\t\t<\/h2>\n\t\t\t\t<\/div>\n\t\t\t\t<div class=\"elementor-post__meta-data\">\n\t\t\t\t\t<span class=\"elementor-post-date\">\n\t\t\t3 de gener de 2024\t\t<\/span>\n\t\t\t\t<\/div>\n\t\t\t\t\t<\/div>\n\t\t<\/article>\n\t\t\t\t<article class=\"elementor-post elementor-grid-item post-6785 post type-post status-publish format-standard has-post-thumbnail hentry category-collaboracions\">\n\t\t\t<div class=\"elementor-post__card\">\n\t\t\t\t<a class=\"elementor-post__thumbnail__link\" href=\"https:\/\/vilarrasa.com\/ca\/recovo-x-vilarrasa-units-per-impulsar-la-industria-del-reciclatge-textil\/\" >\n\t\t\t<div class=\"elementor-post__thumbnail\"><img width=\"930\" height=\"600\" src=\"https:\/\/vilarrasa.com\/wp-content\/uploads\/2023\/08\/recovoxvilarrasa.jpg\" class=\"attachment-full size-full\" alt=\"\" loading=\"lazy\" srcset=\"https:\/\/vilarrasa.com\/wp-content\/uploads\/2023\/08\/recovoxvilarrasa.jpg 930w, https:\/\/vilarrasa.com\/wp-content\/uploads\/2023\/08\/recovoxvilarrasa-300x194.jpg 300w, https:\/\/vilarrasa.com\/wp-content\/uploads\/2023\/08\/recovoxvilarrasa-768x495.jpg 768w\" sizes=\"(max-width: 930px) 100vw, 930px\" \/><\/div>\n\t\t<\/a>\n\t\t\t\t<div class=\"elementor-post__badge\">Col\u00b7laboracions<\/div>\n\t\t\t\t<div class=\"elementor-post__text\">\n\t\t\t\t<h2 class=\"elementor-post__title\">\n\t\t\t<a href=\"https:\/\/vilarrasa.com\/ca\/recovo-x-vilarrasa-units-per-impulsar-la-industria-del-reciclatge-textil\/\" >\n\t\t\t\tRecovo x Vilarrasa, units per impulsar la ind\u00fastria del reciclatge t\u00e8xtil\t\t\t<\/a>\n\t\t<\/h2>\n\t\t\t\t<\/div>\n\t\t\t\t<div class=\"elementor-post__meta-data\">\n\t\t\t\t\t<span class=\"elementor-post-date\">\n\t\t\t30 d'octubre de 2023\t\t<\/span>\n\t\t\t\t<\/div>\n\t\t\t\t\t<\/div>\n\t\t<\/article>\n\t\t\t\t<article class=\"elementor-post elementor-grid-item post-6884 post type-post status-publish format-standard has-post-thumbnail hentry category-post-consumer-ca\">\n\t\t\t<div class=\"elementor-post__card\">\n\t\t\t\t<a class=\"elementor-post__thumbnail__link\" href=\"https:\/\/vilarrasa.com\/ca\/reptes-per-aconseguir-la-circularitat-en-la-industria-textil\/\" >\n\t\t\t<div class=\"elementor-post__thumbnail\"><img width=\"5877\" height=\"3918\" src=\"https:\/\/vilarrasa.com\/wp-content\/uploads\/2023\/10\/Materia-Sorema.png\" class=\"attachment-full size-full\" alt=\"\" loading=\"lazy\" srcset=\"https:\/\/vilarrasa.com\/wp-content\/uploads\/2023\/10\/Materia-Sorema.png 5877w, https:\/\/vilarrasa.com\/wp-content\/uploads\/2023\/10\/Materia-Sorema-300x200.png 300w, https:\/\/vilarrasa.com\/wp-content\/uploads\/2023\/10\/Materia-Sorema-1024x683.png 1024w, https:\/\/vilarrasa.com\/wp-content\/uploads\/2023\/10\/Materia-Sorema-768x512.png 768w, https:\/\/vilarrasa.com\/wp-content\/uploads\/2023\/10\/Materia-Sorema-1536x1024.png 1536w, https:\/\/vilarrasa.com\/wp-content\/uploads\/2023\/10\/Materia-Sorema-2048x1365.png 2048w, https:\/\/vilarrasa.com\/wp-content\/uploads\/2023\/10\/Materia-Sorema-930x620.png 930w\" sizes=\"(max-width: 5877px) 100vw, 5877px\" \/><\/div>\n\t\t<\/a>\n\t\t\t\t<div class=\"elementor-post__badge\">Post-consumer<\/div>\n\t\t\t\t<div class=\"elementor-post__text\">\n\t\t\t\t<h2 class=\"elementor-post__title\">\n\t\t\t<a href=\"https:\/\/vilarrasa.com\/ca\/reptes-per-aconseguir-la-circularitat-en-la-industria-textil\/\" >\n\t\t\t\tReptes per aconseguir la circularitat en la ind\u00fastria t\u00e8xtil\t\t\t<\/a>\n\t\t<\/h2>\n\t\t\t\t<\/div>\n\t\t\t\t<div class=\"elementor-post__meta-data\">\n\t\t\t\t\t<span class=\"elementor-post-date\">\n\t\t\t11 d'octubre de 2023\t\t<\/span>\n\t\t\t\t<\/div>\n\t\t\t\t\t<\/div>\n\t\t<\/article>\n\t\t\t\t<article class=\"elementor-post elementor-grid-item post-6851 post type-post status-publish format-standard has-post-thumbnail hentry category-post-consumer-ca\">\n\t\t\t<div class=\"elementor-post__card\">\n\t\t\t\t<a class=\"elementor-post__thumbnail__link\" href=\"https:\/\/vilarrasa.com\/ca\/respin-denim-ajuda-a-les-marques-a-tancar-el-cercle\/\" >\n\t\t\t<div class=\"elementor-post__thumbnail\"><img width=\"1252\" height=\"630\" src=\"https:\/\/vilarrasa.com\/wp-content\/uploads\/2023\/09\/denim-fiber-1.png\" class=\"attachment-full size-full\" alt=\"\" loading=\"lazy\" srcset=\"https:\/\/vilarrasa.com\/wp-content\/uploads\/2023\/09\/denim-fiber-1.png 1252w, https:\/\/vilarrasa.com\/wp-content\/uploads\/2023\/09\/denim-fiber-1-300x151.png 300w, https:\/\/vilarrasa.com\/wp-content\/uploads\/2023\/09\/denim-fiber-1-1024x515.png 1024w, https:\/\/vilarrasa.com\/wp-content\/uploads\/2023\/09\/denim-fiber-1-768x386.png 768w\" sizes=\"(max-width: 1252px) 100vw, 1252px\" \/><\/div>\n\t\t<\/a>\n\t\t\t\t<div class=\"elementor-post__badge\">Post-consumer<\/div>\n\t\t\t\t<div class=\"elementor-post__text\">\n\t\t\t\t<h2 class=\"elementor-post__title\">\n\t\t\t<a href=\"https:\/\/vilarrasa.com\/ca\/respin-denim-ajuda-a-les-marques-a-tancar-el-cercle\/\" >\n\t\t\t\tRESPIN Denim, ajuda a les marques a &#8220;tancar el cercle&#8221;\t\t\t<\/a>\n\t\t<\/h2>\n\t\t\t\t<\/div>\n\t\t\t\t<div class=\"elementor-post__meta-data\">\n\t\t\t\t\t<span class=\"elementor-post-date\">\n\t\t\t9 d'octubre de 2023\t\t<\/span>\n\t\t\t\t<\/div>\n\t\t\t\t\t<\/div>\n\t\t<\/article>\n\t\t\t\t<article class=\"elementor-post elementor-grid-item post-6819 post type-post status-publish format-standard has-post-thumbnail hentry category-fil-reciclat\">\n\t\t\t<div class=\"elementor-post__card\">\n\t\t\t\t<a class=\"elementor-post__thumbnail__link\" href=\"https:\/\/vilarrasa.com\/ca\/minimitzant-la-petjada-ecologica-del-fil-reciclat-5-formes-efectives\/\" >\n\t\t\t<div class=\"elementor-post__thumbnail\"><img width=\"930\" height=\"600\" src=\"https:\/\/vilarrasa.com\/wp-content\/uploads\/2023\/08\/Imatges-destacades-blog-1.jpg\" class=\"attachment-full size-full\" alt=\"\" loading=\"lazy\" srcset=\"https:\/\/vilarrasa.com\/wp-content\/uploads\/2023\/08\/Imatges-destacades-blog-1.jpg 930w, https:\/\/vilarrasa.com\/wp-content\/uploads\/2023\/08\/Imatges-destacades-blog-1-300x194.jpg 300w, https:\/\/vilarrasa.com\/wp-content\/uploads\/2023\/08\/Imatges-destacades-blog-1-768x495.jpg 768w\" sizes=\"(max-width: 930px) 100vw, 930px\" \/><\/div>\n\t\t<\/a>\n\t\t\t\t<div class=\"elementor-post__badge\">Fil reciclat<\/div>\n\t\t\t\t<div class=\"elementor-post__text\">\n\t\t\t\t<h2 class=\"elementor-post__title\">\n\t\t\t<a href=\"https:\/\/vilarrasa.com\/ca\/minimitzant-la-petjada-ecologica-del-fil-reciclat-5-formes-efectives\/\" >\n\t\t\t\tMinimitzant la petjada ecol\u00f2gica del fil reciclat: 5 formes efectives\t\t\t<\/a>\n\t\t<\/h2>\n\t\t\t\t<\/div>\n\t\t\t\t<div class=\"elementor-post__meta-data\">\n\t\t\t\t\t<span class=\"elementor-post-date\">\n\t\t\t31 d'agost de 2023\t\t<\/span>\n\t\t\t\t<\/div>\n\t\t\t\t\t<\/div>\n\t\t<\/article>\n\t\t\t\t<\/div>\n\n\n\t\t\n\t\t\t\t<div class=\"e-load-more-anchor\" data-page=\"1\" data-max-page=\"8\"><\/div>\n\t\t\t\t<nav class=\"elementor-pagination\" role=\"navigation\" aria-label=\"Paginaci\u00f3\">\n\t\t\t<span class=\"page-numbers prev\">&laquo; Anterior<\/span>\n<span aria-current=\"page\" class=\"page-numbers current\"><span class=\"elementor-screen-only\">P\u00e0gina<\/span>1<\/span>\n<a class=\"page-numbers\" href=\"https:\/\/vilarrasa.com\/ca\/wp-json\/wp\/v2\/pages\/2796\/page\/2\/\"><span class=\"elementor-screen-only\">P\u00e0gina<\/span>2<\/a>\n<a class=\"page-numbers\" href=\"https:\/\/vilarrasa.com\/ca\/wp-json\/wp\/v2\/pages\/2796\/page\/3\/\"><span class=\"elementor-screen-only\">P\u00e0gina<\/span>3<\/a>\n<a class=\"page-numbers\" href=\"https:\/\/vilarrasa.com\/ca\/wp-json\/wp\/v2\/pages\/2796\/page\/4\/\"><span class=\"elementor-screen-only\">P\u00e0gina<\/span>4<\/a>\n<a class=\"page-numbers\" href=\"https:\/\/vilarrasa.com\/ca\/wp-json\/wp\/v2\/pages\/2796\/page\/5\/\"><span class=\"elementor-screen-only\">P\u00e0gina<\/span>5<\/a>\n<a class=\"page-numbers\" href=\"https:\/\/vilarrasa.com\/ca\/wp-json\/wp\/v2\/pages\/2796\/page\/6\/\"><span class=\"elementor-screen-only\">P\u00e0gina<\/span>6<\/a>\n<a class=\"page-numbers\" href=\"https:\/\/vilarrasa.com\/ca\/wp-json\/wp\/v2\/pages\/2796\/page\/7\/\"><span class=\"elementor-screen-only\">P\u00e0gina<\/span>7<\/a>\n<a class=\"page-numbers\" href=\"https:\/\/vilarrasa.com\/ca\/wp-json\/wp\/v2\/pages\/2796\/page\/8\/\"><span class=\"elementor-screen-only\">P\u00e0gina<\/span>8<\/a>\n<a class=\"page-numbers next\" href=\"https:\/\/vilarrasa.com\/ca\/wp-json\/wp\/v2\/pages\/2796\/page\/2\/\">Seg\u00fcent &raquo;<\/a>\t\t<\/nav>\n\t\t\t\t<\/div>\n\t\t\t\t<\/div>\n\t\t\t\t\t\t<\/div>\n\t\t\t\t\t<\/div>\n\t\t<\/div>\n\t\t\t\t\t\t\t\t<\/div>\n\t\t\t\t\t<\/div>\n\t\t<\/section>\n\t\t\t\t\t\t<\/div>\n\t\t\t\t\t\t<\/div>\n\t\t\t\t\t<\/div>\n\t\t","protected":false},"excerpt":{"rendered":"<p>Not\u00edcies i blog Articles, actualitzacions i novetats sobre tot el que envolta el m\u00f3n del fil reciclat pre-consumer, post-industrial, post-consumer i les noves tend\u00e8ncies al<\/p>\n","protected":false},"author":8,"featured_media":0,"parent":0,"menu_order":0,"comment_status":"closed","ping_status":"closed","template":"page-templates\/template-pagebuilder-full-width.php","meta":{"content-type":"","neve_meta_sidebar":"full-width","neve_meta_container":"","neve_meta_enable_content_width":"on","neve_meta_content_width":100,"neve_meta_title_alignment":"","neve_meta_author_avatar":"","neve_post_elements_order":"","neve_meta_disable_header":"","neve_meta_disable_footer":"","neve_meta_disable_title":"","neve_meta_reading_time":""},"yoast_head":"<!-- This site is optimized with the Yoast SEO plugin v18.8 - https:\/\/yoast.com\/wordpress\/plugins\/seo\/ -->\n<title>Not\u00edcies - Vilarrasa<\/title>\n<meta name=\"robots\" content=\"index, follow, max-snippet:-1, max-image-preview:large, max-video-preview:-1\" \/>\n<link rel=\"canonical\" href=\"https:\/\/vilarrasa.com\/blog\/\" \/>\n<meta property=\"og:locale\" content=\"ca_ES\" \/>\n<meta property=\"og:type\" content=\"article\" \/>\n<meta property=\"og:title\" content=\"Not\u00edcies - Vilarrasa\" \/>\n<meta property=\"og:description\" content=\"Not\u00edcies i blog Articles, actualitzacions i novetats sobre tot el que envolta el m\u00f3n del fil reciclat pre-consumer, post-industrial, post-consumer i les noves tend\u00e8ncies al\" \/>\n<meta property=\"og:url\" content=\"https:\/\/vilarrasa.com\/blog\/\" \/>\n<meta property=\"og:site_name\" content=\"Vilarrasa\" \/>\n<meta property=\"article:modified_time\" content=\"2023-06-23T14:14:04+00:00\" \/>\n<meta name=\"twitter:card\" content=\"summary_large_image\" \/>\n<script type=\"application\/ld+json\" class=\"yoast-schema-graph\">{\"@context\":\"https:\/\/schema.org\",\"@graph\":[{\"@type\":\"Organization\",\"@id\":\"https:\/\/vilarrasa.com\/#organization\",\"name\":\"S.Vilarrasa\",\"url\":\"https:\/\/vilarrasa.com\/\",\"sameAs\":[],\"logo\":{\"@type\":\"ImageObject\",\"inLanguage\":\"ca\",\"@id\":\"https:\/\/vilarrasa.com\/#\/schema\/logo\/image\/\",\"url\":\"https:\/\/vilarrasa.com\/wp-content\/uploads\/2020\/06\/logo_vilarr.png\",\"contentUrl\":\"https:\/\/vilarrasa.com\/wp-content\/uploads\/2020\/06\/logo_vilarr.png\",\"width\":885,\"height\":206,\"caption\":\"S.Vilarrasa\"},\"image\":{\"@id\":\"https:\/\/vilarrasa.com\/#\/schema\/logo\/image\/\"}},{\"@type\":\"WebSite\",\"@id\":\"https:\/\/vilarrasa.com\/#website\",\"url\":\"https:\/\/vilarrasa.com\/\",\"name\":\"Vilarrasa\",\"description\":\"Hilos reciclados de alta calidad\",\"publisher\":{\"@id\":\"https:\/\/vilarrasa.com\/#organization\"},\"potentialAction\":[{\"@type\":\"SearchAction\",\"target\":{\"@type\":\"EntryPoint\",\"urlTemplate\":\"https:\/\/vilarrasa.com\/?s={search_term_string}\"},\"query-input\":\"required name=search_term_string\"}],\"inLanguage\":\"ca\"},{\"@type\":\"WebPage\",\"@id\":\"https:\/\/vilarrasa.com\/blog\/#webpage\",\"url\":\"https:\/\/vilarrasa.com\/blog\/\",\"name\":\"Not\u00edcies - Vilarrasa\",\"isPartOf\":{\"@id\":\"https:\/\/vilarrasa.com\/#website\"},\"datePublished\":\"2022-12-01T14:42:56+00:00\",\"dateModified\":\"2023-06-23T14:14:04+00:00\",\"breadcrumb\":{\"@id\":\"https:\/\/vilarrasa.com\/blog\/#breadcrumb\"},\"inLanguage\":\"ca\",\"potentialAction\":[{\"@type\":\"ReadAction\",\"target\":[\"https:\/\/vilarrasa.com\/blog\/\"]}]},{\"@type\":\"BreadcrumbList\",\"@id\":\"https:\/\/vilarrasa.com\/blog\/#breadcrumb\",\"itemListElement\":[{\"@type\":\"ListItem\",\"position\":1,\"name\":\"Home\",\"item\":\"https:\/\/vilarrasa.com\/\"},{\"@type\":\"ListItem\",\"position\":2,\"name\":\"Not\u00edcies\"}]}]}<\/script>\n<!-- \/ Yoast SEO plugin. -->","yoast_head_json":{"title":"Not\u00edcies - Vilarrasa","robots":{"index":"index","follow":"follow","max-snippet":"max-snippet:-1","max-image-preview":"max-image-preview:large","max-video-preview":"max-video-preview:-1"},"canonical":"https:\/\/vilarrasa.com\/blog\/","og_locale":"ca_ES","og_type":"article","og_title":"Not\u00edcies - Vilarrasa","og_description":"Not\u00edcies i blog Articles, actualitzacions i novetats sobre tot el que envolta el m\u00f3n del fil reciclat pre-consumer, post-industrial, post-consumer i les noves tend\u00e8ncies al","og_url":"https:\/\/vilarrasa.com\/blog\/","og_site_name":"Vilarrasa","article_modified_time":"2023-06-23T14:14:04+00:00","twitter_card":"summary_large_image","schema":{"@context":"https:\/\/schema.org","@graph":[{"@type":"Organization","@id":"https:\/\/vilarrasa.com\/#organization","name":"S.Vilarrasa","url":"https:\/\/vilarrasa.com\/","sameAs":[],"logo":{"@type":"ImageObject","inLanguage":"ca","@id":"https:\/\/vilarrasa.com\/#\/schema\/logo\/image\/","url":"https:\/\/vilarrasa.com\/wp-content\/uploads\/2020\/06\/logo_vilarr.png","contentUrl":"https:\/\/vilarrasa.com\/wp-content\/uploads\/2020\/06\/logo_vilarr.png","width":885,"height":206,"caption":"S.Vilarrasa"},"image":{"@id":"https:\/\/vilarrasa.com\/#\/schema\/logo\/image\/"}},{"@type":"WebSite","@id":"https:\/\/vilarrasa.com\/#website","url":"https:\/\/vilarrasa.com\/","name":"Vilarrasa","description":"Hilos reciclados de alta calidad","publisher":{"@id":"https:\/\/vilarrasa.com\/#organization"},"potentialAction":[{"@type":"SearchAction","target":{"@type":"EntryPoint","urlTemplate":"https:\/\/vilarrasa.com\/?s={search_term_string}"},"query-input":"required name=search_term_string"}],"inLanguage":"ca"},{"@type":"WebPage","@id":"https:\/\/vilarrasa.com\/blog\/#webpage","url":"https:\/\/vilarrasa.com\/blog\/","name":"Not\u00edcies - Vilarrasa","isPartOf":{"@id":"https:\/\/vilarrasa.com\/#website"},"datePublished":"2022-12-01T14:42:56+00:00","dateModified":"2023-06-23T14:14:04+00:00","breadcrumb":{"@id":"https:\/\/vilarrasa.com\/blog\/#breadcrumb"},"inLanguage":"ca","potentialAction":[{"@type":"ReadAction","target":["https:\/\/vilarrasa.com\/blog\/"]}]},{"@type":"BreadcrumbList","@id":"https:\/\/vilarrasa.com\/blog\/#breadcrumb","itemListElement":[{"@type":"ListItem","position":1,"name":"Home","item":"https:\/\/vilarrasa.com\/"},{"@type":"ListItem","position":2,"name":"Not\u00edcies"}]}]}},"_links":{"self":[{"href":"https:\/\/vilarrasa.com\/ca\/wp-json\/wp\/v2\/pages\/2796"}],"collection":[{"href":"https:\/\/vilarrasa.com\/ca\/wp-json\/wp\/v2\/pages"}],"about":[{"href":"https:\/\/vilarrasa.com\/ca\/wp-json\/wp\/v2\/types\/page"}],"author":[{"embeddable":true,"href":"https:\/\/vilarrasa.com\/ca\/wp-json\/wp\/v2\/users\/8"}],"replies":[{"embeddable":true,"href":"https:\/\/vilarrasa.com\/ca\/wp-json\/wp\/v2\/comments?post=2796"}],"version-history":[{"count":8,"href":"https:\/\/vilarrasa.com\/ca\/wp-json\/wp\/v2\/pages\/2796\/revisions"}],"predecessor-version":[{"id":6358,"href":"https:\/\/vilarrasa.com\/ca\/wp-json\/wp\/v2\/pages\/2796\/revisions\/6358"}],"wp:attachment":[{"href":"https:\/\/vilarrasa.com\/ca\/wp-json\/wp\/v2\/media?parent=2796"}],"curies":[{"name":"wp","href":"https:\/\/api.w.org\/{rel}","templated":true}]}}