{"id":5377,"date":"2023-03-13T13:08:54","date_gmt":"2023-03-13T12:08:54","guid":{"rendered":"https:\/\/vilarrasa.com\/sostenibilitat-2\/"},"modified":"2023-03-13T13:08:54","modified_gmt":"2023-03-13T12:08:54","slug":"sostenibilitat-2","status":"publish","type":"page","link":"https:\/\/vilarrasa.com\/ca\/sostenibilitat-2\/","title":{"rendered":"Sostenibilitat"},"content":{"rendered":"\t\t<div data-elementor-type=\"wp-page\" data-elementor-id=\"5377\" class=\"elementor elementor-5377 elementor-5360\" data-elementor-settings=\"[]\">\n\t\t\t\t\t\t<div class=\"elementor-inner\">\n\t\t\t\t\t\t\t<div class=\"elementor-section-wrap\">\n\t\t\t\t\t\t\t<section class=\"elementor-section elementor-top-section elementor-element elementor-element-84e582a elementor-section-content-middle animated-slow elementor-reverse-mobile elementor-reverse-tablet elementor-section-boxed elementor-section-height-default elementor-section-height-default elementor-invisible\" data-id=\"84e582a\" data-element_type=\"section\" data-settings=\"{&quot;animation&quot;:&quot;fadeInUp&quot;,&quot;background_background&quot;:&quot;classic&quot;}\">\n\t\t\t\t\t\t\t<div class=\"elementor-background-overlay\"><\/div>\n\t\t\t\t\t\t\t<div class=\"elementor-container elementor-column-gap-no\">\n\t\t\t\t\t\t\t<div class=\"elementor-row\">\n\t\t\t\t\t<div class=\"elementor-column elementor-col-50 elementor-top-column elementor-element elementor-element-2366422\" data-id=\"2366422\" data-element_type=\"column\">\n\t\t\t<div class=\"elementor-column-wrap elementor-element-populated\">\n\t\t\t\t\t\t\t<div class=\"elementor-widget-wrap\">\n\t\t\t\t\t\t<div class=\"elementor-element elementor-element-16762d6 elementor-widget elementor-widget-image\" data-id=\"16762d6\" data-element_type=\"widget\" data-settings=\"{&quot;motion_fx_motion_fx_scrolling&quot;:&quot;yes&quot;,&quot;motion_fx_translateY_effect&quot;:&quot;yes&quot;,&quot;motion_fx_translateY_speed&quot;:{&quot;unit&quot;:&quot;px&quot;,&quot;size&quot;:1.1,&quot;sizes&quot;:[]},&quot;motion_fx_translateY_affectedRange&quot;:{&quot;unit&quot;:&quot;%&quot;,&quot;size&quot;:&quot;&quot;,&quot;sizes&quot;:{&quot;start&quot;:0,&quot;end&quot;:100}},&quot;motion_fx_devices&quot;:[&quot;desktop&quot;,&quot;tablet&quot;,&quot;mobile&quot;]}\" data-widget_type=\"image.default\">\n\t\t\t\t<div class=\"elementor-widget-container\">\n\t\t\t\t\t\t\t\t<div class=\"elementor-image\">\n\t\t\t\t\t\t\t\t\t\t\t\t<img width=\"1500\" height=\"1332\" src=\"https:\/\/vilarrasa.com\/wp-content\/uploads\/2021\/03\/sostenible2.jpg\" class=\"attachment-full size-full\" alt=\"sostenibilidad\" loading=\"lazy\" srcset=\"https:\/\/vilarrasa.com\/wp-content\/uploads\/2021\/03\/sostenible2.jpg 1500w, https:\/\/vilarrasa.com\/wp-content\/uploads\/2021\/03\/sostenible2-300x266.jpg 300w, https:\/\/vilarrasa.com\/wp-content\/uploads\/2021\/03\/sostenible2-1024x909.jpg 1024w, https:\/\/vilarrasa.com\/wp-content\/uploads\/2021\/03\/sostenible2-768x682.jpg 768w\" sizes=\"(max-width: 1500px) 100vw, 1500px\" \/>\t\t\t\t\t\t\t\t\t\t\t\t\t\t<\/div>\n\t\t\t\t\t\t<\/div>\n\t\t\t\t<\/div>\n\t\t\t\t\t\t<\/div>\n\t\t\t\t\t<\/div>\n\t\t<\/div>\n\t\t\t\t<div class=\"elementor-column elementor-col-50 elementor-top-column elementor-element elementor-element-a0d7a52\" data-id=\"a0d7a52\" data-element_type=\"column\">\n\t\t\t<div class=\"elementor-column-wrap elementor-element-populated\">\n\t\t\t\t\t\t\t<div class=\"elementor-widget-wrap\">\n\t\t\t\t\t\t<div class=\"elementor-element elementor-element-0d78457 elementor-widget elementor-widget-text-editor\" data-id=\"0d78457\" data-element_type=\"widget\" data-widget_type=\"text-editor.default\">\n\t\t\t\t<div class=\"elementor-widget-container\">\n\t\t\t\t\t\t\t\t<div class=\"elementor-text-editor elementor-clearfix\">\n\t\t\t\t<p>Economia circular<\/p>\n\t\t\t\t\t<\/div>\n\t\t\t\t\t\t<\/div>\n\t\t\t\t<\/div>\n\t\t\t\t<div class=\"elementor-element elementor-element-ff401aa elementor-widget elementor-widget-heading\" data-id=\"ff401aa\" data-element_type=\"widget\" data-widget_type=\"heading.default\">\n\t\t\t\t<div class=\"elementor-widget-container\">\n\t\t\t<h3 class=\"elementor-heading-title elementor-size-default\">Sostenibilitat<\/h3>\t\t<\/div>\n\t\t\t\t<\/div>\n\t\t\t\t<div class=\"elementor-element elementor-element-2065a3a elementor-widget-divider--view-line elementor-widget elementor-widget-divider\" data-id=\"2065a3a\" data-element_type=\"widget\" data-widget_type=\"divider.default\">\n\t\t\t\t<div class=\"elementor-widget-container\">\n\t\t\t\t\t<div class=\"elementor-divider\">\n\t\t\t<span class=\"elementor-divider-separator\">\n\t\t\t\t\t\t<\/span>\n\t\t<\/div>\n\t\t\t\t<\/div>\n\t\t\t\t<\/div>\n\t\t\t\t<div class=\"elementor-element elementor-element-6652ed7 elementor-widget elementor-widget-text-editor\" data-id=\"6652ed7\" data-element_type=\"widget\" data-widget_type=\"text-editor.default\">\n\t\t\t\t<div class=\"elementor-widget-container\">\n\t\t\t\t\t\t\t\t<div class=\"elementor-text-editor elementor-clearfix\">\n\t\t\t\t<p>M\u00e9s de 50 anys actuant de forma sostenible<br \/>\nfa que en S.Vilarrasa tinguem l\u2019h\u00e0bit de ser-ho.<\/p>\n\t\t\t\t\t<\/div>\n\t\t\t\t\t\t<\/div>\n\t\t\t\t<\/div>\n\t\t\t\t<div class=\"elementor-element elementor-element-abf1bbd elementor-icon-list--layout-traditional elementor-list-item-link-full_width elementor-widget elementor-widget-icon-list\" data-id=\"abf1bbd\" data-element_type=\"widget\" data-widget_type=\"icon-list.default\">\n\t\t\t\t<div class=\"elementor-widget-container\">\n\t\t\t\t\t<ul class=\"elementor-icon-list-items\">\n\t\t\t\t\t\t\t<li class=\"elementor-icon-list-item\">\n\t\t\t\t\t\t\t\t\t\t\t<span class=\"elementor-icon-list-icon\">\n\t\t\t\t\t\t\t<svg xmlns=\"http:\/\/www.w3.org\/2000\/svg\" viewBox=\"0 0 51.92 77\"><title>Recurso 15<\/title><g id=\"Capa_2\" data-name=\"Capa 2\"><g id=\"Capa_1-2\" data-name=\"Capa 1\"><path d=\"M25.82,0a.92.92,0,0,0-.53.28C12.22,14.89,0,32.22,0,48.13S11.59,77,26,77s26-13,26-28.87S39.7,14.89,26.63.29A.9.9,0,0,0,25.82,0ZM26,2.31C38.65,16.62,50.13,33.42,50.13,48.13c0,15-10.87,27.08-24.17,27.08S1.79,63.14,1.79,48.13C1.79,33.42,13.27,16.62,26,2.31ZM9,46.48a.9.9,0,0,0-.87.84C7.49,53.92,11,61.63,16,65.14a.91.91,0,0,0,1.27,0,.9.9,0,0,0,0-1.27.89.89,0,0,0-.22-.16c-4.31-3-7.68-10.37-7.14-16.19a.88.88,0,0,0-.77-1Z\"><\/path><\/g><\/g><\/svg>\t\t\t\t\t\t<\/span>\n\t\t\t\t\t\t\t\t\t\t<span class=\"elementor-icon-list-text\">Consumim un 55% menys d'aigua que en fabricacions de fil de cot\u00f3 verge.<\/span>\n\t\t\t\t\t\t\t\t\t<\/li>\n\t\t\t\t\t\t\t\t<li class=\"elementor-icon-list-item\">\n\t\t\t\t\t\t\t\t\t\t\t<span class=\"elementor-icon-list-icon\">\n\t\t\t\t\t\t\t<svg xmlns=\"http:\/\/www.w3.org\/2000\/svg\" xmlns:xlink=\"http:\/\/www.w3.org\/1999\/xlink\" id=\"Capa_1\" x=\"0px\" y=\"0px\" viewBox=\"0 0 51.9 77\" style=\"enable-background:new 0 0 51.9 77;\" xml:space=\"preserve\">\n<style type=\"text\/css\">\n\t.st0{clip-path:url(#SVGID_2_);}\n<\/style>\n<g>\n\t<g>\n\t\t<g>\n\t\t\t<defs>\n\t\t\t\t<rect id=\"SVGID_1_\" x=\"0.2\" y=\"-4\" width=\"64.5\" height=\"81\"><\/rect>\n\t\t\t<\/defs>\n\t\t\t<clipPath id=\"SVGID_2_\">\n\t\t\t\t<use xlink:href=\"#SVGID_1_\" style=\"overflow:visible;\"><\/use>\n\t\t\t<\/clipPath>\n\t\t\t<path class=\"st0\" d=\"M49,74.5H2.6V57.9L49,50.3V74.5z M51,47.9c-0.3-0.2-0.6-0.3-1-0.3l-8.9,1.5V29.5h-5.9v20.7l-5.4,0.9V29.5     h-5.9V52l-5.4,0.9V29.5h-5.9v24.3L1.3,55.7c-0.5,0.1-1,0.6-1,1.2v18.8c0,0.6,0.5,1.2,1.2,1.2h48.8c0.6,0,1.2-0.5,1.2-1.2V48.8     C51.4,48.5,51.2,48.1,51,47.9\"><\/path>\n\t\t<\/g>\n\t<\/g>\n<\/g>\n<rect x=\"28.8\" y=\"57.8\" width=\"4.1\" height=\"4.7\"><\/rect>\n<rect x=\"35.6\" y=\"57.8\" width=\"4\" height=\"4.7\"><\/rect>\n<rect x=\"42.4\" y=\"57.8\" width=\"4\" height=\"4.7\"><\/rect>\n<rect x=\"35.6\" y=\"65\" width=\"4\" height=\"4.7\"><\/rect>\n<rect x=\"42.4\" y=\"65\" width=\"4\" height=\"4.7\"><\/rect>\n<g>\n<\/g>\n<path d=\"M22.2,14.5c-0.6,0.3-1.8,0.6-3.4,0.6c-3.6,0-6.3-2.3-6.3-6.5c0-4,2.7-6.7,6.7-6.7c1.6,0,2.6,0.3,3,0.5l-0.4,1.4  c-0.6-0.3-1.5-0.5-2.6-0.5c-3,0-5,1.9-5,5.2c0,3.1,1.8,5.1,4.9,5.1c1,0,2-0.2,2.7-0.5L22.2,14.5z M28.8,15.1c-3.4,0-5.7-2.6-5.7-6.5  c0-4.1,2.5-6.7,5.9-6.7c3.5,0,5.8,2.7,5.8,6.5C34.7,12.8,32.1,15.1,28.8,15.1L28.8,15.1z M28.9,13.8c2.6,0,4.1-2.4,4.1-5.3  c0-2.5-1.3-5.2-4.1-5.2s-4.1,2.6-4.1,5.3C24.8,11.3,26.3,13.8,28.9,13.8L28.9,13.8z M35.9,21.2v-0.6l0.8-0.7  c1.8-1.7,2.7-2.7,2.7-3.7c0-0.7-0.3-1.4-1.4-1.4c-0.7,0-1.2,0.3-1.5,0.6l-0.3-0.7c0.5-0.4,1.2-0.7,2-0.7c1.5,0,2.2,1.1,2.2,2.1  c0,1.3-1,2.4-2.5,3.8l-0.6,0.5v0h3.2v0.8H35.9z\"><\/path>\n<path d=\"M16.5,13.9c0,0,1.3,0.6,0.8,2.4c-0.5,1.8-2.1,3.3-2.5,6.1c-0.4,2.7,0,8.4,0,8.4s0.5-8,1.8-10.3s5.8-4.7,5.5-6  S16.5,13.9,16.5,13.9z\"><\/path>\n<path d=\"M28.7,14.2c0,0,0.9,0.7,0.2,3.3c-0.2,0.9-3.3,13.5-3.2,13.9c0,0,0.7-0.8,1.5-4.4c1.5-7.2,6.6-14.7,6.6-14.7l-2.9,2.1  L28.7,14.2z\"><\/path>\n<path d=\"M35.9,20.6c0,0-0.8,1.6-0.3,4.5s2,7.2,2,7.2s-1.1-7.3-0.5-8.7c0.6-1.4,3.5-2.4,3.5-2.4l-1.3-0.3L35.9,20.6z\"><\/path>\n<\/svg>\t\t\t\t\t\t<\/span>\n\t\t\t\t\t\t\t\t\t\t<span class=\"elementor-icon-list-text\">Emetem un 35% menys de gasos d'efecte hivernacle i CO2 que en fabricacions de fil de cot\u00f3 verge.<\/span>\n\t\t\t\t\t\t\t\t\t<\/li>\n\t\t\t\t\t\t\t\t<li class=\"elementor-icon-list-item\">\n\t\t\t\t\t\t\t\t\t\t\t<span class=\"elementor-icon-list-icon\">\n\t\t\t\t\t\t\t<svg xmlns=\"http:\/\/www.w3.org\/2000\/svg\" xmlns:xlink=\"http:\/\/www.w3.org\/1999\/xlink\" id=\"Capa_1\" x=\"0px\" y=\"0px\" viewBox=\"0 0 51.9 77\" style=\"enable-background:new 0 0 51.9 77;\" xml:space=\"preserve\">\n<style type=\"text\/css\">\n\t.st0{stroke:#000000;stroke-width:0.6253;stroke-miterlimit:10;}\n<\/style>\n<g>\n\t<g>\n\t<\/g>\n\t<path class=\"st0\" d=\"M2.7,22.1v4.4H1.3c-0.4,0-0.8,0.4-0.8,0.8v42.9c0,0.4,0.3,0.8,0.8,0.8h22.6c0.4,0,0.8-0.3,0.8-0.8V27.1   c0-0.4-0.4-0.7-0.8-0.7c0,0,0,0,0,0h-1.5V22c0-0.4-0.4-0.8-0.8-0.8h-4.6v-8.1c0-0.4-0.3-0.8-0.8-0.8H8.8c-0.4,0-0.8,0.3-0.8,0.8   v8.1H3.5C3.1,21.3,2.7,21.6,2.7,22.1z M2,36.3H23v20.5H2V36.3z M23.2,69.4H2V58.3h21.1V69.4z M23.2,27.9v6.9H2v-6.9H23.2z    M9.6,13.9h6.1v7.4H9.6V13.9z M4.2,22.7H21v3.7H4.2V22.7z\"><\/path>\n\t<path class=\"st0\" d=\"M19.6,17.7l11.8,3.1l0.1,0.5c0.3,1.9,1.2,3.6,2.8,4.7c1.5,1.1,3.4,1.6,5.3,1.4c3.1-0.4,5.5-2.8,6-5.9l0.1-0.5   l0.5-0.1c1.6-0.3,3.1-1.2,4-2.5c1-1.3,1.3-3,1.1-4.6C50.9,11,48.7,9,46,8.6h-0.6L45.3,8c-0.4-1.8-1.5-3.4-3-4.4   c-1.2-0.8-2.5-1.1-3.8-1.1c-0.5,0-1,0.1-1.5,0.2c-3.5,0.7-5.9,4-5.5,7.6c0,0.4,0,0.7,0.1,1l0.1,0.6l-12.1,4.5   c-0.3,0.1-0.5,0.4-0.5,0.7C19.1,17.3,19.3,17.6,19.6,17.7z M35.8,11.7c0.3-0.3,0.4-0.7,0.1-1c-0.1-0.2-0.3-0.4-0.7-0.3l-2.5,0.9   l0-1.1c0-1.5,0.6-2.9,1.7-4c1.1-1,2.5-1.6,4-1.6c3.1,0.1,5.6,2.6,5.5,5.8c0,1.3-0.5,2.6-1.4,3.6c-0.2,0.3-0.2,0.8,0.1,1   c0.1,0.1,0.3,0.2,0.4,0.2c0.2,0,0.4-0.1,0.6-0.3c1-1.1,1.6-2.5,1.7-4l0.1-1l0.9,0.3c2.5,0.8,3.9,3.5,3.1,5.9   c-0.6,1.9-2.3,3.2-4.4,3.3v0h-0.1c0,0,0,0,0,0h-0.1c-0.4,0-0.8,0.3-0.8,0.8c0.1,3.1-2.3,5.7-5.4,5.9c-0.1,0-0.2,0-0.2,0   c-2.3,0-4.4-1.4-5.2-3.5l-0.6-1.5l1.8,0.5c0,0,0,0,0.1,0c0.2,0,0.4-0.1,0.5-0.3s0.2-0.4,0.1-0.6c0-0.3-0.2-0.5-0.4-0.6l-12.8-3.3   L35.8,11.7z\"><\/path>\n<\/g>\n<\/svg>\t\t\t\t\t\t<\/span>\n\t\t\t\t\t\t\t\t\t\t<span class=\"elementor-icon-list-text\">La utilitzaci\u00f3 de cot\u00f3 recuperat contribueix a la reducci\u00f3 d'emissions d'insecticides i pesticides. Els cultius de cot\u00f3 verge representen el 16% dels insecticides utilitzats en el m\u00f3n i un 7% dels pesticides.<\/span>\n\t\t\t\t\t\t\t\t\t<\/li>\n\t\t\t\t\t\t\t\t<li class=\"elementor-icon-list-item\">\n\t\t\t\t\t\t\t\t\t\t\t<span class=\"elementor-icon-list-icon\">\n\t\t\t\t\t\t\t<svg xmlns=\"http:\/\/www.w3.org\/2000\/svg\" xmlns:xlink=\"http:\/\/www.w3.org\/1999\/xlink\" id=\"Capa_1\" x=\"0px\" y=\"0px\" viewBox=\"0 0 51.9 77\" style=\"enable-background:new 0 0 51.9 77;\" xml:space=\"preserve\">\n<path d=\"M31.1,42.1c0.5,0.5,1.2,0.5,1.6,0c0,0,0,0,0,0l9.3-9.3c0.5-0.5,0.5-1.2,0-1.6c-0.5-0.5-1.2-0.5-1.6,0l-9.3,9.3  C30.6,40.9,30.6,41.7,31.1,42.1C31.1,42.1,31.1,42.1,31.1,42.1z\"><\/path>\n<path d=\"M51.2,41c-0.5-0.5-1.2-0.5-1.6,0c0,0,0,0,0,0L32.1,58.4c-1.2-2.3-3.5-3.8-6.1-3.8c-1.5,0-2.9,0.5-4.1,1.4  c-7.8-2.9-11.8-11.5-9-19.3c0.2-0.6,0.5-1.2,0.8-1.8h0.6c1.5,0,3-0.4,4.3-1.2l3.7,3.7c0.7,0.7,1.6,1.1,2.5,1.1c1,0,1.9-0.4,2.5-1  l6.8-6.8c1.4-1.4,1.4-3.7,0-5.1L15.4,6.6c-1.4-1.4-3.7-1.4-5.1,0l0,0L8.5,4.9C6.5,3.2,3.4,3.6,1.8,5.7c-1.4,1.7-1.4,4.2,0,5.9  l1.7,1.7l0,0c-1.4,1.4-1.4,3.7,0,5.1l3.9,3.9c-0.5,0.8-0.8,1.6-1,2.5c-9.4,11.4-7.7,28.2,3.7,37.6c0.6,0.5,1.3,1,1.9,1.5H6.2  c-1.9,0-3.5,1.6-3.5,3.5v3.5c0,1.3,1,2.3,2.3,2.3h41.8c1.3,0,2.3-1,2.3-2.3v-3.5c0-1.9-1.6-3.5-3.5-3.5H32.5  c0.3-0.7,0.4-1.5,0.4-2.3c0-0.2,0-0.4,0-0.7l18.3-18.3C51.6,42.2,51.6,41.4,51.2,41C51.2,41,51.2,41,51.2,41z M26,56.9  c2.6,0,4.6,2.1,4.6,4.6c0,1-0.3,2-0.9,2.8l0.9,0.7l0,0l-0.9-0.7c-1.5,2-4.5,2.5-6.5,0.9c-1.2-0.9-1.8-2.2-1.8-3.7  C21.3,59,23.4,56.9,26,56.9z M13.3,32.4c-2.7-0.5-4.7-2.9-4.7-5.7c0-0.3,0-0.6,0.1-1c0.2-1,0.6-1.9,1.2-2.7c2-2.5,5.6-3,8.2-1  s3,5.6,1,8.2c-0.3,0.3-0.6,0.7-0.9,0.9C16.7,32.3,15,32.7,13.3,32.4z M5.2,15.1L12,8.2c0.5-0.5,1.3-0.5,1.8,0c0,0,0,0,0,0L32.6,27  c0.5,0.5,0.5,1.3,0,1.8c0,0,0,0,0,0l-6.8,6.8c-0.5,0.5-1.3,0.5-1.8,0l-3.5-3.5c2.9-3.4,2.5-8.5-0.9-11.5c-3-2.6-7.5-2.6-10.6,0  l-3.8-3.8C4.7,16.3,4.7,15.6,5.2,15.1z M2.7,41.8c0-4.6,1.3-9.1,3.8-13c0.7,2.5,2.5,4.5,4.9,5.5c-4.1,8.7-0.5,19.1,8.2,23.2  c0.2,0.1,0.4,0.2,0.5,0.2c-0.7,1.1-1.2,2.4-1.2,3.8c0,0.8,0.1,1.6,0.4,2.3h-2.6C8.2,59.9,2.7,51.3,2.7,41.8z M46.9,67.4v3.5H5v-3.5  c0-0.6,0.5-1.2,1.2-1.2h14.6c2.6,2.9,7,3.1,9.8,0.5c0.2-0.2,0.4-0.3,0.5-0.5h14.6C46.4,66.2,46.9,66.7,46.9,67.4z\"><\/path>\n<\/svg>\t\t\t\t\t\t<\/span>\n\t\t\t\t\t\t\t\t\t\t<span class=\"elementor-icon-list-text\">No utilitzem tints en l'elaboraci\u00f3 dels nostres fils.<\/span>\n\t\t\t\t\t\t\t\t\t<\/li>\n\t\t\t\t\t\t\t\t<li class=\"elementor-icon-list-item\">\n\t\t\t\t\t\t\t\t\t\t\t<span class=\"elementor-icon-list-icon\">\n\t\t\t\t\t\t\t<svg xmlns=\"http:\/\/www.w3.org\/2000\/svg\" xmlns:xlink=\"http:\/\/www.w3.org\/1999\/xlink\" id=\"Capa_1\" x=\"0px\" y=\"0px\" viewBox=\"0 0 51.9 77\" style=\"enable-background:new 0 0 51.9 77;\" xml:space=\"preserve\">\n<g>\n\t<path d=\"M47.3,9.9l2.7,22.8v34.3h-48V26.3l14.5,8.3l3,1.7v-3.4v-6.9L33.8,35l3.1,1.9v-3.6v-7.3l0.3,0.2l3,2l0.1-3.6l0.6-14.7H47.3    M49,7.9H38.9l-0.6,16.6l-3.4-2.3v11l-17.5-11v10.5l-17.5-10v46.3h52V32.6L49,7.9L49,7.9z\"><\/path>\n<\/g>\n<g>\n\t<path d=\"M18.8,62.1h4.6v-3.7h-4.6c-0.6,0-1-0.3-1.3-0.7c-0.3-0.5-0.3-1.1,0-1.6l1.5-2.5l2.3,1.3l-1.2-7l-6.6,2.5l2.3,1.3l-1.5,2.5   c-1,1.7-1,3.7-0.1,5.3C15.2,61.1,16.9,62.1,18.8,62.1z\"><\/path>\n\t<path d=\"M38.4,59.5c1-1.7,1-3.6,0-5.3l-2.3-4l-3.2,1.9l2.3,4c0.3,0.5,0.3,1,0,1.5c-0.3,0.5-0.8,0.8-1.4,0.8h-2.9v-2.7l-5.5,4.5   l5.5,4.5v-2.7h2.9C35.7,62.1,37.5,61.1,38.4,59.5z\"><\/path>\n\t<path d=\"M32.4,43.8L31,41.3c-1-1.7-2.7-2.7-4.6-2.7c-1.9,0-3.6,1-4.6,2.6l-2.3,4l3.2,1.9l2.3-4c0.3-0.5,0.8-0.8,1.3-0.8   c0.5,0,1.1,0.3,1.4,0.8l1.5,2.5L26.9,47l6.6,2.5l1.2-7L32.4,43.8z\"><\/path>\n<\/g>\n<\/svg>\t\t\t\t\t\t<\/span>\n\t\t\t\t\t\t\t\t\t\t<span class=\"elementor-icon-list-text\">Contribu\u00efm a la reducci\u00f3 en els abocaments t\u00e8xtils.<\/span>\n\t\t\t\t\t\t\t\t\t<\/li>\n\t\t\t\t\t\t<\/ul>\n\t\t\t\t<\/div>\n\t\t\t\t<\/div>\n\t\t\t\t\t\t<\/div>\n\t\t\t\t\t<\/div>\n\t\t<\/div>\n\t\t\t\t\t\t\t\t<\/div>\n\t\t\t\t\t<\/div>\n\t\t<\/section>\n\t\t\t\t\t\t<\/div>\n\t\t\t\t\t\t<\/div>\n\t\t\t\t\t<\/div>\n\t\t","protected":false},"excerpt":{"rendered":"<p>Economia circular Sostenibilitat M\u00e9s de 50 anys actuant de forma sostenible fa que en S.Vilarrasa tinguem l\u2019h\u00e0bit de ser-ho. Recurso 15 Consumim un 55% menys d&#8217;aigua que en fabricacions de fil de cot\u00f3 verge. Emetem un 35% menys de gasos d&#8217;efecte hivernacle i CO2 que en fabricacions de fil de cot\u00f3 verge. La utilitzaci\u00f3 de&hellip;&nbsp;<a href=\"https:\/\/vilarrasa.com\/ca\/sostenibilitat-2\/\" class=\"\" rel=\"bookmark\">Read More &raquo;<span class=\"screen-reader-text\">Sostenibilitat<\/span><\/a><\/p>\n","protected":false},"author":8,"featured_media":0,"parent":0,"menu_order":0,"comment_status":"closed","ping_status":"closed","template":"page-templates\/template-pagebuilder-full-width.php","meta":{"content-type":"","neve_meta_sidebar":"full-width","neve_meta_container":"","neve_meta_enable_content_width":"on","neve_meta_content_width":100,"neve_meta_title_alignment":"","neve_meta_author_avatar":"","neve_post_elements_order":"","neve_meta_disable_header":"","neve_meta_disable_footer":"","neve_meta_disable_title":"","neve_meta_reading_time":""},"yoast_head":"<!-- This site is optimized with the Yoast SEO plugin v18.8 - https:\/\/yoast.com\/wordpress\/plugins\/seo\/ -->\n<title>Sostenibilitat - Vilarrasa<\/title>\n<meta name=\"description\" content=\"M\u00e9s de 50 anys actuant de forma sostenible fa que en S.Vilarrasa tinguem l\u2019h\u00e0bit de ser-ho. Aix\u00ed \u00e9s com ho fem\" \/>\n<meta name=\"robots\" content=\"index, follow, max-snippet:-1, max-image-preview:large, max-video-preview:-1\" \/>\n<link rel=\"canonical\" href=\"https:\/\/vilarrasa.com\/sostenibilidad\/\" \/>\n<meta property=\"og:locale\" content=\"ca_ES\" \/>\n<meta property=\"og:type\" content=\"article\" \/>\n<meta property=\"og:title\" content=\"Sostenibilitat - Vilarrasa\" \/>\n<meta property=\"og:description\" content=\"M\u00e9s de 50 anys actuant de forma sostenible fa que en S.Vilarrasa tinguem l\u2019h\u00e0bit de ser-ho. Aix\u00ed \u00e9s com ho fem\" \/>\n<meta property=\"og:url\" content=\"https:\/\/vilarrasa.com\/sostenibilidad\/\" \/>\n<meta property=\"og:site_name\" content=\"Vilarrasa\" \/>\n<meta property=\"og:image\" content=\"https:\/\/vilarrasa.com\/wp-content\/uploads\/2021\/03\/sostenible2.jpg\" \/>\n<meta name=\"twitter:card\" content=\"summary_large_image\" \/>\n<meta name=\"twitter:label1\" content=\"Temps estimat de lectura\" \/>\n\t<meta name=\"twitter:data1\" content=\"1 minut\" \/>\n<script type=\"application\/ld+json\" class=\"yoast-schema-graph\">{\"@context\":\"https:\/\/schema.org\",\"@graph\":[{\"@type\":\"Organization\",\"@id\":\"https:\/\/vilarrasa.com\/#organization\",\"name\":\"S.Vilarrasa\",\"url\":\"https:\/\/vilarrasa.com\/\",\"sameAs\":[],\"logo\":{\"@type\":\"ImageObject\",\"inLanguage\":\"ca\",\"@id\":\"https:\/\/vilarrasa.com\/#\/schema\/logo\/image\/\",\"url\":\"https:\/\/vilarrasa.com\/wp-content\/uploads\/2020\/06\/logo_vilarr.png\",\"contentUrl\":\"https:\/\/vilarrasa.com\/wp-content\/uploads\/2020\/06\/logo_vilarr.png\",\"width\":885,\"height\":206,\"caption\":\"S.Vilarrasa\"},\"image\":{\"@id\":\"https:\/\/vilarrasa.com\/#\/schema\/logo\/image\/\"}},{\"@type\":\"WebSite\",\"@id\":\"https:\/\/vilarrasa.com\/#website\",\"url\":\"https:\/\/vilarrasa.com\/\",\"name\":\"Vilarrasa\",\"description\":\"Hilos reciclados de alta calidad\",\"publisher\":{\"@id\":\"https:\/\/vilarrasa.com\/#organization\"},\"potentialAction\":[{\"@type\":\"SearchAction\",\"target\":{\"@type\":\"EntryPoint\",\"urlTemplate\":\"https:\/\/vilarrasa.com\/?s={search_term_string}\"},\"query-input\":\"required name=search_term_string\"}],\"inLanguage\":\"ca\"},{\"@type\":\"ImageObject\",\"inLanguage\":\"ca\",\"@id\":\"https:\/\/vilarrasa.com\/sostenibilidad\/#primaryimage\",\"url\":\"https:\/\/vilarrasa.com\/wp-content\/uploads\/2021\/03\/sostenible2.jpg\",\"contentUrl\":\"https:\/\/vilarrasa.com\/wp-content\/uploads\/2021\/03\/sostenible2.jpg\",\"width\":1500,\"height\":1332,\"caption\":\"sostenibilidad\"},{\"@type\":\"WebPage\",\"@id\":\"https:\/\/vilarrasa.com\/sostenibilidad\/#webpage\",\"url\":\"https:\/\/vilarrasa.com\/sostenibilidad\/\",\"name\":\"Sostenibilitat - Vilarrasa\",\"isPartOf\":{\"@id\":\"https:\/\/vilarrasa.com\/#website\"},\"primaryImageOfPage\":{\"@id\":\"https:\/\/vilarrasa.com\/sostenibilidad\/#primaryimage\"},\"datePublished\":\"2023-03-13T12:08:54+00:00\",\"dateModified\":\"2023-03-13T12:08:54+00:00\",\"description\":\"M\u00e9s de 50 anys actuant de forma sostenible fa que en S.Vilarrasa tinguem l\u2019h\u00e0bit de ser-ho. Aix\u00ed \u00e9s com ho fem\",\"breadcrumb\":{\"@id\":\"https:\/\/vilarrasa.com\/sostenibilidad\/#breadcrumb\"},\"inLanguage\":\"ca\",\"potentialAction\":[{\"@type\":\"ReadAction\",\"target\":[\"https:\/\/vilarrasa.com\/sostenibilidad\/\"]}]},{\"@type\":\"BreadcrumbList\",\"@id\":\"https:\/\/vilarrasa.com\/sostenibilidad\/#breadcrumb\",\"itemListElement\":[{\"@type\":\"ListItem\",\"position\":1,\"name\":\"Home\",\"item\":\"https:\/\/vilarrasa.com\/\"},{\"@type\":\"ListItem\",\"position\":2,\"name\":\"Sostenibilitat\"}]}]}<\/script>\n<!-- \/ Yoast SEO plugin. -->","yoast_head_json":{"title":"Sostenibilitat - Vilarrasa","description":"M\u00e9s de 50 anys actuant de forma sostenible fa que en S.Vilarrasa tinguem l\u2019h\u00e0bit de ser-ho. Aix\u00ed \u00e9s com ho fem","robots":{"index":"index","follow":"follow","max-snippet":"max-snippet:-1","max-image-preview":"max-image-preview:large","max-video-preview":"max-video-preview:-1"},"canonical":"https:\/\/vilarrasa.com\/sostenibilidad\/","og_locale":"ca_ES","og_type":"article","og_title":"Sostenibilitat - Vilarrasa","og_description":"M\u00e9s de 50 anys actuant de forma sostenible fa que en S.Vilarrasa tinguem l\u2019h\u00e0bit de ser-ho. Aix\u00ed \u00e9s com ho fem","og_url":"https:\/\/vilarrasa.com\/sostenibilidad\/","og_site_name":"Vilarrasa","og_image":[{"url":"https:\/\/vilarrasa.com\/wp-content\/uploads\/2021\/03\/sostenible2.jpg"}],"twitter_card":"summary_large_image","twitter_misc":{"Temps estimat de lectura":"1 minut"},"schema":{"@context":"https:\/\/schema.org","@graph":[{"@type":"Organization","@id":"https:\/\/vilarrasa.com\/#organization","name":"S.Vilarrasa","url":"https:\/\/vilarrasa.com\/","sameAs":[],"logo":{"@type":"ImageObject","inLanguage":"ca","@id":"https:\/\/vilarrasa.com\/#\/schema\/logo\/image\/","url":"https:\/\/vilarrasa.com\/wp-content\/uploads\/2020\/06\/logo_vilarr.png","contentUrl":"https:\/\/vilarrasa.com\/wp-content\/uploads\/2020\/06\/logo_vilarr.png","width":885,"height":206,"caption":"S.Vilarrasa"},"image":{"@id":"https:\/\/vilarrasa.com\/#\/schema\/logo\/image\/"}},{"@type":"WebSite","@id":"https:\/\/vilarrasa.com\/#website","url":"https:\/\/vilarrasa.com\/","name":"Vilarrasa","description":"Hilos reciclados de alta calidad","publisher":{"@id":"https:\/\/vilarrasa.com\/#organization"},"potentialAction":[{"@type":"SearchAction","target":{"@type":"EntryPoint","urlTemplate":"https:\/\/vilarrasa.com\/?s={search_term_string}"},"query-input":"required name=search_term_string"}],"inLanguage":"ca"},{"@type":"ImageObject","inLanguage":"ca","@id":"https:\/\/vilarrasa.com\/sostenibilidad\/#primaryimage","url":"https:\/\/vilarrasa.com\/wp-content\/uploads\/2021\/03\/sostenible2.jpg","contentUrl":"https:\/\/vilarrasa.com\/wp-content\/uploads\/2021\/03\/sostenible2.jpg","width":1500,"height":1332,"caption":"sostenibilidad"},{"@type":"WebPage","@id":"https:\/\/vilarrasa.com\/sostenibilidad\/#webpage","url":"https:\/\/vilarrasa.com\/sostenibilidad\/","name":"Sostenibilitat - Vilarrasa","isPartOf":{"@id":"https:\/\/vilarrasa.com\/#website"},"primaryImageOfPage":{"@id":"https:\/\/vilarrasa.com\/sostenibilidad\/#primaryimage"},"datePublished":"2023-03-13T12:08:54+00:00","dateModified":"2023-03-13T12:08:54+00:00","description":"M\u00e9s de 50 anys actuant de forma sostenible fa que en S.Vilarrasa tinguem l\u2019h\u00e0bit de ser-ho. Aix\u00ed \u00e9s com ho fem","breadcrumb":{"@id":"https:\/\/vilarrasa.com\/sostenibilidad\/#breadcrumb"},"inLanguage":"ca","potentialAction":[{"@type":"ReadAction","target":["https:\/\/vilarrasa.com\/sostenibilidad\/"]}]},{"@type":"BreadcrumbList","@id":"https:\/\/vilarrasa.com\/sostenibilidad\/#breadcrumb","itemListElement":[{"@type":"ListItem","position":1,"name":"Home","item":"https:\/\/vilarrasa.com\/"},{"@type":"ListItem","position":2,"name":"Sostenibilitat"}]}]}},"_links":{"self":[{"href":"https:\/\/vilarrasa.com\/ca\/wp-json\/wp\/v2\/pages\/5377"}],"collection":[{"href":"https:\/\/vilarrasa.com\/ca\/wp-json\/wp\/v2\/pages"}],"about":[{"href":"https:\/\/vilarrasa.com\/ca\/wp-json\/wp\/v2\/types\/page"}],"author":[{"embeddable":true,"href":"https:\/\/vilarrasa.com\/ca\/wp-json\/wp\/v2\/users\/8"}],"replies":[{"embeddable":true,"href":"https:\/\/vilarrasa.com\/ca\/wp-json\/wp\/v2\/comments?post=5377"}],"version-history":[{"count":1,"href":"https:\/\/vilarrasa.com\/ca\/wp-json\/wp\/v2\/pages\/5377\/revisions"}],"predecessor-version":[{"id":5378,"href":"https:\/\/vilarrasa.com\/ca\/wp-json\/wp\/v2\/pages\/5377\/revisions\/5378"}],"wp:attachment":[{"href":"https:\/\/vilarrasa.com\/ca\/wp-json\/wp\/v2\/media?parent=5377"}],"curies":[{"name":"wp","href":"https:\/\/api.w.org\/{rel}","templated":true}]}}