{"id":1378,"date":"2021-09-10T11:48:38","date_gmt":"2021-09-10T09:48:38","guid":{"rendered":"https:\/\/vilarrasa.com\/?page_id=1378"},"modified":"2021-09-24T08:57:58","modified_gmt":"2021-09-24T06:57:58","slug":"politica-de-cookies","status":"publish","type":"page","link":"https:\/\/vilarrasa.com\/es\/politica-de-cookies\/","title":{"rendered":"Pol\u00edtica de cookies"},"content":{"rendered":"\t\t<div data-elementor-type=\"wp-page\" data-elementor-id=\"1378\" class=\"elementor elementor-1378\" data-elementor-settings=\"[]\">\n\t\t\t\t\t\t<div class=\"elementor-inner\">\n\t\t\t\t\t\t\t<div class=\"elementor-section-wrap\">\n\t\t\t\t\t\t\t<section class=\"elementor-section elementor-top-section elementor-element elementor-element-39ef7734 elementor-section-boxed elementor-section-height-default elementor-section-height-default\" data-id=\"39ef7734\" data-element_type=\"section\">\n\t\t\t\t\t\t<div class=\"elementor-container elementor-column-gap-default\">\n\t\t\t\t\t\t\t<div class=\"elementor-row\">\n\t\t\t\t\t<div class=\"elementor-column elementor-col-100 elementor-top-column elementor-element elementor-element-35cad6f7\" data-id=\"35cad6f7\" data-element_type=\"column\">\n\t\t\t<div class=\"elementor-column-wrap elementor-element-populated\">\n\t\t\t\t\t\t\t<div class=\"elementor-widget-wrap\">\n\t\t\t\t\t\t<div class=\"elementor-element elementor-element-6a107dac elementor-widget elementor-widget-text-editor\" data-id=\"6a107dac\" data-element_type=\"widget\" data-widget_type=\"text-editor.default\">\n\t\t\t\t<div class=\"elementor-widget-container\">\n\t\t\t\t\t\t\t\t<div class=\"elementor-text-editor elementor-clearfix\">\n\t\t\t\t\r\n<p>Las cookies o galletas son peque\u00f1os archivos de texto que se instalan en los equipos desde los cuales se accede a nuestro sitio web. Entre otros fines, las cookies registran las preferencias y h\u00e1bitos de navegaci\u00f3n de un usuario. Pese a que se asocian a ese usuario y a su equipo, no proporcionan datos directamente identificativos. Hay cookies, como, por ejemplo, las que permiten elaborar estad\u00edsticas o las publicitarias, que requieren del consentimiento del usuario de nuestro sitio. En cambio, otras, como las de car\u00e1cter t\u00e9cnico o las necesarias para ofrecer un servicio que solicite el propio usuario, son imprescindibles para el funcionamiento del sitio. Las cookies pueden clasificarse seg\u00fan su vigencia, seg\u00fan quienes las gestionen o seg\u00fan su finalidad.<\/p>\r\n\r\n\r\n\r\n<p>SEG\u00daN LA VIGENCIA<\/p>\r\n\r\n\r\n\r\n<p><em>De sesi\u00f3n<\/em><em>:<\/em> son temporales y permanecen en el archivo de cookies del navegador que usted utilice para entrar en el sitio web hasta el momento en el que salga del sitio.<\/p>\r\n\r\n\r\n\r\n<p><em>Persistentes<\/em><em>:<\/em> permanecen almacenadas y el sitio web las lee cada vez que usted lo visita.<\/p>\r\n\r\n\r\n\r\n<p>SEG\u00daN QUIENES LAS GESTIONEN<\/p>\r\n\r\n\r\n\r\n<p><em>Propias<\/em><em>:<\/em> son las que pertenecen al titular del sitio web desde el cual se prestan los servicios al usuario.<\/p>\r\n\r\n\r\n\r\n<p><em>De terceros<\/em><em>:<\/em> son enviadas al usuario por un tercero distinto del titular del sitio.<\/p>\r\n\r\n\r\n\r\n<p>SEG\u00daN LA FINALIDAD<\/p>\r\n\r\n\r\n\r\n<p><em>Necesarias<\/em><em>:<\/em> las imprescindibles para facilitarle su conexi\u00f3n. No existe la opci\u00f3n de deshabilitarlas, puesto que son necesarias para el funcionamiento del sitio web.<\/p>\r\n\r\n\r\n\r\n<p><em>T\u00e9cnicas<\/em><em>: <\/em>las que permiten controlar el tr\u00e1fico y la comunicaci\u00f3n de datos, identificar la sesi\u00f3n y acceder a p\u00e1ginas de acceso restringido, entre otras.<\/p>\r\n\r\n\r\n\r\n<p><em>De preferencias<\/em><em>:<\/em> permiten recordar sus opciones (por ejemplo, su idioma o la regi\u00f3n desde la que usted accede), para proporcionarle servicios avanzados.<\/p>\r\n\r\n\r\n\r\n<p><em>Anal\u00edticas<\/em><em>:<\/em> proporcionan informaci\u00f3n estad\u00edstica y permiten mejorar los servicios.<\/p>\r\n\r\n\r\n\r\n<p><em>De publicidad<\/em><em>:<\/em> para ofrecer contenidos publicitarios relacionados con los intereses del usuario, ya sea directamente o bien por medio de terceros (\u201cadservers\u201d).<\/p>\r\n\r\n\r\n\r\n<p><em>De geolocalizaci\u00f3n<\/em><em>: <\/em>para conocer la localizaci\u00f3n geogr\u00e1fica del usuario.<\/p>\r\n\r\n\r\n\r\n<p>Enumeramos las cookies que utiliza nuestro sitio web, dando as\u00ed opci\u00f3n (\u00faltima columna) a que cada usuario autorice su descarga.<\/p>\r\n\r\n\r\n\r\n<p>[llistat-cookies]<\/p>\r\n\r\n\r\n\r\n<p><strong>PANEL DE CONFIGURACI\u00d3N DE COOKIES<\/strong><\/p>\r\n\r\n\r\n\r\n<p>Desde este panel podr\u00e1 configurar las cookies que el sitio web puede instalar en su navegador, excepto las galletas t\u00e9cnicas o funcionales que son necesarias para la navegaci\u00f3n y la utilizaci\u00f3n de las diferentes opciones o servicios que se ofrecen.<\/p>\r\n\r\n\r\n\r\n<p><u id=\"ajustes_cookies_2\">Acceso al panel<\/u><\/p>\r\n\r\n\r\n\r\n<p>Usted puede revocar su consentimiento sobre la utilizaci\u00f3n de cookies elimin\u00e1ndolas mediante las opciones que le ofrece su navegador. Tambi\u00e9n puede configurar su navegador para que le informe previamente de la posible instalaci\u00f3n de cookies. En los siguientes enlaces encontrar\u00e1 informaci\u00f3n sobre c\u00f3mo hacerlo.<\/p>\r\n\r\n\r\n\r\n<p>&#8211; Para Firefox (<a href=\"http:\/\/support.mozilla.org\/ca\/kb\/Galetes\">enlace<\/a>)<\/p>\r\n\r\n\r\n\r\n<p>&#8211; Para Chrome (<a href=\"http:\/\/support.google.com\/chrome\/bin\/answer.py?hl=es&amp;answer=95647\">enlace<\/a>)<\/p>\r\n\r\n\r\n\r\n<p>&#8211; Para Explorer (<a href=\"https:\/\/support.microsoft.com\/es-es\/help\/278835\/how-to-delete-cookie-files-in-internet-explorer\">enlace<\/a>)<\/p>\r\n\r\n\r\n\r\n<p>&#8211; Para Edge (<a href=\"https:\/\/support.microsoft.com\/es-es\/help\/4027947\/windows-delete-cookies\">enlace<\/a>)<\/p>\r\n\r\n\r\n\r\n<p>&#8211; Para Safari per IOS (<a href=\"http:\/\/support.apple.com\/kb\/HT1677?viewlocale=es_ES&amp;locale=es_ES\">enlace<\/a>)<\/p>\r\n\r\n\r\n\r\n<p>&#8211; Para Opera (<a href=\"https:\/\/help.opera.com\/en\/latest\/web-preferences\/#cookies\">enlace<\/a>)<\/p>\r\n\t\t\t\t\t<\/div>\n\t\t\t\t\t\t<\/div>\n\t\t\t\t<\/div>\n\t\t\t\t\t\t<\/div>\n\t\t\t\t\t<\/div>\n\t\t<\/div>\n\t\t\t\t\t\t\t\t<\/div>\n\t\t\t\t\t<\/div>\n\t\t<\/section>\n\t\t\t\t\t\t<\/div>\n\t\t\t\t\t\t<\/div>\n\t\t\t\t\t<\/div>\n\t\t","protected":false},"excerpt":{"rendered":"<p>Las cookies o galletas son peque\u00f1os archivos de texto que se instalan en los equipos desde los cuales se accede a nuestro sitio web. Entre otros fines, las cookies registran las preferencias y h\u00e1bitos de navegaci\u00f3n de un usuario. Pese a que se asocian a ese usuario y a su equipo, no proporcionan datos directamente&hellip;&nbsp;<a href=\"https:\/\/vilarrasa.com\/es\/politica-de-cookies\/\" class=\"\" rel=\"bookmark\">Leer m\u00e1s &raquo;<span class=\"screen-reader-text\">Pol\u00edtica de cookies<\/span><\/a><\/p>\n","protected":false},"author":1,"featured_media":0,"parent":0,"menu_order":0,"comment_status":"closed","ping_status":"closed","template":"","meta":{"content-type":"","neve_meta_sidebar":"","neve_meta_container":"","neve_meta_enable_content_width":"off","neve_meta_content_width":70,"neve_meta_title_alignment":"","neve_meta_author_avatar":"","neve_post_elements_order":"","neve_meta_disable_header":"","neve_meta_disable_footer":"","neve_meta_disable_title":"on","neve_meta_reading_time":""},"yoast_head":"<!-- This site is optimized with the Yoast SEO plugin v18.8 - https:\/\/yoast.com\/wordpress\/plugins\/seo\/ -->\n<title>Pol\u00edtica de cookies - Vilarrasa<\/title>\n<meta name=\"robots\" content=\"noindex, follow\" \/>\n<meta property=\"og:locale\" content=\"es_ES\" \/>\n<meta property=\"og:type\" content=\"article\" \/>\n<meta property=\"og:title\" content=\"Pol\u00edtica de cookies - Vilarrasa\" \/>\n<meta property=\"og:description\" content=\"Las cookies o galletas son peque\u00f1os archivos de texto que se instalan en los equipos desde los cuales se accede a nuestro sitio web. Entre otros fines, las cookies registran las preferencias y h\u00e1bitos de navegaci\u00f3n de un usuario. Pese a que se asocian a ese usuario y a su equipo, no proporcionan datos directamente&hellip;&nbsp;Leer m\u00e1s &raquo;Pol\u00edtica de cookies\" \/>\n<meta property=\"og:url\" content=\"https:\/\/vilarrasa.com\/politica-de-cookies\/\" \/>\n<meta property=\"og:site_name\" content=\"Vilarrasa\" \/>\n<meta property=\"article:modified_time\" content=\"2021-09-24T06:57:58+00:00\" \/>\n<meta name=\"twitter:card\" content=\"summary_large_image\" \/>\n<meta name=\"twitter:label1\" content=\"Tiempo de lectura\" \/>\n\t<meta name=\"twitter:data1\" content=\"4 minutos\" \/>\n<script type=\"application\/ld+json\" class=\"yoast-schema-graph\">{\"@context\":\"https:\/\/schema.org\",\"@graph\":[{\"@type\":\"Organization\",\"@id\":\"https:\/\/vilarrasa.com\/#organization\",\"name\":\"S.Vilarrasa\",\"url\":\"https:\/\/vilarrasa.com\/\",\"sameAs\":[],\"logo\":{\"@type\":\"ImageObject\",\"inLanguage\":\"es\",\"@id\":\"https:\/\/vilarrasa.com\/#\/schema\/logo\/image\/\",\"url\":\"https:\/\/vilarrasa.com\/wp-content\/uploads\/2020\/06\/logo_vilarr.png\",\"contentUrl\":\"https:\/\/vilarrasa.com\/wp-content\/uploads\/2020\/06\/logo_vilarr.png\",\"width\":885,\"height\":206,\"caption\":\"S.Vilarrasa\"},\"image\":{\"@id\":\"https:\/\/vilarrasa.com\/#\/schema\/logo\/image\/\"}},{\"@type\":\"WebSite\",\"@id\":\"https:\/\/vilarrasa.com\/#website\",\"url\":\"https:\/\/vilarrasa.com\/\",\"name\":\"Vilarrasa\",\"description\":\"Hilos reciclados de alta calidad\",\"publisher\":{\"@id\":\"https:\/\/vilarrasa.com\/#organization\"},\"potentialAction\":[{\"@type\":\"SearchAction\",\"target\":{\"@type\":\"EntryPoint\",\"urlTemplate\":\"https:\/\/vilarrasa.com\/?s={search_term_string}\"},\"query-input\":\"required name=search_term_string\"}],\"inLanguage\":\"es\"},{\"@type\":\"WebPage\",\"@id\":\"https:\/\/vilarrasa.com\/politica-de-cookies\/#webpage\",\"url\":\"https:\/\/vilarrasa.com\/politica-de-cookies\/\",\"name\":\"Pol\u00edtica de cookies - Vilarrasa\",\"isPartOf\":{\"@id\":\"https:\/\/vilarrasa.com\/#website\"},\"datePublished\":\"2021-09-10T09:48:38+00:00\",\"dateModified\":\"2021-09-24T06:57:58+00:00\",\"breadcrumb\":{\"@id\":\"https:\/\/vilarrasa.com\/politica-de-cookies\/#breadcrumb\"},\"inLanguage\":\"es\",\"potentialAction\":[{\"@type\":\"ReadAction\",\"target\":[\"https:\/\/vilarrasa.com\/politica-de-cookies\/\"]}]},{\"@type\":\"BreadcrumbList\",\"@id\":\"https:\/\/vilarrasa.com\/politica-de-cookies\/#breadcrumb\",\"itemListElement\":[{\"@type\":\"ListItem\",\"position\":1,\"name\":\"Home\",\"item\":\"https:\/\/vilarrasa.com\/\"},{\"@type\":\"ListItem\",\"position\":2,\"name\":\"Pol\u00edtica de cookies\"}]}]}<\/script>\n<!-- \/ Yoast SEO plugin. -->","yoast_head_json":{"title":"Pol\u00edtica de cookies - Vilarrasa","robots":{"index":"noindex","follow":"follow"},"og_locale":"es_ES","og_type":"article","og_title":"Pol\u00edtica de cookies - Vilarrasa","og_description":"Las cookies o galletas son peque\u00f1os archivos de texto que se instalan en los equipos desde los cuales se accede a nuestro sitio web. Entre otros fines, las cookies registran las preferencias y h\u00e1bitos de navegaci\u00f3n de un usuario. Pese a que se asocian a ese usuario y a su equipo, no proporcionan datos directamente&hellip;&nbsp;Leer m\u00e1s &raquo;Pol\u00edtica de cookies","og_url":"https:\/\/vilarrasa.com\/politica-de-cookies\/","og_site_name":"Vilarrasa","article_modified_time":"2021-09-24T06:57:58+00:00","twitter_card":"summary_large_image","twitter_misc":{"Tiempo de lectura":"4 minutos"},"schema":{"@context":"https:\/\/schema.org","@graph":[{"@type":"Organization","@id":"https:\/\/vilarrasa.com\/#organization","name":"S.Vilarrasa","url":"https:\/\/vilarrasa.com\/","sameAs":[],"logo":{"@type":"ImageObject","inLanguage":"es","@id":"https:\/\/vilarrasa.com\/#\/schema\/logo\/image\/","url":"https:\/\/vilarrasa.com\/wp-content\/uploads\/2020\/06\/logo_vilarr.png","contentUrl":"https:\/\/vilarrasa.com\/wp-content\/uploads\/2020\/06\/logo_vilarr.png","width":885,"height":206,"caption":"S.Vilarrasa"},"image":{"@id":"https:\/\/vilarrasa.com\/#\/schema\/logo\/image\/"}},{"@type":"WebSite","@id":"https:\/\/vilarrasa.com\/#website","url":"https:\/\/vilarrasa.com\/","name":"Vilarrasa","description":"Hilos reciclados de alta calidad","publisher":{"@id":"https:\/\/vilarrasa.com\/#organization"},"potentialAction":[{"@type":"SearchAction","target":{"@type":"EntryPoint","urlTemplate":"https:\/\/vilarrasa.com\/?s={search_term_string}"},"query-input":"required name=search_term_string"}],"inLanguage":"es"},{"@type":"WebPage","@id":"https:\/\/vilarrasa.com\/politica-de-cookies\/#webpage","url":"https:\/\/vilarrasa.com\/politica-de-cookies\/","name":"Pol\u00edtica de cookies - Vilarrasa","isPartOf":{"@id":"https:\/\/vilarrasa.com\/#website"},"datePublished":"2021-09-10T09:48:38+00:00","dateModified":"2021-09-24T06:57:58+00:00","breadcrumb":{"@id":"https:\/\/vilarrasa.com\/politica-de-cookies\/#breadcrumb"},"inLanguage":"es","potentialAction":[{"@type":"ReadAction","target":["https:\/\/vilarrasa.com\/politica-de-cookies\/"]}]},{"@type":"BreadcrumbList","@id":"https:\/\/vilarrasa.com\/politica-de-cookies\/#breadcrumb","itemListElement":[{"@type":"ListItem","position":1,"name":"Home","item":"https:\/\/vilarrasa.com\/"},{"@type":"ListItem","position":2,"name":"Pol\u00edtica de cookies"}]}]}},"_links":{"self":[{"href":"https:\/\/vilarrasa.com\/es\/wp-json\/wp\/v2\/pages\/1378"}],"collection":[{"href":"https:\/\/vilarrasa.com\/es\/wp-json\/wp\/v2\/pages"}],"about":[{"href":"https:\/\/vilarrasa.com\/es\/wp-json\/wp\/v2\/types\/page"}],"author":[{"embeddable":true,"href":"https:\/\/vilarrasa.com\/es\/wp-json\/wp\/v2\/users\/1"}],"replies":[{"embeddable":true,"href":"https:\/\/vilarrasa.com\/es\/wp-json\/wp\/v2\/comments?post=1378"}],"version-history":[{"count":10,"href":"https:\/\/vilarrasa.com\/es\/wp-json\/wp\/v2\/pages\/1378\/revisions"}],"predecessor-version":[{"id":1419,"href":"https:\/\/vilarrasa.com\/es\/wp-json\/wp\/v2\/pages\/1378\/revisions\/1419"}],"wp:attachment":[{"href":"https:\/\/vilarrasa.com\/es\/wp-json\/wp\/v2\/media?parent=1378"}],"curies":[{"name":"wp","href":"https:\/\/api.w.org\/{rel}","templated":true}]}}