{"id":1381,"date":"2021-09-10T11:54:21","date_gmt":"2021-09-10T09:54:21","guid":{"rendered":"https:\/\/vilarrasa.com\/?page_id=1381"},"modified":"2021-10-19T12:29:15","modified_gmt":"2021-10-19T10:29:15","slug":"aviso-legal","status":"publish","type":"page","link":"https:\/\/vilarrasa.com\/es\/aviso-legal\/","title":{"rendered":"Aviso legal"},"content":{"rendered":"\t\t<div data-elementor-type=\"wp-page\" data-elementor-id=\"1381\" class=\"elementor elementor-1381\" data-elementor-settings=\"[]\">\n\t\t\t\t\t\t<div class=\"elementor-inner\">\n\t\t\t\t\t\t\t<div class=\"elementor-section-wrap\">\n\t\t\t\t\t\t\t<section class=\"elementor-section elementor-top-section elementor-element elementor-element-22c8686b elementor-section-boxed elementor-section-height-default elementor-section-height-default\" data-id=\"22c8686b\" data-element_type=\"section\">\n\t\t\t\t\t\t<div class=\"elementor-container elementor-column-gap-default\">\n\t\t\t\t\t\t\t<div class=\"elementor-row\">\n\t\t\t\t\t<div class=\"elementor-column elementor-col-100 elementor-top-column elementor-element elementor-element-529ba603\" data-id=\"529ba603\" data-element_type=\"column\">\n\t\t\t<div class=\"elementor-column-wrap elementor-element-populated\">\n\t\t\t\t\t\t\t<div class=\"elementor-widget-wrap\">\n\t\t\t\t\t\t<div class=\"elementor-element elementor-element-228d5acf elementor-widget elementor-widget-text-editor\" data-id=\"228d5acf\" data-element_type=\"widget\" data-widget_type=\"text-editor.default\">\n\t\t\t\t<div class=\"elementor-widget-container\">\n\t\t\t\t\t\t\t\t<div class=\"elementor-text-editor elementor-clearfix\">\n\t\t\t\t<p>El sitio web y el dominio vilarrasa.com corresponden a Vilarrasa (en adelante Vilarrasa), con CIF A17029109, domiciliada en\u00a0<span style=\"color: var( --e-global-color-text ); font-family: var( --e-global-typography-text-font-family ), Sans-serif; font-weight: var( --e-global-typography-text-font-weight ); background-color: var(--nv-site-bg);\">Carretera d\u2019Olot 1 17850 Besal\u00fa (Girona)\u00a0<\/span><span style=\"color: var( --e-global-color-text ); font-family: var( --e-global-typography-text-font-family ), Sans-serif; font-weight: var( --e-global-typography-text-font-weight ); background-color: var(--nv-site-bg);\">\u2013tel. 972 590 250<\/span><span style=\"color: var( --e-global-color-text ); font-family: var( --e-global-typography-text-font-family ), Sans-serif; font-weight: var( --e-global-typography-text-font-weight ); background-color: var(--nv-site-bg);\">, a\/e\u00a0\u00a0<a href=\"mailto:vilarrasa@vilarrasa.com\">vilarrasa@vilarrasa.com<\/a>.<\/span><\/p><p>Figura inscrita en el Registro Mercantil de Girona.<\/p><p><strong>PROPIEDAD INTELECTUAL E INDUSTRIAL<\/strong><\/p><p>Los contenidos de este sitio, incluyendo los textos, im\u00e1genes y dise\u00f1os gr\u00e1ficos, pertenecen a Vilarrasa, o a terceros que han autorizado su uso espec\u00edficamente en su sitio web. Vilarrasa presenta estos contenidos con fines de informaci\u00f3n y publicidad. Vilarrasa autoriza su utilizaci\u00f3n exclusivamente para difundir sus productos o servicios. Cualquier utilizaci\u00f3n de estos dise\u00f1os, im\u00e1genes o textos deber\u00e1 citar expresamente su pertenencia a Vilarrasa<span style=\"color: var( --e-global-color-text ); font-family: var( --e-global-typography-text-font-family ), Sans-serif; font-weight: var( --e-global-typography-text-font-weight ); background-color: var(--nv-site-bg);\">, que se reserva el derecho a iniciar las acciones legales oportunas para reparar los da\u00f1os y perjuicios causados por cualquier acto que vulnere sus derechos de propiedad inteligente intelectual o industrial. No se autoriza la utilizaci\u00f3n de los logotipos, dise\u00f1os, marcas u otros signos distintivos de Vilarrasa ni los clientes de Neorg sin autorizaci\u00f3n expresa, previa y por escrito de los respectivos titulares de los derechos.<\/span><\/p><p>No se autorizan presentaciones de los contenidos de este sitio en una ventana ajena a vilarrasa.com (framing).<\/p><p><strong>RESPONSABILIDAD SOBRE LOS CONTENIDOS<\/strong><\/p><p>Aunque Vilarrasa act\u00faa con la m\u00e1xima diligencia posible, puede darse el caso de que alg\u00fan dato o informaci\u00f3n no est\u00e9 del todo actualizada en el momento que el usuario del sitio web lo consulte. Por eso Vilarrasa manifiesta que las referencias de los productos y precios que se presentan en su sitio web tienen una funci\u00f3n orientativa y no obligan a Vilarrasa hasta la confirmaci\u00f3n expresa de un pedido.<\/p><p>Vilarrasa no se hace responsable de la informaci\u00f3n que se pueda obtener a trav\u00e9s de enlaces incluidos en el sitio.<\/p><p><strong>CONDICIONES DE USO<\/strong><\/p><p>El uso de este sitio web implica la aceptaci\u00f3n plena de los t\u00e9rminos y condiciones del presente aviso legal. Los posibles conflictos relativos a esta web se regir\u00e1n exclusivamente por el derecho del Estado espa\u00f1ol. Toda persona usuaria del web, independientemente de la jurisdicci\u00f3n territorial desde la que se produzca su acceso, acepta el cumplimiento y respeto de estas cl\u00e1usulas.<\/p><p>Las cookies o galletas son peque\u00f1os archivos de texto que se instalan en los equipos desde los cuales se accede a nuestro sitio web. Entre otros fines, las cookies registran las preferencias y h\u00e1bitos de navegaci\u00f3n de un usuario. Pese a que se asocian a ese usuario y a su equipo, no proporcionan datos directamente identificativos. Hay cookies, como, por ejemplo, las que permiten elaborar estad\u00edsticas o las publicitarias, que requieren del consentimiento del usuario de nuestro sitio. En cambio, otras, como las de car\u00e1cter t\u00e9cnico o las necesarias para ofrecer un servicio que solicite el propio usuario, son imprescindibles para el funcionamiento del sitio. Las cookies pueden clasificarse seg\u00fan su vigencia, seg\u00fan quienes las gestionen o seg\u00fan su finalidad.<\/p><p>SEG\u00daN LA VIGENCIA<\/p><p><em>De sesi\u00f3n<\/em><em>:<\/em> son temporales y permanecen en el archivo de cookies del navegador que usted utilice para entrar en el sitio web hasta el momento en el que salga del sitio.<\/p><p><em>Persistentes<\/em><em>:<\/em> permanecen almacenadas y el sitio web las lee cada vez que usted lo visita.<\/p><p>SEG\u00daN QUIENES LAS GESTIONEN<\/p><p><em>Propias<\/em><em>:<\/em> son las que pertenecen al titular del sitio web desde el cual se prestan los servicios al usuario.<\/p><p><em>De terceros<\/em><em>:<\/em> son enviadas al usuario por un tercero distinto del titular del sitio.<\/p><p>SEG\u00daN LA FINALIDAD<\/p><p><em>Necesarias<\/em><em>:<\/em> las imprescindibles para facilitarle su conexi\u00f3n. No existe la opci\u00f3n de deshabilitarlas, puesto que son necesarias para el funcionamiento del sitio web.<\/p><p><em>T\u00e9cnicas<\/em><em>: <\/em>las que permiten controlar el tr\u00e1fico y la comunicaci\u00f3n de datos, identificar la sesi\u00f3n y acceder a p\u00e1ginas de acceso restringido, entre otras.<\/p><p><em>De preferencias<\/em><em>:<\/em> permiten recordar sus opciones (por ejemplo, su idioma o la regi\u00f3n desde la que usted accede), para proporcionarle servicios avanzados.<\/p><p><em>Anal\u00edticas<\/em><em>:<\/em> proporcionan informaci\u00f3n estad\u00edstica y permiten mejorar los servicios.<\/p><p><em>De publicidad<\/em><em>:<\/em> para ofrecer contenidos publicitarios relacionados con los intereses del usuario, ya sea directamente o bien por medio de terceros (\u201cadservers\u201d).<\/p><p><em>De geolocalizaci\u00f3n<\/em><em>: <\/em>para conocer la localizaci\u00f3n geogr\u00e1fica del usuario.<\/p><p>Enumeramos las cookies que utiliza nuestro sitio web, dando as\u00ed opci\u00f3n (\u00faltima columna) a que cada usuario autorice su descarga.<\/p><p>[Esta tabla es un ejemplo que deber\u00e1 personalizarse seg\u00fan las cookies que utilice el sitio web]<\/p><figure><table><tbody><tr><td><strong>FINALIDAD<\/strong><\/td><td><strong>Proveedor<\/strong><\/td><td><strong>NOMBRE DE LA COOKIE<\/strong><\/td><td><strong>Gesti\u00f3n<\/strong><\/td><td><strong>VIGENCIA<\/strong><\/td><td><strong>FUNCI\u00d3N<\/strong><\/td><\/tr><tr><td>\u00a0<\/td><td>Titular del sitio web<\/td><td>&#8230;&#8230;&#8230;&#8230;&#8230;.<\/td><td>Propia<\/td><td>Sesi\u00f3n<\/td><td>Recordar aceptaci\u00f3n de cookies \/\/ Facilitar la navegaci\u00f3n \/\/ &#8230;..<\/td><\/tr><tr><td>T\u00e9cnicas<\/td><td>&#8230;&#8230;&#8230;&#8230;<\/td><td>&#8230;&#8230;&#8230;&#8230;<\/td><td>&#8230;&#8230;&#8230;..<\/td><td>&#8230;&#8230;&#8230;..<\/td><td>&#8230;&#8230;&#8230;&#8230;&#8230;&#8230;&#8230;..<\/td><\/tr><tr><td>Anal\u00edticas<\/td><td>GOOGLE<\/td><td>_ga _utma _utmb<\/td><td>Terceros Terceros Terceros<\/td><td>2 a\u00f1os 2 a\u00f1os 30 minutos<\/td><td>Realizar estad\u00edsticas\u00a0<\/td><\/tr><tr><td>Publicitarias<\/td><td>&#8230;&#8230;&#8230;&#8230;<\/td><td>&#8230;&#8230;&#8230;&#8230;<\/td><td>&#8230;&#8230;&#8230;..<\/td><td>&#8230;&#8230;&#8230;&#8230;.<\/td><td>&#8230;&#8230;&#8230;&#8230;&#8230;&#8230;&#8230;&#8230;..<\/td><\/tr><tr><td>\u00a0<\/td><td>\u00a0<\/td><td>\u00a0<\/td><td>\u00a0<\/td><td>\u00a0<\/td><td>\u00a0<\/td><\/tr><\/tbody><\/table><\/figure><p>Puedes editar la configuraci\u00f3n de cookies haciendo click aqu\u00ed.<\/p><p>Usted puede revocar su consentimiento sobre la utilizaci\u00f3n de cookies elimin\u00e1ndolas mediante las opciones que le ofrece su navegador. Tambi\u00e9n puede configurar su navegador para que le informe previamente de la posible instalaci\u00f3n de cookies. En los siguientes enlaces encontrar\u00e1 informaci\u00f3n sobre c\u00f3mo hacerlo.<\/p><p>&#8211; Para Firefox (<a href=\"http:\/\/support.mozilla.org\/ca\/kb\/Galetes\">enlace<\/a>)<\/p><p>&#8211; Para Chrome (<a href=\"http:\/\/support.google.com\/chrome\/bin\/answer.py?hl=es&amp;answer=95647\">enlace<\/a>)<\/p><p>&#8211; Para Explorer (<a href=\"https:\/\/support.microsoft.com\/es-es\/help\/278835\/how-to-delete-cookie-files-in-internet-explorer\">enlace<\/a>)<\/p><p>&#8211; Para Edge (<a href=\"https:\/\/support.microsoft.com\/es-es\/help\/4027947\/windows-delete-cookies\">enlace<\/a>)<\/p><p>&#8211; Para Safari per IOS (<a href=\"http:\/\/support.apple.com\/kb\/HT1677?viewlocale=es_ES&amp;locale=es_ES\">enlace<\/a>)<\/p><p>&#8211; Para Opera (<a href=\"https:\/\/help.opera.com\/en\/latest\/web-preferences\/#cookies\">enlace<\/a>)<\/p>\t\t\t\t\t<\/div>\n\t\t\t\t\t\t<\/div>\n\t\t\t\t<\/div>\n\t\t\t\t\t\t<\/div>\n\t\t\t\t\t<\/div>\n\t\t<\/div>\n\t\t\t\t\t\t\t\t<\/div>\n\t\t\t\t\t<\/div>\n\t\t<\/section>\n\t\t\t\t\t\t<\/div>\n\t\t\t\t\t\t<\/div>\n\t\t\t\t\t<\/div>\n\t\t","protected":false},"excerpt":{"rendered":"<p>El sitio web y el dominio vilarrasa.com corresponden a Vilarrasa (en adelante Vilarrasa), con CIF A17029109, domiciliada en\u00a0Carretera d\u2019Olot 1 17850 Besal\u00fa (Girona)\u00a0\u2013tel. 972 590 250, a\/e\u00a0\u00a0vilarrasa@vilarrasa.com. Figura inscrita en el Registro Mercantil de Girona. PROPIEDAD INTELECTUAL E INDUSTRIAL Los contenidos de este sitio, incluyendo los textos, im\u00e1genes y dise\u00f1os gr\u00e1ficos, pertenecen a Vilarrasa, o&hellip;&nbsp;<a href=\"https:\/\/vilarrasa.com\/es\/aviso-legal\/\" class=\"\" rel=\"bookmark\">Leer m\u00e1s &raquo;<span class=\"screen-reader-text\">Aviso legal<\/span><\/a><\/p>\n","protected":false},"author":1,"featured_media":0,"parent":0,"menu_order":0,"comment_status":"closed","ping_status":"closed","template":"","meta":{"content-type":"","neve_meta_sidebar":"","neve_meta_container":"","neve_meta_enable_content_width":"off","neve_meta_content_width":70,"neve_meta_title_alignment":"","neve_meta_author_avatar":"","neve_post_elements_order":"","neve_meta_disable_header":"","neve_meta_disable_footer":"","neve_meta_disable_title":"on","neve_meta_reading_time":""},"yoast_head":"<!-- This site is optimized with the Yoast SEO plugin v18.8 - https:\/\/yoast.com\/wordpress\/plugins\/seo\/ -->\n<title>Aviso legal - Vilarrasa<\/title>\n<meta name=\"robots\" content=\"noindex, follow\" \/>\n<meta property=\"og:locale\" content=\"es_ES\" \/>\n<meta property=\"og:type\" content=\"article\" \/>\n<meta property=\"og:title\" content=\"Aviso legal - Vilarrasa\" \/>\n<meta property=\"og:description\" content=\"El sitio web y el dominio vilarrasa.com corresponden a Vilarrasa (en adelante Vilarrasa), con CIF A17029109, domiciliada en\u00a0Carretera d\u2019Olot 1 17850 Besal\u00fa (Girona)\u00a0\u2013tel. 972 590 250, a\/e\u00a0\u00a0vilarrasa@vilarrasa.com. Figura inscrita en el Registro Mercantil de Girona. PROPIEDAD INTELECTUAL E INDUSTRIAL Los contenidos de este sitio, incluyendo los textos, im\u00e1genes y dise\u00f1os gr\u00e1ficos, pertenecen a Vilarrasa, o&hellip;&nbsp;Leer m\u00e1s &raquo;Aviso legal\" \/>\n<meta property=\"og:url\" content=\"https:\/\/vilarrasa.com\/aviso-legal\/\" \/>\n<meta property=\"og:site_name\" content=\"Vilarrasa\" \/>\n<meta property=\"article:modified_time\" content=\"2021-10-19T10:29:15+00:00\" \/>\n<meta name=\"twitter:card\" content=\"summary_large_image\" \/>\n<meta name=\"twitter:label1\" content=\"Tiempo de lectura\" \/>\n\t<meta name=\"twitter:data1\" content=\"4 minutos\" \/>\n<script type=\"application\/ld+json\" class=\"yoast-schema-graph\">{\"@context\":\"https:\/\/schema.org\",\"@graph\":[{\"@type\":\"Organization\",\"@id\":\"https:\/\/vilarrasa.com\/#organization\",\"name\":\"S.Vilarrasa\",\"url\":\"https:\/\/vilarrasa.com\/\",\"sameAs\":[],\"logo\":{\"@type\":\"ImageObject\",\"inLanguage\":\"es\",\"@id\":\"https:\/\/vilarrasa.com\/#\/schema\/logo\/image\/\",\"url\":\"https:\/\/vilarrasa.com\/wp-content\/uploads\/2020\/06\/logo_vilarr.png\",\"contentUrl\":\"https:\/\/vilarrasa.com\/wp-content\/uploads\/2020\/06\/logo_vilarr.png\",\"width\":885,\"height\":206,\"caption\":\"S.Vilarrasa\"},\"image\":{\"@id\":\"https:\/\/vilarrasa.com\/#\/schema\/logo\/image\/\"}},{\"@type\":\"WebSite\",\"@id\":\"https:\/\/vilarrasa.com\/#website\",\"url\":\"https:\/\/vilarrasa.com\/\",\"name\":\"Vilarrasa\",\"description\":\"Hilos reciclados de alta calidad\",\"publisher\":{\"@id\":\"https:\/\/vilarrasa.com\/#organization\"},\"potentialAction\":[{\"@type\":\"SearchAction\",\"target\":{\"@type\":\"EntryPoint\",\"urlTemplate\":\"https:\/\/vilarrasa.com\/?s={search_term_string}\"},\"query-input\":\"required name=search_term_string\"}],\"inLanguage\":\"es\"},{\"@type\":\"WebPage\",\"@id\":\"https:\/\/vilarrasa.com\/aviso-legal\/#webpage\",\"url\":\"https:\/\/vilarrasa.com\/aviso-legal\/\",\"name\":\"Aviso legal - Vilarrasa\",\"isPartOf\":{\"@id\":\"https:\/\/vilarrasa.com\/#website\"},\"datePublished\":\"2021-09-10T09:54:21+00:00\",\"dateModified\":\"2021-10-19T10:29:15+00:00\",\"breadcrumb\":{\"@id\":\"https:\/\/vilarrasa.com\/aviso-legal\/#breadcrumb\"},\"inLanguage\":\"es\",\"potentialAction\":[{\"@type\":\"ReadAction\",\"target\":[\"https:\/\/vilarrasa.com\/aviso-legal\/\"]}]},{\"@type\":\"BreadcrumbList\",\"@id\":\"https:\/\/vilarrasa.com\/aviso-legal\/#breadcrumb\",\"itemListElement\":[{\"@type\":\"ListItem\",\"position\":1,\"name\":\"Home\",\"item\":\"https:\/\/vilarrasa.com\/\"},{\"@type\":\"ListItem\",\"position\":2,\"name\":\"Aviso legal\"}]}]}<\/script>\n<!-- \/ Yoast SEO plugin. -->","yoast_head_json":{"title":"Aviso legal - Vilarrasa","robots":{"index":"noindex","follow":"follow"},"og_locale":"es_ES","og_type":"article","og_title":"Aviso legal - Vilarrasa","og_description":"El sitio web y el dominio vilarrasa.com corresponden a Vilarrasa (en adelante Vilarrasa), con CIF A17029109, domiciliada en\u00a0Carretera d\u2019Olot 1 17850 Besal\u00fa (Girona)\u00a0\u2013tel. 972 590 250, a\/e\u00a0\u00a0vilarrasa@vilarrasa.com. Figura inscrita en el Registro Mercantil de Girona. PROPIEDAD INTELECTUAL E INDUSTRIAL Los contenidos de este sitio, incluyendo los textos, im\u00e1genes y dise\u00f1os gr\u00e1ficos, pertenecen a Vilarrasa, o&hellip;&nbsp;Leer m\u00e1s &raquo;Aviso legal","og_url":"https:\/\/vilarrasa.com\/aviso-legal\/","og_site_name":"Vilarrasa","article_modified_time":"2021-10-19T10:29:15+00:00","twitter_card":"summary_large_image","twitter_misc":{"Tiempo de lectura":"4 minutos"},"schema":{"@context":"https:\/\/schema.org","@graph":[{"@type":"Organization","@id":"https:\/\/vilarrasa.com\/#organization","name":"S.Vilarrasa","url":"https:\/\/vilarrasa.com\/","sameAs":[],"logo":{"@type":"ImageObject","inLanguage":"es","@id":"https:\/\/vilarrasa.com\/#\/schema\/logo\/image\/","url":"https:\/\/vilarrasa.com\/wp-content\/uploads\/2020\/06\/logo_vilarr.png","contentUrl":"https:\/\/vilarrasa.com\/wp-content\/uploads\/2020\/06\/logo_vilarr.png","width":885,"height":206,"caption":"S.Vilarrasa"},"image":{"@id":"https:\/\/vilarrasa.com\/#\/schema\/logo\/image\/"}},{"@type":"WebSite","@id":"https:\/\/vilarrasa.com\/#website","url":"https:\/\/vilarrasa.com\/","name":"Vilarrasa","description":"Hilos reciclados de alta calidad","publisher":{"@id":"https:\/\/vilarrasa.com\/#organization"},"potentialAction":[{"@type":"SearchAction","target":{"@type":"EntryPoint","urlTemplate":"https:\/\/vilarrasa.com\/?s={search_term_string}"},"query-input":"required name=search_term_string"}],"inLanguage":"es"},{"@type":"WebPage","@id":"https:\/\/vilarrasa.com\/aviso-legal\/#webpage","url":"https:\/\/vilarrasa.com\/aviso-legal\/","name":"Aviso legal - Vilarrasa","isPartOf":{"@id":"https:\/\/vilarrasa.com\/#website"},"datePublished":"2021-09-10T09:54:21+00:00","dateModified":"2021-10-19T10:29:15+00:00","breadcrumb":{"@id":"https:\/\/vilarrasa.com\/aviso-legal\/#breadcrumb"},"inLanguage":"es","potentialAction":[{"@type":"ReadAction","target":["https:\/\/vilarrasa.com\/aviso-legal\/"]}]},{"@type":"BreadcrumbList","@id":"https:\/\/vilarrasa.com\/aviso-legal\/#breadcrumb","itemListElement":[{"@type":"ListItem","position":1,"name":"Home","item":"https:\/\/vilarrasa.com\/"},{"@type":"ListItem","position":2,"name":"Aviso legal"}]}]}},"_links":{"self":[{"href":"https:\/\/vilarrasa.com\/es\/wp-json\/wp\/v2\/pages\/1381"}],"collection":[{"href":"https:\/\/vilarrasa.com\/es\/wp-json\/wp\/v2\/pages"}],"about":[{"href":"https:\/\/vilarrasa.com\/es\/wp-json\/wp\/v2\/types\/page"}],"author":[{"embeddable":true,"href":"https:\/\/vilarrasa.com\/es\/wp-json\/wp\/v2\/users\/1"}],"replies":[{"embeddable":true,"href":"https:\/\/vilarrasa.com\/es\/wp-json\/wp\/v2\/comments?post=1381"}],"version-history":[{"count":15,"href":"https:\/\/vilarrasa.com\/es\/wp-json\/wp\/v2\/pages\/1381\/revisions"}],"predecessor-version":[{"id":1590,"href":"https:\/\/vilarrasa.com\/es\/wp-json\/wp\/v2\/pages\/1381\/revisions\/1590"}],"wp:attachment":[{"href":"https:\/\/vilarrasa.com\/es\/wp-json\/wp\/v2\/media?parent=1381"}],"curies":[{"name":"wp","href":"https:\/\/api.w.org\/{rel}","templated":true}]}}