{"id":326,"date":"2020-07-03T11:03:24","date_gmt":"2020-07-03T11:03:24","guid":{"rendered":"https:\/\/vilarrasa.com\/?page_id=326"},"modified":"2023-11-03T14:28:23","modified_gmt":"2023-11-03T13:28:23","slug":"carta-colores","status":"publish","type":"page","link":"https:\/\/vilarrasa.com\/es\/carta-colores\/","title":{"rendered":"Carta Colores"},"content":{"rendered":"\t\t<div data-elementor-type=\"wp-page\" data-elementor-id=\"326\" class=\"elementor elementor-326\" data-elementor-settings=\"[]\">\n\t\t\t\t\t\t<div class=\"elementor-inner\">\n\t\t\t\t\t\t\t<div class=\"elementor-section-wrap\">\n\t\t\t\t\t\t\t<section class=\"elementor-section elementor-top-section elementor-element elementor-element-454ede1 elementor-section-height-min-height animated-slow elementor-section-boxed elementor-section-height-default elementor-section-items-middle elementor-invisible\" data-id=\"454ede1\" data-element_type=\"section\" data-settings=\"{&quot;background_background&quot;:&quot;classic&quot;,&quot;animation&quot;:&quot;fadeIn&quot;}\">\n\t\t\t\t\t\t\t<div class=\"elementor-background-overlay\"><\/div>\n\t\t\t\t\t\t\t<div class=\"elementor-container elementor-column-gap-default\">\n\t\t\t\t\t\t\t<div class=\"elementor-row\">\n\t\t\t\t\t<div class=\"elementor-column elementor-col-50 elementor-top-column elementor-element elementor-element-3002777\" data-id=\"3002777\" data-element_type=\"column\">\n\t\t\t<div class=\"elementor-column-wrap elementor-element-populated\">\n\t\t\t\t\t\t\t<div class=\"elementor-widget-wrap\">\n\t\t\t\t\t\t<div class=\"elementor-element elementor-element-18d47d03 elementor-widget elementor-widget-heading\" data-id=\"18d47d03\" data-element_type=\"widget\" data-widget_type=\"heading.default\">\n\t\t\t\t<div class=\"elementor-widget-container\">\n\t\t\t<h5 class=\"elementor-heading-title elementor-size-large\">Carta de colores<\/h5>\t\t<\/div>\n\t\t\t\t<\/div>\n\t\t\t\t<div class=\"elementor-element elementor-element-8e47e6f elementor-widget elementor-widget-heading\" data-id=\"8e47e6f\" data-element_type=\"widget\" data-widget_type=\"heading.default\">\n\t\t\t\t<div class=\"elementor-widget-container\">\n\t\t\t<h5 class=\"elementor-heading-title elementor-size-large\"><i>Hilos reciclados de alta calidad<\/i><\/h5>\t\t<\/div>\n\t\t\t\t<\/div>\n\t\t\t\t<div class=\"elementor-element elementor-element-3b0f5a6 animated-slow elementor-widget-divider--view-line elementor-invisible elementor-widget elementor-widget-divider\" data-id=\"3b0f5a6\" data-element_type=\"widget\" data-settings=\"{&quot;_animation&quot;:&quot;fadeInLeft&quot;}\" data-widget_type=\"divider.default\">\n\t\t\t\t<div class=\"elementor-widget-container\">\n\t\t\t\t\t<div class=\"elementor-divider\">\n\t\t\t<span class=\"elementor-divider-separator\">\n\t\t\t\t\t\t<\/span>\n\t\t<\/div>\n\t\t\t\t<\/div>\n\t\t\t\t<\/div>\n\t\t\t\t\t\t<\/div>\n\t\t\t\t\t<\/div>\n\t\t<\/div>\n\t\t\t\t<div class=\"elementor-column elementor-col-50 elementor-top-column elementor-element elementor-element-b7e4ad8 elementor-hidden-phone\" data-id=\"b7e4ad8\" data-element_type=\"column\">\n\t\t\t<div class=\"elementor-column-wrap\">\n\t\t\t\t\t\t\t<div class=\"elementor-widget-wrap\">\n\t\t\t\t\t\t\t\t<\/div>\n\t\t\t\t\t<\/div>\n\t\t<\/div>\n\t\t\t\t\t\t\t\t<\/div>\n\t\t\t\t\t<\/div>\n\t\t<\/section>\n\t\t\t\t<section class=\"elementor-section elementor-top-section elementor-element elementor-element-71e12e2 elementor-section-boxed elementor-section-height-default elementor-section-height-default\" data-id=\"71e12e2\" data-element_type=\"section\">\n\t\t\t\t\t\t<div class=\"elementor-container elementor-column-gap-default\">\n\t\t\t\t\t\t\t<div class=\"elementor-row\">\n\t\t\t\t\t<div class=\"elementor-column elementor-col-100 elementor-top-column elementor-element elementor-element-f9cf41b\" data-id=\"f9cf41b\" data-element_type=\"column\">\n\t\t\t<div class=\"elementor-column-wrap elementor-element-populated\">\n\t\t\t\t\t\t\t<div class=\"elementor-widget-wrap\">\n\t\t\t\t\t\t<div class=\"elementor-element elementor-element-049e8c9 elementor-widget elementor-widget-heading\" data-id=\"049e8c9\" data-element_type=\"widget\" data-widget_type=\"heading.default\">\n\t\t\t\t<div class=\"elementor-widget-container\">\n\t\t\t<h4 class=\"elementor-heading-title elementor-size-default\">Conoce la amplia gama de colores de Vilarrasa<\/h4>\t\t<\/div>\n\t\t\t\t<\/div>\n\t\t\t\t<div class=\"elementor-element elementor-element-bc0c1c7 elementor-widget elementor-widget-text-editor\" data-id=\"bc0c1c7\" data-element_type=\"widget\" data-widget_type=\"text-editor.default\">\n\t\t\t\t<div class=\"elementor-widget-container\">\n\t\t\t\t\t\t\t\t<div class=\"elementor-text-editor elementor-clearfix\">\n\t\t\t\t<p>Como fabricantes de hilo reciclado de alta calidad, disponemos de una amplia variedad de tonos y combinaciones disponibles. Todos ellos desarrollados en nuestro laboratorio de color a partir de materiales reciclados. Trabajamos arduamente para ofrecer opciones de alta calidad y atractivas, que adem\u00e1s contribuyan a reducir la huella de carbono.&nbsp;<span style=\"color: var( --e-global-color-text ); background-color: var(--nv-site-bg);\">Explora nuestra selecci\u00f3n de colores y elige aquellos que mejor se adapten a tus necesidades y proyectos. Tambi\u00e9n podemos hacer cualquier color que se encuentre fuera de la carta.&nbsp;<b>Descarga nuestro cat\u00e1logo hoy y descubre las posibilidades que el hilo reciclado puede ofrecer.<\/b><\/span><\/p>\t\t\t\t\t<\/div>\n\t\t\t\t\t\t<\/div>\n\t\t\t\t<\/div>\n\t\t\t\t\t\t<\/div>\n\t\t\t\t\t<\/div>\n\t\t<\/div>\n\t\t\t\t\t\t\t\t<\/div>\n\t\t\t\t\t<\/div>\n\t\t<\/section>\n\t\t\t\t<section class=\"elementor-section elementor-top-section elementor-element elementor-element-dc80fe2 elementor-section-boxed elementor-section-height-default elementor-section-height-default\" data-id=\"dc80fe2\" data-element_type=\"section\">\n\t\t\t\t\t\t<div class=\"elementor-container elementor-column-gap-default\">\n\t\t\t\t\t\t\t<div class=\"elementor-row\">\n\t\t\t\t\t<div class=\"elementor-column elementor-col-50 elementor-top-column elementor-element elementor-element-7015681\" data-id=\"7015681\" data-element_type=\"column\">\n\t\t\t<div class=\"elementor-column-wrap elementor-element-populated\">\n\t\t\t\t\t\t\t<div class=\"elementor-widget-wrap\">\n\t\t\t\t\t\t<div class=\"elementor-element elementor-element-f36f7f2 elementor-widget elementor-widget-heading\" data-id=\"f36f7f2\" data-element_type=\"widget\" data-widget_type=\"heading.default\">\n\t\t\t\t<div class=\"elementor-widget-container\">\n\t\t\t<h4 class=\"elementor-heading-title elementor-size-default\">Hilos reciclados Algod\u00f3n \/ Poli\u00e9ster<\/h4>\t\t<\/div>\n\t\t\t\t<\/div>\n\t\t\t\t<div class=\"elementor-element elementor-element-3ad8d2f elementor-widget elementor-widget-image\" data-id=\"3ad8d2f\" data-element_type=\"widget\" data-widget_type=\"image.default\">\n\t\t\t\t<div class=\"elementor-widget-container\">\n\t\t\t\t\t\t\t\t<div class=\"elementor-image\">\n\t\t\t\t\t\t\t\t\t\t\t\t\t<a href=\"https:\/\/vilarrasa.com\/es\/descarga-la-carta-de-colores-algodon-poliester\/\">\n\t\t\t\t\t\t\t<img width=\"1024\" height=\"817\" src=\"https:\/\/vilarrasa.com\/wp-content\/uploads\/2023\/03\/ColorChart-Cotton_Polyester-1024x817.jpg\" class=\"attachment-large size-large\" alt=\"ColorChart - CottonPolyester - Vilarrasa\" loading=\"lazy\" srcset=\"https:\/\/vilarrasa.com\/wp-content\/uploads\/2023\/03\/ColorChart-Cotton_Polyester-1024x817.jpg 1024w, https:\/\/vilarrasa.com\/wp-content\/uploads\/2023\/03\/ColorChart-Cotton_Polyester-300x239.jpg 300w, https:\/\/vilarrasa.com\/wp-content\/uploads\/2023\/03\/ColorChart-Cotton_Polyester-768x612.jpg 768w, https:\/\/vilarrasa.com\/wp-content\/uploads\/2023\/03\/ColorChart-Cotton_Polyester.jpg 1200w\" sizes=\"(max-width: 1024px) 100vw, 1024px\" \/>\t\t\t\t\t\t\t\t<\/a>\n\t\t\t\t\t\t\t\t\t\t\t\t\t\t<\/div>\n\t\t\t\t\t\t<\/div>\n\t\t\t\t<\/div>\n\t\t\t\t<div class=\"elementor-element elementor-element-1d43c74 elementor-align-center animated-slow elementor-invisible elementor-widget elementor-widget-button\" data-id=\"1d43c74\" data-element_type=\"widget\" data-settings=\"{&quot;_animation&quot;:&quot;fadeInUp&quot;}\" data-widget_type=\"button.default\">\n\t\t\t\t<div class=\"elementor-widget-container\">\n\t\t\t\t\t<div class=\"elementor-button-wrapper\">\n\t\t\t<a href=\"https:\/\/vilarrasa.com\/es\/descarga-la-carta-de-colores-algodon-poliester\/\" target=\"_blank\" class=\"elementor-button-link elementor-button elementor-size-sm elementor-animation-shrink\" role=\"button\">\n\t\t\t\t\t\t<span class=\"elementor-button-content-wrapper\">\n\t\t\t\t\t\t<span class=\"elementor-button-icon elementor-align-icon-right\">\n\t\t\t\t<svg xmlns=\"http:\/\/www.w3.org\/2000\/svg\" viewBox=\"0 0 81 77.04\"><title>Recurso 20<\/title><g id=\"Capa_2\" data-name=\"Capa 2\"><g id=\"Capa_1-2\" data-name=\"Capa 1\"><path d=\"M18.78,43.33l20,19a2.49,2.49,0,0,0,3.44,0l20-19a2.48,2.48,0,0,0,.9-1.62,2.46,2.46,0,0,0-.5-1.85,2.46,2.46,0,0,0-3.84-.13L43,54.71V2.57A2.48,2.48,0,0,0,42.32.78,2.51,2.51,0,0,0,40.58,0a2.55,2.55,0,0,0-.39,0A2.48,2.48,0,0,0,38,2.54V54.71l-15.75-15A2.49,2.49,0,0,0,18,41.83,2.49,2.49,0,0,0,18.78,43.33Z\"><\/path><path d=\"M80.29,46.78A2.47,2.47,0,0,0,78.54,46,2.51,2.51,0,0,0,76,48.54V72H5V48.57a2.48,2.48,0,0,0-.68-1.79A2.51,2.51,0,0,0,2.58,46a2.55,2.55,0,0,0-.39,0A2.48,2.48,0,0,0,0,48.54v26A2.5,2.5,0,0,0,2.5,77h76a2.5,2.5,0,0,0,2.5-2.5v-26A2.47,2.47,0,0,0,80.29,46.78Z\"><\/path><\/g><\/g><\/svg>\t\t\t<\/span>\n\t\t\t\t\t\t<span class=\"elementor-button-text\">desc\u00e1rgatela<\/span>\n\t\t<\/span>\n\t\t\t\t\t<\/a>\n\t\t<\/div>\n\t\t\t\t<\/div>\n\t\t\t\t<\/div>\n\t\t\t\t\t\t<\/div>\n\t\t\t\t\t<\/div>\n\t\t<\/div>\n\t\t\t\t<div class=\"elementor-column elementor-col-50 elementor-top-column elementor-element elementor-element-6a64318\" data-id=\"6a64318\" data-element_type=\"column\">\n\t\t\t<div class=\"elementor-column-wrap elementor-element-populated\">\n\t\t\t\t\t\t\t<div class=\"elementor-widget-wrap\">\n\t\t\t\t\t\t<div class=\"elementor-element elementor-element-b640f16 elementor-widget elementor-widget-heading\" data-id=\"b640f16\" data-element_type=\"widget\" data-widget_type=\"heading.default\">\n\t\t\t\t<div class=\"elementor-widget-container\">\n\t\t\t<h4 class=\"elementor-heading-title elementor-size-default\">Hilos reciclados Acr\u00edlico \/ Algod\u00f3n<\/h4>\t\t<\/div>\n\t\t\t\t<\/div>\n\t\t\t\t<div class=\"elementor-element elementor-element-ad17a19 elementor-widget elementor-widget-image\" data-id=\"ad17a19\" data-element_type=\"widget\" data-widget_type=\"image.default\">\n\t\t\t\t<div class=\"elementor-widget-container\">\n\t\t\t\t\t\t\t\t<div class=\"elementor-image\">\n\t\t\t\t\t\t\t\t\t\t\t\t\t<a href=\"https:\/\/vilarrasa.com\/es\/descarga-la-carta-de-colores-acrilico-algodon\/\">\n\t\t\t\t\t\t\t<img width=\"1024\" height=\"817\" src=\"https:\/\/vilarrasa.com\/wp-content\/uploads\/2023\/03\/ColorChart-Acrylic_Cotton-1024x817.jpg\" class=\"attachment-large size-large\" alt=\"ColorChart - AcrylicCotton - Vilarrasa\" loading=\"lazy\" srcset=\"https:\/\/vilarrasa.com\/wp-content\/uploads\/2023\/03\/ColorChart-Acrylic_Cotton-1024x817.jpg 1024w, https:\/\/vilarrasa.com\/wp-content\/uploads\/2023\/03\/ColorChart-Acrylic_Cotton-300x239.jpg 300w, https:\/\/vilarrasa.com\/wp-content\/uploads\/2023\/03\/ColorChart-Acrylic_Cotton-768x612.jpg 768w, https:\/\/vilarrasa.com\/wp-content\/uploads\/2023\/03\/ColorChart-Acrylic_Cotton.jpg 1200w\" sizes=\"(max-width: 1024px) 100vw, 1024px\" \/>\t\t\t\t\t\t\t\t<\/a>\n\t\t\t\t\t\t\t\t\t\t\t\t\t\t<\/div>\n\t\t\t\t\t\t<\/div>\n\t\t\t\t<\/div>\n\t\t\t\t<div class=\"elementor-element elementor-element-8fac390 elementor-align-center animated-slow elementor-invisible elementor-widget elementor-widget-button\" data-id=\"8fac390\" data-element_type=\"widget\" data-settings=\"{&quot;_animation&quot;:&quot;fadeInUp&quot;}\" data-widget_type=\"button.default\">\n\t\t\t\t<div class=\"elementor-widget-container\">\n\t\t\t\t\t<div class=\"elementor-button-wrapper\">\n\t\t\t<a href=\"https:\/\/vilarrasa.com\/es\/descarga-la-carta-de-colores-acrilico-algodon\/\" target=\"_blank\" class=\"elementor-button-link elementor-button elementor-size-sm elementor-animation-shrink\" role=\"button\">\n\t\t\t\t\t\t<span class=\"elementor-button-content-wrapper\">\n\t\t\t\t\t\t<span class=\"elementor-button-icon elementor-align-icon-right\">\n\t\t\t\t<svg xmlns=\"http:\/\/www.w3.org\/2000\/svg\" viewBox=\"0 0 81 77.04\"><title>Recurso 20<\/title><g id=\"Capa_2\" data-name=\"Capa 2\"><g id=\"Capa_1-2\" data-name=\"Capa 1\"><path d=\"M18.78,43.33l20,19a2.49,2.49,0,0,0,3.44,0l20-19a2.48,2.48,0,0,0,.9-1.62,2.46,2.46,0,0,0-.5-1.85,2.46,2.46,0,0,0-3.84-.13L43,54.71V2.57A2.48,2.48,0,0,0,42.32.78,2.51,2.51,0,0,0,40.58,0a2.55,2.55,0,0,0-.39,0A2.48,2.48,0,0,0,38,2.54V54.71l-15.75-15A2.49,2.49,0,0,0,18,41.83,2.49,2.49,0,0,0,18.78,43.33Z\"><\/path><path d=\"M80.29,46.78A2.47,2.47,0,0,0,78.54,46,2.51,2.51,0,0,0,76,48.54V72H5V48.57a2.48,2.48,0,0,0-.68-1.79A2.51,2.51,0,0,0,2.58,46a2.55,2.55,0,0,0-.39,0A2.48,2.48,0,0,0,0,48.54v26A2.5,2.5,0,0,0,2.5,77h76a2.5,2.5,0,0,0,2.5-2.5v-26A2.47,2.47,0,0,0,80.29,46.78Z\"><\/path><\/g><\/g><\/svg>\t\t\t<\/span>\n\t\t\t\t\t\t<span class=\"elementor-button-text\">desc\u00e1rgatela<\/span>\n\t\t<\/span>\n\t\t\t\t\t<\/a>\n\t\t<\/div>\n\t\t\t\t<\/div>\n\t\t\t\t<\/div>\n\t\t\t\t\t\t<\/div>\n\t\t\t\t\t<\/div>\n\t\t<\/div>\n\t\t\t\t\t\t\t\t<\/div>\n\t\t\t\t\t<\/div>\n\t\t<\/section>\n\t\t\t\t\t\t<\/div>\n\t\t\t\t\t\t<\/div>\n\t\t\t\t\t<\/div>\n\t\t","protected":false},"excerpt":{"rendered":"<p>Carta de colores Hilos reciclados de alta calidad Conoce la amplia gama de colores de Vilarrasa Como fabricantes de hilo reciclado de alta calidad, disponemos de una amplia variedad de tonos y combinaciones disponibles. Todos ellos desarrollados en nuestro laboratorio de color a partir de materiales reciclados. Trabajamos arduamente para ofrecer opciones de alta calidad&hellip;&nbsp;<a href=\"https:\/\/vilarrasa.com\/es\/carta-colores\/\" class=\"\" rel=\"bookmark\">Leer m\u00e1s &raquo;<span class=\"screen-reader-text\">Carta Colores<\/span><\/a><\/p>\n","protected":false},"author":1,"featured_media":0,"parent":0,"menu_order":0,"comment_status":"closed","ping_status":"closed","template":"page-templates\/template-pagebuilder-full-width.php","meta":{"content-type":"","neve_meta_sidebar":"full-width","neve_meta_container":"","neve_meta_enable_content_width":"on","neve_meta_content_width":100,"neve_meta_title_alignment":"","neve_meta_author_avatar":"","neve_post_elements_order":"","neve_meta_disable_header":"","neve_meta_disable_footer":"","neve_meta_disable_title":"","neve_meta_reading_time":""},"yoast_head":"<!-- This site is optimized with the Yoast SEO plugin v18.8 - https:\/\/yoast.com\/wordpress\/plugins\/seo\/ -->\n<title>Carta Colores - Vilarrasa<\/title>\n<meta name=\"description\" content=\"Desc\u00e1rgate la carta de colores que mejor te convenga seg\u00fan el tipo de material y consulta entre nuestra \u00e1mplia oferta de colores.\" \/>\n<meta name=\"robots\" content=\"index, follow, max-snippet:-1, max-image-preview:large, max-video-preview:-1\" \/>\n<link rel=\"canonical\" href=\"https:\/\/vilarrasa.com\/es\/carta-colores\/\" \/>\n<meta property=\"og:locale\" content=\"es_ES\" \/>\n<meta property=\"og:type\" content=\"article\" \/>\n<meta property=\"og:title\" content=\"Carta Colores - Vilarrasa\" \/>\n<meta property=\"og:description\" content=\"Desc\u00e1rgate la carta de colores que mejor te convenga seg\u00fan el tipo de material y consulta entre nuestra \u00e1mplia oferta de colores.\" \/>\n<meta property=\"og:url\" content=\"https:\/\/vilarrasa.com\/es\/carta-colores\/\" \/>\n<meta property=\"og:site_name\" content=\"Vilarrasa\" \/>\n<meta property=\"article:modified_time\" content=\"2023-11-03T13:28:23+00:00\" \/>\n<meta property=\"og:image\" content=\"https:\/\/vilarrasa.com\/wp-content\/uploads\/2023\/03\/ColorChart-Cotton_Polyester-1024x817.jpg\" \/>\n<meta name=\"twitter:card\" content=\"summary_large_image\" \/>\n<meta name=\"twitter:label1\" content=\"Tiempo de lectura\" \/>\n\t<meta name=\"twitter:data1\" content=\"1 minuto\" \/>\n<script type=\"application\/ld+json\" class=\"yoast-schema-graph\">{\"@context\":\"https:\/\/schema.org\",\"@graph\":[{\"@type\":\"Organization\",\"@id\":\"https:\/\/vilarrasa.com\/#organization\",\"name\":\"S.Vilarrasa\",\"url\":\"https:\/\/vilarrasa.com\/\",\"sameAs\":[],\"logo\":{\"@type\":\"ImageObject\",\"inLanguage\":\"es\",\"@id\":\"https:\/\/vilarrasa.com\/#\/schema\/logo\/image\/\",\"url\":\"https:\/\/vilarrasa.com\/wp-content\/uploads\/2020\/06\/logo_vilarr.png\",\"contentUrl\":\"https:\/\/vilarrasa.com\/wp-content\/uploads\/2020\/06\/logo_vilarr.png\",\"width\":885,\"height\":206,\"caption\":\"S.Vilarrasa\"},\"image\":{\"@id\":\"https:\/\/vilarrasa.com\/#\/schema\/logo\/image\/\"}},{\"@type\":\"WebSite\",\"@id\":\"https:\/\/vilarrasa.com\/#website\",\"url\":\"https:\/\/vilarrasa.com\/\",\"name\":\"Vilarrasa\",\"description\":\"Hilos reciclados de alta calidad\",\"publisher\":{\"@id\":\"https:\/\/vilarrasa.com\/#organization\"},\"potentialAction\":[{\"@type\":\"SearchAction\",\"target\":{\"@type\":\"EntryPoint\",\"urlTemplate\":\"https:\/\/vilarrasa.com\/?s={search_term_string}\"},\"query-input\":\"required name=search_term_string\"}],\"inLanguage\":\"es\"},{\"@type\":\"ImageObject\",\"inLanguage\":\"es\",\"@id\":\"https:\/\/vilarrasa.com\/es\/carta-colores\/#primaryimage\",\"url\":\"https:\/\/vilarrasa.com\/wp-content\/uploads\/2023\/03\/ColorChart-Cotton_Polyester.jpg\",\"contentUrl\":\"https:\/\/vilarrasa.com\/wp-content\/uploads\/2023\/03\/ColorChart-Cotton_Polyester.jpg\",\"width\":1200,\"height\":957,\"caption\":\"ColorChart - CottonPolyester - Vilarrasa\"},{\"@type\":\"WebPage\",\"@id\":\"https:\/\/vilarrasa.com\/es\/carta-colores\/#webpage\",\"url\":\"https:\/\/vilarrasa.com\/es\/carta-colores\/\",\"name\":\"Carta Colores - Vilarrasa\",\"isPartOf\":{\"@id\":\"https:\/\/vilarrasa.com\/#website\"},\"primaryImageOfPage\":{\"@id\":\"https:\/\/vilarrasa.com\/es\/carta-colores\/#primaryimage\"},\"datePublished\":\"2020-07-03T11:03:24+00:00\",\"dateModified\":\"2023-11-03T13:28:23+00:00\",\"description\":\"Desc\u00e1rgate la carta de colores que mejor te convenga seg\u00fan el tipo de material y consulta entre nuestra \u00e1mplia oferta de colores.\",\"breadcrumb\":{\"@id\":\"https:\/\/vilarrasa.com\/es\/carta-colores\/#breadcrumb\"},\"inLanguage\":\"es\",\"potentialAction\":[{\"@type\":\"ReadAction\",\"target\":[\"https:\/\/vilarrasa.com\/es\/carta-colores\/\"]}]},{\"@type\":\"BreadcrumbList\",\"@id\":\"https:\/\/vilarrasa.com\/es\/carta-colores\/#breadcrumb\",\"itemListElement\":[{\"@type\":\"ListItem\",\"position\":1,\"name\":\"Home\",\"item\":\"https:\/\/vilarrasa.com\/\"},{\"@type\":\"ListItem\",\"position\":2,\"name\":\"Carta Colores\"}]}]}<\/script>\n<!-- \/ Yoast SEO plugin. -->","yoast_head_json":{"title":"Carta Colores - Vilarrasa","description":"Desc\u00e1rgate la carta de colores que mejor te convenga seg\u00fan el tipo de material y consulta entre nuestra \u00e1mplia oferta de colores.","robots":{"index":"index","follow":"follow","max-snippet":"max-snippet:-1","max-image-preview":"max-image-preview:large","max-video-preview":"max-video-preview:-1"},"canonical":"https:\/\/vilarrasa.com\/es\/carta-colores\/","og_locale":"es_ES","og_type":"article","og_title":"Carta Colores - Vilarrasa","og_description":"Desc\u00e1rgate la carta de colores que mejor te convenga seg\u00fan el tipo de material y consulta entre nuestra \u00e1mplia oferta de colores.","og_url":"https:\/\/vilarrasa.com\/es\/carta-colores\/","og_site_name":"Vilarrasa","article_modified_time":"2023-11-03T13:28:23+00:00","og_image":[{"url":"https:\/\/vilarrasa.com\/wp-content\/uploads\/2023\/03\/ColorChart-Cotton_Polyester-1024x817.jpg"}],"twitter_card":"summary_large_image","twitter_misc":{"Tiempo de lectura":"1 minuto"},"schema":{"@context":"https:\/\/schema.org","@graph":[{"@type":"Organization","@id":"https:\/\/vilarrasa.com\/#organization","name":"S.Vilarrasa","url":"https:\/\/vilarrasa.com\/","sameAs":[],"logo":{"@type":"ImageObject","inLanguage":"es","@id":"https:\/\/vilarrasa.com\/#\/schema\/logo\/image\/","url":"https:\/\/vilarrasa.com\/wp-content\/uploads\/2020\/06\/logo_vilarr.png","contentUrl":"https:\/\/vilarrasa.com\/wp-content\/uploads\/2020\/06\/logo_vilarr.png","width":885,"height":206,"caption":"S.Vilarrasa"},"image":{"@id":"https:\/\/vilarrasa.com\/#\/schema\/logo\/image\/"}},{"@type":"WebSite","@id":"https:\/\/vilarrasa.com\/#website","url":"https:\/\/vilarrasa.com\/","name":"Vilarrasa","description":"Hilos reciclados de alta calidad","publisher":{"@id":"https:\/\/vilarrasa.com\/#organization"},"potentialAction":[{"@type":"SearchAction","target":{"@type":"EntryPoint","urlTemplate":"https:\/\/vilarrasa.com\/?s={search_term_string}"},"query-input":"required name=search_term_string"}],"inLanguage":"es"},{"@type":"ImageObject","inLanguage":"es","@id":"https:\/\/vilarrasa.com\/es\/carta-colores\/#primaryimage","url":"https:\/\/vilarrasa.com\/wp-content\/uploads\/2023\/03\/ColorChart-Cotton_Polyester.jpg","contentUrl":"https:\/\/vilarrasa.com\/wp-content\/uploads\/2023\/03\/ColorChart-Cotton_Polyester.jpg","width":1200,"height":957,"caption":"ColorChart - CottonPolyester - Vilarrasa"},{"@type":"WebPage","@id":"https:\/\/vilarrasa.com\/es\/carta-colores\/#webpage","url":"https:\/\/vilarrasa.com\/es\/carta-colores\/","name":"Carta Colores - Vilarrasa","isPartOf":{"@id":"https:\/\/vilarrasa.com\/#website"},"primaryImageOfPage":{"@id":"https:\/\/vilarrasa.com\/es\/carta-colores\/#primaryimage"},"datePublished":"2020-07-03T11:03:24+00:00","dateModified":"2023-11-03T13:28:23+00:00","description":"Desc\u00e1rgate la carta de colores que mejor te convenga seg\u00fan el tipo de material y consulta entre nuestra \u00e1mplia oferta de colores.","breadcrumb":{"@id":"https:\/\/vilarrasa.com\/es\/carta-colores\/#breadcrumb"},"inLanguage":"es","potentialAction":[{"@type":"ReadAction","target":["https:\/\/vilarrasa.com\/es\/carta-colores\/"]}]},{"@type":"BreadcrumbList","@id":"https:\/\/vilarrasa.com\/es\/carta-colores\/#breadcrumb","itemListElement":[{"@type":"ListItem","position":1,"name":"Home","item":"https:\/\/vilarrasa.com\/"},{"@type":"ListItem","position":2,"name":"Carta Colores"}]}]}},"_links":{"self":[{"href":"https:\/\/vilarrasa.com\/es\/wp-json\/wp\/v2\/pages\/326"}],"collection":[{"href":"https:\/\/vilarrasa.com\/es\/wp-json\/wp\/v2\/pages"}],"about":[{"href":"https:\/\/vilarrasa.com\/es\/wp-json\/wp\/v2\/types\/page"}],"author":[{"embeddable":true,"href":"https:\/\/vilarrasa.com\/es\/wp-json\/wp\/v2\/users\/1"}],"replies":[{"embeddable":true,"href":"https:\/\/vilarrasa.com\/es\/wp-json\/wp\/v2\/comments?post=326"}],"version-history":[{"count":49,"href":"https:\/\/vilarrasa.com\/es\/wp-json\/wp\/v2\/pages\/326\/revisions"}],"predecessor-version":[{"id":6973,"href":"https:\/\/vilarrasa.com\/es\/wp-json\/wp\/v2\/pages\/326\/revisions\/6973"}],"wp:attachment":[{"href":"https:\/\/vilarrasa.com\/es\/wp-json\/wp\/v2\/media?parent=326"}],"curies":[{"name":"wp","href":"https:\/\/api.w.org\/{rel}","templated":true}]}}