{"id":5343,"date":"2023-03-13T12:38:22","date_gmt":"2023-03-13T11:38:22","guid":{"rendered":"https:\/\/vilarrasa.com\/?page_id=5343"},"modified":"2023-03-13T13:02:42","modified_gmt":"2023-03-13T12:02:42","slug":"patrimonio","status":"publish","type":"page","link":"https:\/\/vilarrasa.com\/es\/patrimonio\/","title":{"rendered":"Patrimonio"},"content":{"rendered":"\t\t<div data-elementor-type=\"wp-page\" data-elementor-id=\"5343\" class=\"elementor elementor-5343\" data-elementor-settings=\"[]\">\n\t\t\t\t\t\t<div class=\"elementor-inner\">\n\t\t\t\t\t\t\t<div class=\"elementor-section-wrap\">\n\t\t\t\t\t\t\t<section class=\"elementor-section elementor-top-section elementor-element elementor-element-d069f44 elementor-section-content-middle animated-slow elementor-section-boxed elementor-section-height-default elementor-section-height-default elementor-invisible\" data-id=\"d069f44\" data-element_type=\"section\" data-settings=\"{&quot;animation&quot;:&quot;fadeInUp&quot;,&quot;background_background&quot;:&quot;classic&quot;}\">\n\t\t\t\t\t\t<div class=\"elementor-container elementor-column-gap-no\">\n\t\t\t\t\t\t\t<div class=\"elementor-row\">\n\t\t\t\t\t<div class=\"elementor-column elementor-col-50 elementor-top-column elementor-element elementor-element-4c13ada\" data-id=\"4c13ada\" data-element_type=\"column\">\n\t\t\t<div class=\"elementor-column-wrap elementor-element-populated\">\n\t\t\t\t\t\t\t<div class=\"elementor-widget-wrap\">\n\t\t\t\t\t\t<div class=\"elementor-element elementor-element-4f0a3b2 elementor-widget elementor-widget-heading\" data-id=\"4f0a3b2\" data-element_type=\"widget\" data-widget_type=\"heading.default\">\n\t\t\t\t<div class=\"elementor-widget-container\">\n\t\t\t<h3 class=\"elementor-heading-title elementor-size-default\">Patrimonio<\/h3>\t\t<\/div>\n\t\t\t\t<\/div>\n\t\t\t\t<div class=\"elementor-element elementor-element-3b0ac7c elementor-widget-divider--view-line elementor-widget elementor-widget-divider\" data-id=\"3b0ac7c\" data-element_type=\"widget\" data-widget_type=\"divider.default\">\n\t\t\t\t<div class=\"elementor-widget-container\">\n\t\t\t\t\t<div class=\"elementor-divider\">\n\t\t\t<span class=\"elementor-divider-separator\">\n\t\t\t\t\t\t<\/span>\n\t\t<\/div>\n\t\t\t\t<\/div>\n\t\t\t\t<\/div>\n\t\t\t\t<div class=\"elementor-element elementor-element-84e40de elementor-widget elementor-widget-text-editor\" data-id=\"84e40de\" data-element_type=\"widget\" data-widget_type=\"text-editor.default\">\n\t\t\t\t<div class=\"elementor-widget-container\">\n\t\t\t\t\t\t\t\t<div class=\"elementor-text-editor elementor-clearfix\">\n\t\t\t\t<p>Somos una empresa familiar dedicada desde sus or\u00edgenes en 1957 a la fabricaci\u00f3n de hilo, si bien existe documentaci\u00f3n \u00a0de actividad industrial desde el a\u00f1o 1853.<\/p>\t\t\t\t\t<\/div>\n\t\t\t\t\t\t<\/div>\n\t\t\t\t<\/div>\n\t\t\t\t<div class=\"elementor-element elementor-element-67b249b elementor-widget elementor-widget-text-editor\" data-id=\"67b249b\" data-element_type=\"widget\" data-widget_type=\"text-editor.default\">\n\t\t\t\t<div class=\"elementor-widget-container\">\n\t\t\t\t\t\t\t\t<div class=\"elementor-text-editor elementor-clearfix\">\n\t\t\t\t<p>En la actualidad tenemos 4 centros de producci\u00f3n, situados en la provincia de Girona.<\/p>\t\t\t\t\t<\/div>\n\t\t\t\t\t\t<\/div>\n\t\t\t\t<\/div>\n\t\t\t\t\t\t<\/div>\n\t\t\t\t\t<\/div>\n\t\t<\/div>\n\t\t\t\t<div class=\"elementor-column elementor-col-50 elementor-top-column elementor-element elementor-element-5b24537\" data-id=\"5b24537\" data-element_type=\"column\">\n\t\t\t<div class=\"elementor-column-wrap elementor-element-populated\">\n\t\t\t\t\t\t\t<div class=\"elementor-widget-wrap\">\n\t\t\t\t\t\t<div class=\"elementor-element elementor-element-9cf9d34 elementor-widget elementor-widget-image\" data-id=\"9cf9d34\" data-element_type=\"widget\" data-widget_type=\"image.default\">\n\t\t\t\t<div class=\"elementor-widget-container\">\n\t\t\t\t\t\t\t\t<div class=\"elementor-image\">\n\t\t\t\t\t\t\t\t\t\t\t\t<img width=\"1300\" height=\"912\" src=\"https:\/\/vilarrasa.com\/wp-content\/uploads\/2021\/03\/foto_antiga.png\" class=\"attachment-full size-full\" alt=\"\" loading=\"lazy\" srcset=\"https:\/\/vilarrasa.com\/wp-content\/uploads\/2021\/03\/foto_antiga.png 1300w, https:\/\/vilarrasa.com\/wp-content\/uploads\/2021\/03\/foto_antiga-300x210.png 300w, https:\/\/vilarrasa.com\/wp-content\/uploads\/2021\/03\/foto_antiga-1024x718.png 1024w, https:\/\/vilarrasa.com\/wp-content\/uploads\/2021\/03\/foto_antiga-768x539.png 768w\" sizes=\"(max-width: 1300px) 100vw, 1300px\" \/>\t\t\t\t\t\t\t\t\t\t\t\t\t\t<\/div>\n\t\t\t\t\t\t<\/div>\n\t\t\t\t<\/div>\n\t\t\t\t\t\t<\/div>\n\t\t\t\t\t<\/div>\n\t\t<\/div>\n\t\t\t\t\t\t\t\t<\/div>\n\t\t\t\t\t<\/div>\n\t\t<\/section>\n\t\t\t\t\t\t<\/div>\n\t\t\t\t\t\t<\/div>\n\t\t\t\t\t<\/div>\n\t\t","protected":false},"excerpt":{"rendered":"<p>Patrimonio Somos una empresa familiar dedicada desde sus or\u00edgenes en 1957 a la fabricaci\u00f3n de hilo, si bien existe documentaci\u00f3n &nbsp;de actividad industrial desde el a\u00f1o 1853. En la actualidad tenemos 4 centros de producci\u00f3n, situados en la provincia de Girona.<\/p>\n","protected":false},"author":8,"featured_media":0,"parent":0,"menu_order":0,"comment_status":"closed","ping_status":"closed","template":"page-templates\/template-pagebuilder-full-width.php","meta":{"content-type":"","neve_meta_sidebar":"full-width","neve_meta_container":"","neve_meta_enable_content_width":"on","neve_meta_content_width":100,"neve_meta_title_alignment":"","neve_meta_author_avatar":"","neve_post_elements_order":"","neve_meta_disable_header":"","neve_meta_disable_footer":"","neve_meta_disable_title":"","neve_meta_reading_time":""},"yoast_head":"<!-- This site is optimized with the Yoast SEO plugin v18.8 - https:\/\/yoast.com\/wordpress\/plugins\/seo\/ -->\n<title>Patrimonio - Vilarrasa<\/title>\n<meta name=\"description\" content=\"Somos una empresa familiar dedicada desde sus or\u00edgenes en 1957 a la fabricaci\u00f3n de hilo, con documentaci\u00f3n existente de 1853\" \/>\n<meta name=\"robots\" content=\"index, follow, max-snippet:-1, max-image-preview:large, max-video-preview:-1\" \/>\n<link rel=\"canonical\" href=\"https:\/\/vilarrasa.com\/patrimonio\/\" \/>\n<meta property=\"og:locale\" content=\"es_ES\" \/>\n<meta property=\"og:type\" content=\"article\" \/>\n<meta property=\"og:title\" content=\"Patrimonio - Vilarrasa\" \/>\n<meta property=\"og:description\" content=\"Somos una empresa familiar dedicada desde sus or\u00edgenes en 1957 a la fabricaci\u00f3n de hilo, con documentaci\u00f3n existente de 1853\" \/>\n<meta property=\"og:url\" content=\"https:\/\/vilarrasa.com\/patrimonio\/\" \/>\n<meta property=\"og:site_name\" content=\"Vilarrasa\" \/>\n<meta property=\"article:modified_time\" content=\"2023-03-13T12:02:42+00:00\" \/>\n<meta property=\"og:image\" content=\"https:\/\/vilarrasa.com\/wp-content\/uploads\/2021\/03\/foto_antiga.png\" \/>\n<meta name=\"twitter:card\" content=\"summary_large_image\" \/>\n<meta name=\"twitter:label1\" content=\"Tiempo de lectura\" \/>\n\t<meta name=\"twitter:data1\" content=\"1 minuto\" \/>\n<script type=\"application\/ld+json\" class=\"yoast-schema-graph\">{\"@context\":\"https:\/\/schema.org\",\"@graph\":[{\"@type\":\"Organization\",\"@id\":\"https:\/\/vilarrasa.com\/#organization\",\"name\":\"S.Vilarrasa\",\"url\":\"https:\/\/vilarrasa.com\/\",\"sameAs\":[],\"logo\":{\"@type\":\"ImageObject\",\"inLanguage\":\"es\",\"@id\":\"https:\/\/vilarrasa.com\/#\/schema\/logo\/image\/\",\"url\":\"https:\/\/vilarrasa.com\/wp-content\/uploads\/2020\/06\/logo_vilarr.png\",\"contentUrl\":\"https:\/\/vilarrasa.com\/wp-content\/uploads\/2020\/06\/logo_vilarr.png\",\"width\":885,\"height\":206,\"caption\":\"S.Vilarrasa\"},\"image\":{\"@id\":\"https:\/\/vilarrasa.com\/#\/schema\/logo\/image\/\"}},{\"@type\":\"WebSite\",\"@id\":\"https:\/\/vilarrasa.com\/#website\",\"url\":\"https:\/\/vilarrasa.com\/\",\"name\":\"Vilarrasa\",\"description\":\"Hilos reciclados de alta calidad\",\"publisher\":{\"@id\":\"https:\/\/vilarrasa.com\/#organization\"},\"potentialAction\":[{\"@type\":\"SearchAction\",\"target\":{\"@type\":\"EntryPoint\",\"urlTemplate\":\"https:\/\/vilarrasa.com\/?s={search_term_string}\"},\"query-input\":\"required name=search_term_string\"}],\"inLanguage\":\"es\"},{\"@type\":\"ImageObject\",\"inLanguage\":\"es\",\"@id\":\"https:\/\/vilarrasa.com\/patrimonio\/#primaryimage\",\"url\":\"https:\/\/vilarrasa.com\/wp-content\/uploads\/2021\/03\/foto_antiga.png\",\"contentUrl\":\"https:\/\/vilarrasa.com\/wp-content\/uploads\/2021\/03\/foto_antiga.png\",\"width\":1300,\"height\":912},{\"@type\":\"WebPage\",\"@id\":\"https:\/\/vilarrasa.com\/patrimonio\/#webpage\",\"url\":\"https:\/\/vilarrasa.com\/patrimonio\/\",\"name\":\"Patrimonio - Vilarrasa\",\"isPartOf\":{\"@id\":\"https:\/\/vilarrasa.com\/#website\"},\"primaryImageOfPage\":{\"@id\":\"https:\/\/vilarrasa.com\/patrimonio\/#primaryimage\"},\"datePublished\":\"2023-03-13T11:38:22+00:00\",\"dateModified\":\"2023-03-13T12:02:42+00:00\",\"description\":\"Somos una empresa familiar dedicada desde sus or\u00edgenes en 1957 a la fabricaci\u00f3n de hilo, con documentaci\u00f3n existente de 1853\",\"breadcrumb\":{\"@id\":\"https:\/\/vilarrasa.com\/patrimonio\/#breadcrumb\"},\"inLanguage\":\"es\",\"potentialAction\":[{\"@type\":\"ReadAction\",\"target\":[\"https:\/\/vilarrasa.com\/patrimonio\/\"]}]},{\"@type\":\"BreadcrumbList\",\"@id\":\"https:\/\/vilarrasa.com\/patrimonio\/#breadcrumb\",\"itemListElement\":[{\"@type\":\"ListItem\",\"position\":1,\"name\":\"Home\",\"item\":\"https:\/\/vilarrasa.com\/\"},{\"@type\":\"ListItem\",\"position\":2,\"name\":\"Patrimonio\"}]}]}<\/script>\n<!-- \/ Yoast SEO plugin. -->","yoast_head_json":{"title":"Patrimonio - Vilarrasa","description":"Somos una empresa familiar dedicada desde sus or\u00edgenes en 1957 a la fabricaci\u00f3n de hilo, con documentaci\u00f3n existente de 1853","robots":{"index":"index","follow":"follow","max-snippet":"max-snippet:-1","max-image-preview":"max-image-preview:large","max-video-preview":"max-video-preview:-1"},"canonical":"https:\/\/vilarrasa.com\/patrimonio\/","og_locale":"es_ES","og_type":"article","og_title":"Patrimonio - Vilarrasa","og_description":"Somos una empresa familiar dedicada desde sus or\u00edgenes en 1957 a la fabricaci\u00f3n de hilo, con documentaci\u00f3n existente de 1853","og_url":"https:\/\/vilarrasa.com\/patrimonio\/","og_site_name":"Vilarrasa","article_modified_time":"2023-03-13T12:02:42+00:00","og_image":[{"url":"https:\/\/vilarrasa.com\/wp-content\/uploads\/2021\/03\/foto_antiga.png"}],"twitter_card":"summary_large_image","twitter_misc":{"Tiempo de lectura":"1 minuto"},"schema":{"@context":"https:\/\/schema.org","@graph":[{"@type":"Organization","@id":"https:\/\/vilarrasa.com\/#organization","name":"S.Vilarrasa","url":"https:\/\/vilarrasa.com\/","sameAs":[],"logo":{"@type":"ImageObject","inLanguage":"es","@id":"https:\/\/vilarrasa.com\/#\/schema\/logo\/image\/","url":"https:\/\/vilarrasa.com\/wp-content\/uploads\/2020\/06\/logo_vilarr.png","contentUrl":"https:\/\/vilarrasa.com\/wp-content\/uploads\/2020\/06\/logo_vilarr.png","width":885,"height":206,"caption":"S.Vilarrasa"},"image":{"@id":"https:\/\/vilarrasa.com\/#\/schema\/logo\/image\/"}},{"@type":"WebSite","@id":"https:\/\/vilarrasa.com\/#website","url":"https:\/\/vilarrasa.com\/","name":"Vilarrasa","description":"Hilos reciclados de alta calidad","publisher":{"@id":"https:\/\/vilarrasa.com\/#organization"},"potentialAction":[{"@type":"SearchAction","target":{"@type":"EntryPoint","urlTemplate":"https:\/\/vilarrasa.com\/?s={search_term_string}"},"query-input":"required name=search_term_string"}],"inLanguage":"es"},{"@type":"ImageObject","inLanguage":"es","@id":"https:\/\/vilarrasa.com\/patrimonio\/#primaryimage","url":"https:\/\/vilarrasa.com\/wp-content\/uploads\/2021\/03\/foto_antiga.png","contentUrl":"https:\/\/vilarrasa.com\/wp-content\/uploads\/2021\/03\/foto_antiga.png","width":1300,"height":912},{"@type":"WebPage","@id":"https:\/\/vilarrasa.com\/patrimonio\/#webpage","url":"https:\/\/vilarrasa.com\/patrimonio\/","name":"Patrimonio - Vilarrasa","isPartOf":{"@id":"https:\/\/vilarrasa.com\/#website"},"primaryImageOfPage":{"@id":"https:\/\/vilarrasa.com\/patrimonio\/#primaryimage"},"datePublished":"2023-03-13T11:38:22+00:00","dateModified":"2023-03-13T12:02:42+00:00","description":"Somos una empresa familiar dedicada desde sus or\u00edgenes en 1957 a la fabricaci\u00f3n de hilo, con documentaci\u00f3n existente de 1853","breadcrumb":{"@id":"https:\/\/vilarrasa.com\/patrimonio\/#breadcrumb"},"inLanguage":"es","potentialAction":[{"@type":"ReadAction","target":["https:\/\/vilarrasa.com\/patrimonio\/"]}]},{"@type":"BreadcrumbList","@id":"https:\/\/vilarrasa.com\/patrimonio\/#breadcrumb","itemListElement":[{"@type":"ListItem","position":1,"name":"Home","item":"https:\/\/vilarrasa.com\/"},{"@type":"ListItem","position":2,"name":"Patrimonio"}]}]}},"_links":{"self":[{"href":"https:\/\/vilarrasa.com\/es\/wp-json\/wp\/v2\/pages\/5343"}],"collection":[{"href":"https:\/\/vilarrasa.com\/es\/wp-json\/wp\/v2\/pages"}],"about":[{"href":"https:\/\/vilarrasa.com\/es\/wp-json\/wp\/v2\/types\/page"}],"author":[{"embeddable":true,"href":"https:\/\/vilarrasa.com\/es\/wp-json\/wp\/v2\/users\/8"}],"replies":[{"embeddable":true,"href":"https:\/\/vilarrasa.com\/es\/wp-json\/wp\/v2\/comments?post=5343"}],"version-history":[{"count":12,"href":"https:\/\/vilarrasa.com\/es\/wp-json\/wp\/v2\/pages\/5343\/revisions"}],"predecessor-version":[{"id":5367,"href":"https:\/\/vilarrasa.com\/es\/wp-json\/wp\/v2\/pages\/5343\/revisions\/5367"}],"wp:attachment":[{"href":"https:\/\/vilarrasa.com\/es\/wp-json\/wp\/v2\/media?parent=5343"}],"curies":[{"name":"wp","href":"https:\/\/api.w.org\/{rel}","templated":true}]}}