{"id":1476,"date":"2021-09-22T13:30:36","date_gmt":"2021-09-22T11:30:36","guid":{"rendered":"https:\/\/vilarrasa.com\/avis-juridique\/"},"modified":"2021-10-19T12:46:08","modified_gmt":"2021-10-19T10:46:08","slug":"avis-juridique","status":"publish","type":"page","link":"https:\/\/vilarrasa.com\/fr\/avis-juridique\/","title":{"rendered":"Avis juridique"},"content":{"rendered":"\t\t<div data-elementor-type=\"wp-page\" data-elementor-id=\"1476\" class=\"elementor elementor-1476 elementor-1381\" data-elementor-settings=\"[]\">\n\t\t\t\t\t\t<div class=\"elementor-inner\">\n\t\t\t\t\t\t\t<div class=\"elementor-section-wrap\">\n\t\t\t\t\t\t\t<section class=\"elementor-section elementor-top-section elementor-element elementor-element-22c8686b elementor-section-boxed elementor-section-height-default elementor-section-height-default\" data-id=\"22c8686b\" data-element_type=\"section\">\n\t\t\t\t\t\t<div class=\"elementor-container elementor-column-gap-default\">\n\t\t\t\t\t\t\t<div class=\"elementor-row\">\n\t\t\t\t\t<div class=\"elementor-column elementor-col-100 elementor-top-column elementor-element elementor-element-529ba603\" data-id=\"529ba603\" data-element_type=\"column\">\n\t\t\t<div class=\"elementor-column-wrap elementor-element-populated\">\n\t\t\t\t\t\t\t<div class=\"elementor-widget-wrap\">\n\t\t\t\t\t\t<div class=\"elementor-element elementor-element-228d5acf elementor-widget elementor-widget-text-editor\" data-id=\"228d5acf\" data-element_type=\"widget\" data-widget_type=\"text-editor.default\">\n\t\t\t\t<div class=\"elementor-widget-container\">\n\t\t\t\t\t\t\t\t<div class=\"elementor-text-editor elementor-clearfix\">\n\t\t\t\t<p>Le site Web et le domaine vilarrasa.com sont la propri\u00e9t\u00e9 de Vilarrasa (ci-apr\u00e8s Vilarrasa), avec le num\u00e9ro fiscal d&rsquo;entreprise A17029109, situ\u00e9 \u00e0 Carretera d\u2019Olot 1 17850 Besal\u00fa (Girona), t\u00e9l. 972 590 250, a\/e\u00a0<a style=\"font-family: var( --e-global-typography-text-font-family ), Sans-serif; font-weight: var( --e-global-typography-text-font-weight ); background-color: var(--nv-site-bg);\" href=\"mailto:vilarrasa@vilarrasa.com\">vilarrasa@vilarrasa.com<\/a><span style=\"color: var( --e-global-color-text ); font-family: var( --e-global-typography-text-font-family ), Sans-serif; font-weight: var( --e-global-typography-text-font-weight ); background-color: var(--nv-site-bg);\">.<\/span><\/p><p>Inscrite au Registre du Commerce de Girona.<\/p><p><b>PROPRI\u00c9T\u00c9 INTELLECTUELLE ET INDUSTRIELLE<\/b><\/p><p>Le contenu de ce site, y compris les textes, images et conceptions graphiques, appartient \u00e0 Vilarrasa, ou \u00e0 des tiers qui en ont express\u00e9ment autoris\u00e9 l&rsquo;utilisation sur son site Internet. Vilarrasa propose ces contenus \u00e0 des fins d&rsquo;information et de publicit\u00e9. Vilarrasa autorise son utilisation exclusivement pour la diffusion de ses produits ou services. Toute utilisation de ces dessins, images ou textes doit mentionner express\u00e9ment qu&rsquo;ils sont la propri\u00e9t\u00e9 de Vilarrasa, qui se r\u00e9serve le droit d&rsquo;engager l&rsquo;action judiciaire appropri\u00e9e pour r\u00e9clamer les dommages caus\u00e9s par toute action qui viole leurs droits de propri\u00e9t\u00e9 intellectuelle ou industrielle. L&rsquo;utilisation de logos, dessins, marques ou autres signes distinctifs appartenant \u00e0 Vilarrasa ou aux clients de Neorg n&rsquo;est pas autoris\u00e9e sans avoir re\u00e7u l&rsquo;autorisation \u00e9crite expresse et pr\u00e9alable des titulaires des droits respectifs.<\/p><p>Les pr\u00e9sentations du contenu de ce site ne sont pas autoris\u00e9es dans une fen\u00eatre ext\u00e9rieure \u00e0 vilarrasa.com (framing).<\/p><p><b>RESPONSABILIT\u00c9 POUR LE CONTENU<\/b><\/p><p>Bien que Vilarrasa agisse avec la plus grande diligence possible, il se peut que certaines donn\u00e9es ou informations n&rsquo;aient pas \u00e9t\u00e9 compl\u00e8tement mises \u00e0 jour au moment o\u00f9 l&rsquo;utilisateur consulte le site Web. A ce titre, Vilarrasa pr\u00e9cise que les r\u00e9f\u00e9rences des produits et les prix qui figurent sur son site Internet le sont \u00e0 titre indicatif et n&rsquo;engagent Vilarrasa qu&rsquo;\u00e0 partir de la confirmation expresse d&rsquo;une commande.<\/p><p>Vilarrasa ne sera pas responsable des informations pouvant \u00eatre obtenues via les liens inclus sur le site Web.<\/p><p><b>CONDITIONS D&rsquo;UTILISATION<\/b><\/p><p>L&rsquo;utilisation de ce site implique l&rsquo;acceptation pleine et enti\u00e8re et sans r\u00e9serve des termes et conditions \u00e9nonc\u00e9s dans les pr\u00e9sentes mentions l\u00e9gales. Les conflits \u00e9ventuels relatifs \u00e0 ce site Web seront d\u00e9termin\u00e9s exclusivement par les lois espagnoles. Les utilisateurs du site Web, ind\u00e9pendamment de la juridiction territoriale \u00e0 partir de laquelle ils y acc\u00e8dent, se conforment et respectent cette clause, renon\u00e7ant express\u00e9ment \u00e0 toute juridiction qui leur est propre.<\/p>\t\t\t\t\t<\/div>\n\t\t\t\t\t\t<\/div>\n\t\t\t\t<\/div>\n\t\t\t\t\t\t<\/div>\n\t\t\t\t\t<\/div>\n\t\t<\/div>\n\t\t\t\t\t\t\t\t<\/div>\n\t\t\t\t\t<\/div>\n\t\t<\/section>\n\t\t\t\t\t\t<\/div>\n\t\t\t\t\t\t<\/div>\n\t\t\t\t\t<\/div>\n\t\t","protected":false},"excerpt":{"rendered":"<p>Le site Web et le domaine vilarrasa.com sont la propri\u00e9t\u00e9 de Vilarrasa (ci-apr\u00e8s Vilarrasa), avec le num\u00e9ro fiscal d&rsquo;entreprise A17029109, situ\u00e9 \u00e0 Carretera d\u2019Olot 1 17850 Besal\u00fa (Girona), t\u00e9l. 972 590 250, a\/e\u00a0vilarrasa@vilarrasa.com. Inscrite au Registre du Commerce de Girona. PROPRI\u00c9T\u00c9 INTELLECTUELLE ET INDUSTRIELLE Le contenu de ce site, y compris les textes, images et&hellip;&nbsp;<a href=\"https:\/\/vilarrasa.com\/fr\/avis-juridique\/\" class=\"\" rel=\"bookmark\">Lire la suite &raquo;<span class=\"screen-reader-text\">Avis juridique<\/span><\/a><\/p>\n","protected":false},"author":1,"featured_media":0,"parent":0,"menu_order":0,"comment_status":"closed","ping_status":"closed","template":"","meta":{"content-type":"","neve_meta_sidebar":"","neve_meta_container":"","neve_meta_enable_content_width":"off","neve_meta_content_width":70,"neve_meta_title_alignment":"","neve_meta_author_avatar":"","neve_post_elements_order":"","neve_meta_disable_header":"","neve_meta_disable_footer":"","neve_meta_disable_title":"on","neve_meta_reading_time":""},"yoast_head":"<!-- This site is optimized with the Yoast SEO plugin v18.8 - https:\/\/yoast.com\/wordpress\/plugins\/seo\/ -->\n<title>Avis juridique - Vilarrasa<\/title>\n<meta name=\"robots\" content=\"noindex, follow\" \/>\n<meta property=\"og:locale\" content=\"fr_FR\" \/>\n<meta property=\"og:type\" content=\"article\" \/>\n<meta property=\"og:title\" content=\"Avis juridique - Vilarrasa\" \/>\n<meta property=\"og:description\" content=\"Le site Web et le domaine vilarrasa.com sont la propri\u00e9t\u00e9 de Vilarrasa (ci-apr\u00e8s Vilarrasa), avec le num\u00e9ro fiscal d&rsquo;entreprise A17029109, situ\u00e9 \u00e0 Carretera d\u2019Olot 1 17850 Besal\u00fa (Girona), t\u00e9l. 972 590 250, a\/e\u00a0vilarrasa@vilarrasa.com. Inscrite au Registre du Commerce de Girona. PROPRI\u00c9T\u00c9 INTELLECTUELLE ET INDUSTRIELLE Le contenu de ce site, y compris les textes, images et&hellip;&nbsp;Lire la suite &raquo;Avis juridique\" \/>\n<meta property=\"og:url\" content=\"https:\/\/vilarrasa.com\/fr\/avis-juridique\/\" \/>\n<meta property=\"og:site_name\" content=\"Vilarrasa\" \/>\n<meta property=\"article:modified_time\" content=\"2021-10-19T10:46:08+00:00\" \/>\n<meta name=\"twitter:card\" content=\"summary_large_image\" \/>\n<meta name=\"twitter:label1\" content=\"Dur\u00e9e de lecture estim\u00e9e\" \/>\n\t<meta name=\"twitter:data1\" content=\"2 minutes\" \/>\n<script type=\"application\/ld+json\" class=\"yoast-schema-graph\">{\"@context\":\"https:\/\/schema.org\",\"@graph\":[{\"@type\":\"Organization\",\"@id\":\"https:\/\/vilarrasa.com\/#organization\",\"name\":\"S.Vilarrasa\",\"url\":\"https:\/\/vilarrasa.com\/\",\"sameAs\":[],\"logo\":{\"@type\":\"ImageObject\",\"inLanguage\":\"fr-FR\",\"@id\":\"https:\/\/vilarrasa.com\/#\/schema\/logo\/image\/\",\"url\":\"https:\/\/vilarrasa.com\/wp-content\/uploads\/2020\/06\/logo_vilarr.png\",\"contentUrl\":\"https:\/\/vilarrasa.com\/wp-content\/uploads\/2020\/06\/logo_vilarr.png\",\"width\":885,\"height\":206,\"caption\":\"S.Vilarrasa\"},\"image\":{\"@id\":\"https:\/\/vilarrasa.com\/#\/schema\/logo\/image\/\"}},{\"@type\":\"WebSite\",\"@id\":\"https:\/\/vilarrasa.com\/#website\",\"url\":\"https:\/\/vilarrasa.com\/\",\"name\":\"Vilarrasa\",\"description\":\"Hilos reciclados de alta calidad\",\"publisher\":{\"@id\":\"https:\/\/vilarrasa.com\/#organization\"},\"potentialAction\":[{\"@type\":\"SearchAction\",\"target\":{\"@type\":\"EntryPoint\",\"urlTemplate\":\"https:\/\/vilarrasa.com\/?s={search_term_string}\"},\"query-input\":\"required name=search_term_string\"}],\"inLanguage\":\"fr-FR\"},{\"@type\":\"WebPage\",\"@id\":\"https:\/\/vilarrasa.com\/fr\/avis-juridique\/#webpage\",\"url\":\"https:\/\/vilarrasa.com\/fr\/avis-juridique\/\",\"name\":\"Avis juridique - Vilarrasa\",\"isPartOf\":{\"@id\":\"https:\/\/vilarrasa.com\/#website\"},\"datePublished\":\"2021-09-22T11:30:36+00:00\",\"dateModified\":\"2021-10-19T10:46:08+00:00\",\"breadcrumb\":{\"@id\":\"https:\/\/vilarrasa.com\/fr\/avis-juridique\/#breadcrumb\"},\"inLanguage\":\"fr-FR\",\"potentialAction\":[{\"@type\":\"ReadAction\",\"target\":[\"https:\/\/vilarrasa.com\/fr\/avis-juridique\/\"]}]},{\"@type\":\"BreadcrumbList\",\"@id\":\"https:\/\/vilarrasa.com\/fr\/avis-juridique\/#breadcrumb\",\"itemListElement\":[{\"@type\":\"ListItem\",\"position\":1,\"name\":\"Home\",\"item\":\"https:\/\/vilarrasa.com\/es\/\"},{\"@type\":\"ListItem\",\"position\":2,\"name\":\"Avis juridique\"}]}]}<\/script>\n<!-- \/ Yoast SEO plugin. -->","yoast_head_json":{"title":"Avis juridique - Vilarrasa","robots":{"index":"noindex","follow":"follow"},"og_locale":"fr_FR","og_type":"article","og_title":"Avis juridique - Vilarrasa","og_description":"Le site Web et le domaine vilarrasa.com sont la propri\u00e9t\u00e9 de Vilarrasa (ci-apr\u00e8s Vilarrasa), avec le num\u00e9ro fiscal d&rsquo;entreprise A17029109, situ\u00e9 \u00e0 Carretera d\u2019Olot 1 17850 Besal\u00fa (Girona), t\u00e9l. 972 590 250, a\/e\u00a0vilarrasa@vilarrasa.com. Inscrite au Registre du Commerce de Girona. PROPRI\u00c9T\u00c9 INTELLECTUELLE ET INDUSTRIELLE Le contenu de ce site, y compris les textes, images et&hellip;&nbsp;Lire la suite &raquo;Avis juridique","og_url":"https:\/\/vilarrasa.com\/fr\/avis-juridique\/","og_site_name":"Vilarrasa","article_modified_time":"2021-10-19T10:46:08+00:00","twitter_card":"summary_large_image","twitter_misc":{"Dur\u00e9e de lecture estim\u00e9e":"2 minutes"},"schema":{"@context":"https:\/\/schema.org","@graph":[{"@type":"Organization","@id":"https:\/\/vilarrasa.com\/#organization","name":"S.Vilarrasa","url":"https:\/\/vilarrasa.com\/","sameAs":[],"logo":{"@type":"ImageObject","inLanguage":"fr-FR","@id":"https:\/\/vilarrasa.com\/#\/schema\/logo\/image\/","url":"https:\/\/vilarrasa.com\/wp-content\/uploads\/2020\/06\/logo_vilarr.png","contentUrl":"https:\/\/vilarrasa.com\/wp-content\/uploads\/2020\/06\/logo_vilarr.png","width":885,"height":206,"caption":"S.Vilarrasa"},"image":{"@id":"https:\/\/vilarrasa.com\/#\/schema\/logo\/image\/"}},{"@type":"WebSite","@id":"https:\/\/vilarrasa.com\/#website","url":"https:\/\/vilarrasa.com\/","name":"Vilarrasa","description":"Hilos reciclados de alta calidad","publisher":{"@id":"https:\/\/vilarrasa.com\/#organization"},"potentialAction":[{"@type":"SearchAction","target":{"@type":"EntryPoint","urlTemplate":"https:\/\/vilarrasa.com\/?s={search_term_string}"},"query-input":"required name=search_term_string"}],"inLanguage":"fr-FR"},{"@type":"WebPage","@id":"https:\/\/vilarrasa.com\/fr\/avis-juridique\/#webpage","url":"https:\/\/vilarrasa.com\/fr\/avis-juridique\/","name":"Avis juridique - Vilarrasa","isPartOf":{"@id":"https:\/\/vilarrasa.com\/#website"},"datePublished":"2021-09-22T11:30:36+00:00","dateModified":"2021-10-19T10:46:08+00:00","breadcrumb":{"@id":"https:\/\/vilarrasa.com\/fr\/avis-juridique\/#breadcrumb"},"inLanguage":"fr-FR","potentialAction":[{"@type":"ReadAction","target":["https:\/\/vilarrasa.com\/fr\/avis-juridique\/"]}]},{"@type":"BreadcrumbList","@id":"https:\/\/vilarrasa.com\/fr\/avis-juridique\/#breadcrumb","itemListElement":[{"@type":"ListItem","position":1,"name":"Home","item":"https:\/\/vilarrasa.com\/es\/"},{"@type":"ListItem","position":2,"name":"Avis juridique"}]}]}},"_links":{"self":[{"href":"https:\/\/vilarrasa.com\/fr\/wp-json\/wp\/v2\/pages\/1476"}],"collection":[{"href":"https:\/\/vilarrasa.com\/fr\/wp-json\/wp\/v2\/pages"}],"about":[{"href":"https:\/\/vilarrasa.com\/fr\/wp-json\/wp\/v2\/types\/page"}],"author":[{"embeddable":true,"href":"https:\/\/vilarrasa.com\/fr\/wp-json\/wp\/v2\/users\/1"}],"replies":[{"embeddable":true,"href":"https:\/\/vilarrasa.com\/fr\/wp-json\/wp\/v2\/comments?post=1476"}],"version-history":[{"count":4,"href":"https:\/\/vilarrasa.com\/fr\/wp-json\/wp\/v2\/pages\/1476\/revisions"}],"predecessor-version":[{"id":1606,"href":"https:\/\/vilarrasa.com\/fr\/wp-json\/wp\/v2\/pages\/1476\/revisions\/1606"}],"wp:attachment":[{"href":"https:\/\/vilarrasa.com\/fr\/wp-json\/wp\/v2\/media?parent=1476"}],"curies":[{"name":"wp","href":"https:\/\/api.w.org\/{rel}","templated":true}]}}