{"id":2800,"date":"2022-12-01T15:46:50","date_gmt":"2022-12-01T14:46:50","guid":{"rendered":"https:\/\/vilarrasa.com\/blog\/"},"modified":"2023-06-23T16:14:08","modified_gmt":"2023-06-23T14:14:08","slug":"blog","status":"publish","type":"page","link":"https:\/\/vilarrasa.com\/fr\/blog\/","title":{"rendered":"Actualit\u00e9s"},"content":{"rendered":"\t\t<div data-elementor-type=\"wp-page\" data-elementor-id=\"2800\" class=\"elementor elementor-2800 elementor-2666\" data-elementor-settings=\"[]\">\n\t\t\t\t\t\t<div class=\"elementor-inner\">\n\t\t\t\t\t\t\t<div class=\"elementor-section-wrap\">\n\t\t\t\t\t\t\t<section class=\"elementor-section elementor-top-section elementor-element elementor-element-f45ec80 elementor-section-boxed elementor-section-height-default elementor-section-height-default\" data-id=\"f45ec80\" data-element_type=\"section\" data-settings=\"{&quot;background_background&quot;:&quot;classic&quot;}\">\n\t\t\t\t\t\t\t<div class=\"elementor-background-overlay\"><\/div>\n\t\t\t\t\t\t\t<div class=\"elementor-container elementor-column-gap-default\">\n\t\t\t\t\t\t\t<div class=\"elementor-row\">\n\t\t\t\t\t<div class=\"elementor-column elementor-col-100 elementor-top-column elementor-element elementor-element-eb82e8f\" data-id=\"eb82e8f\" data-element_type=\"column\">\n\t\t\t<div class=\"elementor-column-wrap elementor-element-populated\">\n\t\t\t\t\t\t\t<div class=\"elementor-widget-wrap\">\n\t\t\t\t\t\t<div class=\"elementor-element elementor-element-003abdd elementor-widget elementor-widget-heading\" data-id=\"003abdd\" data-element_type=\"widget\" data-widget_type=\"heading.default\">\n\t\t\t\t<div class=\"elementor-widget-container\">\n\t\t\t<h1 class=\"elementor-heading-title elementor-size-default\">Actualit\u00e9s et blog<\/h1>\t\t<\/div>\n\t\t\t\t<\/div>\n\t\t\t\t<div class=\"elementor-element elementor-element-4cfbd0a elementor-widget elementor-widget-text-editor\" data-id=\"4cfbd0a\" data-element_type=\"widget\" data-widget_type=\"text-editor.default\">\n\t\t\t\t<div class=\"elementor-widget-container\">\n\t\t\t\t\t\t\t\t<div class=\"elementor-text-editor elementor-clearfix\">\n\t\t\t\t<p>Articles, mises \u00e0 jour et nouvelles sur tout ce qui concerne le monde du fil recycl\u00e9<br \/>\npr\u00e9-consommation, post-industriel, post-consommation et nouvelles tendances dans le secteur textile.<\/p>\n\t\t\t\t\t<\/div>\n\t\t\t\t\t\t<\/div>\n\t\t\t\t<\/div>\n\t\t\t\t\t\t<\/div>\n\t\t\t\t\t<\/div>\n\t\t<\/div>\n\t\t\t\t\t\t\t\t<\/div>\n\t\t\t\t\t<\/div>\n\t\t<\/section>\n\t\t\t\t<section class=\"elementor-section elementor-top-section elementor-element elementor-element-f780a2c elementor-section-boxed elementor-section-height-default elementor-section-height-default\" data-id=\"f780a2c\" data-element_type=\"section\">\n\t\t\t\t\t\t<div class=\"elementor-container elementor-column-gap-default\">\n\t\t\t\t\t\t\t<div class=\"elementor-row\">\n\t\t\t\t\t<div class=\"elementor-column elementor-col-100 elementor-top-column elementor-element elementor-element-18a91d5\" data-id=\"18a91d5\" data-element_type=\"column\">\n\t\t\t<div class=\"elementor-column-wrap elementor-element-populated\">\n\t\t\t\t\t\t\t<div class=\"elementor-widget-wrap\">\n\t\t\t\t\t\t<div class=\"elementor-element elementor-element-879d617 elementor-grid-2 elementor-grid-tablet-2 elementor-grid-mobile-1 elementor-posts--thumbnail-top elementor-posts__hover-gradient elementor-widget elementor-widget-posts\" data-id=\"879d617\" data-element_type=\"widget\" data-settings=\"{&quot;cards_columns&quot;:&quot;2&quot;,&quot;pagination_type&quot;:&quot;numbers_and_prev_next&quot;,&quot;cards_row_gap&quot;:{&quot;unit&quot;:&quot;px&quot;,&quot;size&quot;:50,&quot;sizes&quot;:[]},&quot;cards_columns_tablet&quot;:&quot;2&quot;,&quot;cards_columns_mobile&quot;:&quot;1&quot;}\" data-widget_type=\"posts.cards\">\n\t\t\t\t<div class=\"elementor-widget-container\">\n\t\t\t\t\t<div class=\"elementor-posts-container elementor-posts elementor-posts--skin-cards elementor-grid\">\n\t\t\t\t<article class=\"elementor-post elementor-grid-item post-8209 post type-post status-publish format-standard has-post-thumbnail hentry category-fils-recycles category-non-classifiee\">\n\t\t\t<div class=\"elementor-post__card\">\n\t\t\t\t<a class=\"elementor-post__thumbnail__link\" href=\"https:\/\/vilarrasa.com\/fr\/fil-recycle-plus-quune-tendance-un-mouvement-dans-le-secteur-de-la-mode\/\" >\n\t\t\t<div class=\"elementor-post__thumbnail\"><img width=\"930\" height=\"600\" src=\"https:\/\/vilarrasa.com\/wp-content\/uploads\/2024\/07\/Recycled-yarn-More-than-a-trend-Vilarrasa-Group.jpg\" class=\"attachment-full size-full\" alt=\"Recycled yarn More than a trend - Vilarrasa Group\" loading=\"lazy\" srcset=\"https:\/\/vilarrasa.com\/wp-content\/uploads\/2024\/07\/Recycled-yarn-More-than-a-trend-Vilarrasa-Group.jpg 930w, https:\/\/vilarrasa.com\/wp-content\/uploads\/2024\/07\/Recycled-yarn-More-than-a-trend-Vilarrasa-Group-300x194.jpg 300w, https:\/\/vilarrasa.com\/wp-content\/uploads\/2024\/07\/Recycled-yarn-More-than-a-trend-Vilarrasa-Group-768x495.jpg 768w\" sizes=\"(max-width: 930px) 100vw, 930px\" \/><\/div>\n\t\t<\/a>\n\t\t\t\t<div class=\"elementor-post__badge\">fils recycl\u00e9s<\/div>\n\t\t\t\t<div class=\"elementor-post__text\">\n\t\t\t\t<h2 class=\"elementor-post__title\">\n\t\t\t<a href=\"https:\/\/vilarrasa.com\/fr\/fil-recycle-plus-quune-tendance-un-mouvement-dans-le-secteur-de-la-mode\/\" >\n\t\t\t\tFil recycl\u00e9 : Plus qu&rsquo;une tendance, un mouvement dans le secteur de la mode\t\t\t<\/a>\n\t\t<\/h2>\n\t\t\t\t<\/div>\n\t\t\t\t<div class=\"elementor-post__meta-data\">\n\t\t\t\t\t<span class=\"elementor-post-date\">\n\t\t\t11 de juillet de 2024\t\t<\/span>\n\t\t\t\t<\/div>\n\t\t\t\t\t<\/div>\n\t\t<\/article>\n\t\t\t\t<article class=\"elementor-post elementor-grid-item post-8186 post type-post status-publish format-standard has-post-thumbnail hentry category-fils-recycles\">\n\t\t\t<div class=\"elementor-post__card\">\n\t\t\t\t<a class=\"elementor-post__thumbnail__link\" href=\"https:\/\/vilarrasa.com\/fr\/limportance-de-leducation-des-consommateurs-dans-ladoption-du-fil-recycle\/\" >\n\t\t\t<div class=\"elementor-post__thumbnail\"><img width=\"930\" height=\"600\" src=\"https:\/\/vilarrasa.com\/wp-content\/uploads\/2024\/07\/The-role-of-consumer-education-in-the-embrace-of-recycled-yarn-Vilarrasa-Group.jpg\" class=\"attachment-full size-full\" alt=\"The role of consumer education in the embrace of recycled yarn | Vilarrasa Group\" loading=\"lazy\" srcset=\"https:\/\/vilarrasa.com\/wp-content\/uploads\/2024\/07\/The-role-of-consumer-education-in-the-embrace-of-recycled-yarn-Vilarrasa-Group.jpg 930w, https:\/\/vilarrasa.com\/wp-content\/uploads\/2024\/07\/The-role-of-consumer-education-in-the-embrace-of-recycled-yarn-Vilarrasa-Group-300x194.jpg 300w, https:\/\/vilarrasa.com\/wp-content\/uploads\/2024\/07\/The-role-of-consumer-education-in-the-embrace-of-recycled-yarn-Vilarrasa-Group-768x495.jpg 768w\" sizes=\"(max-width: 930px) 100vw, 930px\" \/><\/div>\n\t\t<\/a>\n\t\t\t\t<div class=\"elementor-post__badge\">fils recycl\u00e9s<\/div>\n\t\t\t\t<div class=\"elementor-post__text\">\n\t\t\t\t<h2 class=\"elementor-post__title\">\n\t\t\t<a href=\"https:\/\/vilarrasa.com\/fr\/limportance-de-leducation-des-consommateurs-dans-ladoption-du-fil-recycle\/\" >\n\t\t\t\tL&rsquo;importance de l&rsquo;\u00e9ducation des consommateurs dans l&rsquo;adoption du fil recycl\u00e9\t\t\t<\/a>\n\t\t<\/h2>\n\t\t\t\t<\/div>\n\t\t\t\t<div class=\"elementor-post__meta-data\">\n\t\t\t\t\t<span class=\"elementor-post-date\">\n\t\t\t10 de juillet de 2024\t\t<\/span>\n\t\t\t\t<\/div>\n\t\t\t\t\t<\/div>\n\t\t<\/article>\n\t\t\t\t<article class=\"elementor-post elementor-grid-item post-8198 post type-post status-publish format-standard has-post-thumbnail hentry category-post-consommation\">\n\t\t\t<div class=\"elementor-post__card\">\n\t\t\t\t<a class=\"elementor-post__thumbnail__link\" href=\"https:\/\/vilarrasa.com\/fr\/respin-by-vilarrasa-notre-ligne-de-fabrication-de-fil-recycle-post-consommateur\/\" >\n\t\t\t<div class=\"elementor-post__thumbnail\"><img width=\"930\" height=\"600\" src=\"https:\/\/vilarrasa.com\/wp-content\/uploads\/2024\/07\/RESPIN-by-Vilarrasa-Our-business-line-for-manufacturing-post-consumer-recycled-yarn.-.jpg\" class=\"attachment-full size-full\" alt=\"RESPIN by Vilarrasa: Our business line for manufacturing post-consumer recycled yarn.\" loading=\"lazy\" srcset=\"https:\/\/vilarrasa.com\/wp-content\/uploads\/2024\/07\/RESPIN-by-Vilarrasa-Our-business-line-for-manufacturing-post-consumer-recycled-yarn.-.jpg 930w, https:\/\/vilarrasa.com\/wp-content\/uploads\/2024\/07\/RESPIN-by-Vilarrasa-Our-business-line-for-manufacturing-post-consumer-recycled-yarn.--300x194.jpg 300w, https:\/\/vilarrasa.com\/wp-content\/uploads\/2024\/07\/RESPIN-by-Vilarrasa-Our-business-line-for-manufacturing-post-consumer-recycled-yarn.--768x495.jpg 768w\" sizes=\"(max-width: 930px) 100vw, 930px\" \/><\/div>\n\t\t<\/a>\n\t\t\t\t<div class=\"elementor-post__badge\">post-consommation<\/div>\n\t\t\t\t<div class=\"elementor-post__text\">\n\t\t\t\t<h2 class=\"elementor-post__title\">\n\t\t\t<a href=\"https:\/\/vilarrasa.com\/fr\/respin-by-vilarrasa-notre-ligne-de-fabrication-de-fil-recycle-post-consommateur\/\" >\n\t\t\t\tRESPIN by Vilarrasa : Notre ligne de fabrication de fil recycl\u00e9 post-consommateur\t\t\t<\/a>\n\t\t<\/h2>\n\t\t\t\t<\/div>\n\t\t\t\t<div class=\"elementor-post__meta-data\">\n\t\t\t\t\t<span class=\"elementor-post-date\">\n\t\t\t9 de juillet de 2024\t\t<\/span>\n\t\t\t\t<\/div>\n\t\t\t\t\t<\/div>\n\t\t<\/article>\n\t\t\t\t<article class=\"elementor-post elementor-grid-item post-8175 post type-post status-publish format-standard has-post-thumbnail hentry category-fils-recycles\">\n\t\t\t<div class=\"elementor-post__card\">\n\t\t\t\t<a class=\"elementor-post__thumbnail__link\" href=\"https:\/\/vilarrasa.com\/fr\/une-maison-plus-verte-une-planete-plus-vivante\/\" >\n\t\t\t<div class=\"elementor-post__thumbnail\"><img width=\"930\" height=\"600\" src=\"https:\/\/vilarrasa.com\/wp-content\/uploads\/2024\/07\/A-greener-home-a-livelier-planet-Vilarrasa-Group.jpg\" class=\"attachment-full size-full\" alt=\"A greener home, a livelier planet |  Vilarrasa Group\" loading=\"lazy\" srcset=\"https:\/\/vilarrasa.com\/wp-content\/uploads\/2024\/07\/A-greener-home-a-livelier-planet-Vilarrasa-Group.jpg 930w, https:\/\/vilarrasa.com\/wp-content\/uploads\/2024\/07\/A-greener-home-a-livelier-planet-Vilarrasa-Group-300x194.jpg 300w, https:\/\/vilarrasa.com\/wp-content\/uploads\/2024\/07\/A-greener-home-a-livelier-planet-Vilarrasa-Group-768x495.jpg 768w\" sizes=\"(max-width: 930px) 100vw, 930px\" \/><\/div>\n\t\t<\/a>\n\t\t\t\t<div class=\"elementor-post__badge\">fils recycl\u00e9s<\/div>\n\t\t\t\t<div class=\"elementor-post__text\">\n\t\t\t\t<h2 class=\"elementor-post__title\">\n\t\t\t<a href=\"https:\/\/vilarrasa.com\/fr\/une-maison-plus-verte-une-planete-plus-vivante\/\" >\n\t\t\t\tUne maison plus verte, une plan\u00e8te plus vivante\t\t\t<\/a>\n\t\t<\/h2>\n\t\t\t\t<\/div>\n\t\t\t\t<div class=\"elementor-post__meta-data\">\n\t\t\t\t\t<span class=\"elementor-post-date\">\n\t\t\t9 de juillet de 2024\t\t<\/span>\n\t\t\t\t<\/div>\n\t\t\t\t\t<\/div>\n\t\t<\/article>\n\t\t\t\t<article class=\"elementor-post elementor-grid-item post-8157 post type-post status-publish format-standard has-post-thumbnail hentry category-fils-recycles\">\n\t\t\t<div class=\"elementor-post__card\">\n\t\t\t\t<a class=\"elementor-post__thumbnail__link\" href=\"https:\/\/vilarrasa.com\/fr\/vers-une-economie-circulaire-dans-lindustrie-de-la-mode\/\" >\n\t\t\t<div class=\"elementor-post__thumbnail\"><img width=\"930\" height=\"600\" src=\"https:\/\/vilarrasa.com\/wp-content\/uploads\/2024\/06\/Towards-a-circular-economy-in-the-fashion-industry-Vilarrasa-Group.jpg\" class=\"attachment-full size-full\" alt=\"Towards a circular economy in the fashion industry - Vilarrasa Group\" loading=\"lazy\" srcset=\"https:\/\/vilarrasa.com\/wp-content\/uploads\/2024\/06\/Towards-a-circular-economy-in-the-fashion-industry-Vilarrasa-Group.jpg 930w, https:\/\/vilarrasa.com\/wp-content\/uploads\/2024\/06\/Towards-a-circular-economy-in-the-fashion-industry-Vilarrasa-Group-300x194.jpg 300w, https:\/\/vilarrasa.com\/wp-content\/uploads\/2024\/06\/Towards-a-circular-economy-in-the-fashion-industry-Vilarrasa-Group-768x495.jpg 768w\" sizes=\"(max-width: 930px) 100vw, 930px\" \/><\/div>\n\t\t<\/a>\n\t\t\t\t<div class=\"elementor-post__badge\">fils recycl\u00e9s<\/div>\n\t\t\t\t<div class=\"elementor-post__text\">\n\t\t\t\t<h2 class=\"elementor-post__title\">\n\t\t\t<a href=\"https:\/\/vilarrasa.com\/fr\/vers-une-economie-circulaire-dans-lindustrie-de-la-mode\/\" >\n\t\t\t\tVers une \u00e9conomie circulaire dans l&rsquo;industrie de la mode\t\t\t<\/a>\n\t\t<\/h2>\n\t\t\t\t<\/div>\n\t\t\t\t<div class=\"elementor-post__meta-data\">\n\t\t\t\t\t<span class=\"elementor-post-date\">\n\t\t\t25 de juin de 2024\t\t<\/span>\n\t\t\t\t<\/div>\n\t\t\t\t\t<\/div>\n\t\t<\/article>\n\t\t\t\t<article class=\"elementor-post elementor-grid-item post-8093 post type-post status-publish format-standard has-post-thumbnail hentry category-fils-recycles\">\n\t\t\t<div class=\"elementor-post__card\">\n\t\t\t\t<a class=\"elementor-post__thumbnail__link\" href=\"https:\/\/vilarrasa.com\/fr\/8-cles-pour-adopter-avec-succes-le-fil-recycle-dans-lindustrie-textile\/\" >\n\t\t\t<div class=\"elementor-post__thumbnail\"><img width=\"930\" height=\"600\" src=\"https:\/\/vilarrasa.com\/wp-content\/uploads\/2024\/06\/8-Keys-to-successfully-adopting-recycled-yarn-in-the-textile-industry-Vilarrasa-Group.jpg\" class=\"attachment-full size-full\" alt=\"8 Keys to successfully adopting recycled yarn in the textile industry Vilarrasa Group\" loading=\"lazy\" srcset=\"https:\/\/vilarrasa.com\/wp-content\/uploads\/2024\/06\/8-Keys-to-successfully-adopting-recycled-yarn-in-the-textile-industry-Vilarrasa-Group.jpg 930w, https:\/\/vilarrasa.com\/wp-content\/uploads\/2024\/06\/8-Keys-to-successfully-adopting-recycled-yarn-in-the-textile-industry-Vilarrasa-Group-300x194.jpg 300w, https:\/\/vilarrasa.com\/wp-content\/uploads\/2024\/06\/8-Keys-to-successfully-adopting-recycled-yarn-in-the-textile-industry-Vilarrasa-Group-768x495.jpg 768w\" sizes=\"(max-width: 930px) 100vw, 930px\" \/><\/div>\n\t\t<\/a>\n\t\t\t\t<div class=\"elementor-post__badge\">fils recycl\u00e9s<\/div>\n\t\t\t\t<div class=\"elementor-post__text\">\n\t\t\t\t<h2 class=\"elementor-post__title\">\n\t\t\t<a href=\"https:\/\/vilarrasa.com\/fr\/8-cles-pour-adopter-avec-succes-le-fil-recycle-dans-lindustrie-textile\/\" >\n\t\t\t\t8 cl\u00e9s pour adopter avec succ\u00e8s le fil recycl\u00e9 dans l&rsquo;industrie textile\t\t\t<\/a>\n\t\t<\/h2>\n\t\t\t\t<\/div>\n\t\t\t\t<div class=\"elementor-post__meta-data\">\n\t\t\t\t\t<span class=\"elementor-post-date\">\n\t\t\t11 de juin de 2024\t\t<\/span>\n\t\t\t\t<\/div>\n\t\t\t\t\t<\/div>\n\t\t<\/article>\n\t\t\t\t<\/div>\n\n\n\t\t\n\t\t\t\t<div class=\"e-load-more-anchor\" data-page=\"1\" data-max-page=\"13\"><\/div>\n\t\t\t\t<nav class=\"elementor-pagination\" role=\"navigation\" aria-label=\"Pagination\">\n\t\t\t<span class=\"page-numbers prev\">&laquo; Pr\u00e9c\u00e9dent<\/span>\n<span aria-current=\"page\" class=\"page-numbers current\"><span class=\"elementor-screen-only\">Page<\/span>1<\/span>\n<a class=\"page-numbers\" href=\"https:\/\/vilarrasa.com\/fr\/wp-json\/wp\/v2\/pages\/2800\/page\/2\/\"><span class=\"elementor-screen-only\">Page<\/span>2<\/a>\n<a class=\"page-numbers\" href=\"https:\/\/vilarrasa.com\/fr\/wp-json\/wp\/v2\/pages\/2800\/page\/3\/\"><span class=\"elementor-screen-only\">Page<\/span>3<\/a>\n<a class=\"page-numbers\" href=\"https:\/\/vilarrasa.com\/fr\/wp-json\/wp\/v2\/pages\/2800\/page\/4\/\"><span class=\"elementor-screen-only\">Page<\/span>4<\/a>\n<a class=\"page-numbers\" href=\"https:\/\/vilarrasa.com\/fr\/wp-json\/wp\/v2\/pages\/2800\/page\/5\/\"><span class=\"elementor-screen-only\">Page<\/span>5<\/a>\n<a class=\"page-numbers\" href=\"https:\/\/vilarrasa.com\/fr\/wp-json\/wp\/v2\/pages\/2800\/page\/6\/\"><span class=\"elementor-screen-only\">Page<\/span>6<\/a>\n<a class=\"page-numbers\" href=\"https:\/\/vilarrasa.com\/fr\/wp-json\/wp\/v2\/pages\/2800\/page\/7\/\"><span class=\"elementor-screen-only\">Page<\/span>7<\/a>\n<a class=\"page-numbers\" href=\"https:\/\/vilarrasa.com\/fr\/wp-json\/wp\/v2\/pages\/2800\/page\/8\/\"><span class=\"elementor-screen-only\">Page<\/span>8<\/a>\n<a class=\"page-numbers\" href=\"https:\/\/vilarrasa.com\/fr\/wp-json\/wp\/v2\/pages\/2800\/page\/9\/\"><span class=\"elementor-screen-only\">Page<\/span>9<\/a>\n<a class=\"page-numbers\" href=\"https:\/\/vilarrasa.com\/fr\/wp-json\/wp\/v2\/pages\/2800\/page\/10\/\"><span class=\"elementor-screen-only\">Page<\/span>10<\/a>\n<a class=\"page-numbers\" href=\"https:\/\/vilarrasa.com\/fr\/wp-json\/wp\/v2\/pages\/2800\/page\/11\/\"><span class=\"elementor-screen-only\">Page<\/span>11<\/a>\n<a class=\"page-numbers\" href=\"https:\/\/vilarrasa.com\/fr\/wp-json\/wp\/v2\/pages\/2800\/page\/12\/\"><span class=\"elementor-screen-only\">Page<\/span>12<\/a>\n<a class=\"page-numbers\" href=\"https:\/\/vilarrasa.com\/fr\/wp-json\/wp\/v2\/pages\/2800\/page\/13\/\"><span class=\"elementor-screen-only\">Page<\/span>13<\/a>\n<a class=\"page-numbers next\" href=\"https:\/\/vilarrasa.com\/fr\/wp-json\/wp\/v2\/pages\/2800\/page\/2\/\">Suivant &raquo;<\/a>\t\t<\/nav>\n\t\t\t\t<\/div>\n\t\t\t\t<\/div>\n\t\t\t\t\t\t<\/div>\n\t\t\t\t\t<\/div>\n\t\t<\/div>\n\t\t\t\t\t\t\t\t<\/div>\n\t\t\t\t\t<\/div>\n\t\t<\/section>\n\t\t\t\t\t\t<\/div>\n\t\t\t\t\t\t<\/div>\n\t\t\t\t\t<\/div>\n\t\t","protected":false},"excerpt":{"rendered":"<p>Actualit\u00e9s et blog Articles, mises \u00e0 jour et nouvelles sur tout ce qui concerne le monde du fil recycl\u00e9 pr\u00e9-consommation, post-industriel, post-consommation et nouvelles tendances<\/p>\n","protected":false},"author":8,"featured_media":0,"parent":0,"menu_order":0,"comment_status":"closed","ping_status":"closed","template":"page-templates\/template-pagebuilder-full-width.php","meta":{"content-type":"","neve_meta_sidebar":"full-width","neve_meta_container":"","neve_meta_enable_content_width":"on","neve_meta_content_width":100,"neve_meta_title_alignment":"","neve_meta_author_avatar":"","neve_post_elements_order":"","neve_meta_disable_header":"","neve_meta_disable_footer":"","neve_meta_disable_title":"","neve_meta_reading_time":""},"yoast_head":"<!-- This site is optimized with the Yoast SEO plugin v18.8 - https:\/\/yoast.com\/wordpress\/plugins\/seo\/ -->\n<title>Actualit\u00e9s - Vilarrasa<\/title>\n<meta name=\"robots\" content=\"index, follow, max-snippet:-1, max-image-preview:large, max-video-preview:-1\" \/>\n<link rel=\"canonical\" href=\"https:\/\/vilarrasa.com\/blog\/\" \/>\n<meta property=\"og:locale\" content=\"fr_FR\" \/>\n<meta property=\"og:type\" content=\"article\" \/>\n<meta property=\"og:title\" content=\"Actualit\u00e9s - Vilarrasa\" \/>\n<meta property=\"og:description\" content=\"Actualit\u00e9s et blog Articles, mises \u00e0 jour et nouvelles sur tout ce qui concerne le monde du fil recycl\u00e9 pr\u00e9-consommation, post-industriel, post-consommation et nouvelles tendances\" \/>\n<meta property=\"og:url\" content=\"https:\/\/vilarrasa.com\/blog\/\" \/>\n<meta property=\"og:site_name\" content=\"Vilarrasa\" \/>\n<meta property=\"article:modified_time\" content=\"2023-06-23T14:14:08+00:00\" \/>\n<meta name=\"twitter:card\" content=\"summary_large_image\" \/>\n<script type=\"application\/ld+json\" class=\"yoast-schema-graph\">{\"@context\":\"https:\/\/schema.org\",\"@graph\":[{\"@type\":\"Organization\",\"@id\":\"https:\/\/vilarrasa.com\/#organization\",\"name\":\"S.Vilarrasa\",\"url\":\"https:\/\/vilarrasa.com\/\",\"sameAs\":[],\"logo\":{\"@type\":\"ImageObject\",\"inLanguage\":\"fr-FR\",\"@id\":\"https:\/\/vilarrasa.com\/#\/schema\/logo\/image\/\",\"url\":\"https:\/\/vilarrasa.com\/wp-content\/uploads\/2020\/06\/logo_vilarr.png\",\"contentUrl\":\"https:\/\/vilarrasa.com\/wp-content\/uploads\/2020\/06\/logo_vilarr.png\",\"width\":885,\"height\":206,\"caption\":\"S.Vilarrasa\"},\"image\":{\"@id\":\"https:\/\/vilarrasa.com\/#\/schema\/logo\/image\/\"}},{\"@type\":\"WebSite\",\"@id\":\"https:\/\/vilarrasa.com\/#website\",\"url\":\"https:\/\/vilarrasa.com\/\",\"name\":\"Vilarrasa\",\"description\":\"Hilos reciclados de alta calidad\",\"publisher\":{\"@id\":\"https:\/\/vilarrasa.com\/#organization\"},\"potentialAction\":[{\"@type\":\"SearchAction\",\"target\":{\"@type\":\"EntryPoint\",\"urlTemplate\":\"https:\/\/vilarrasa.com\/?s={search_term_string}\"},\"query-input\":\"required name=search_term_string\"}],\"inLanguage\":\"fr-FR\"},{\"@type\":\"WebPage\",\"@id\":\"https:\/\/vilarrasa.com\/blog\/#webpage\",\"url\":\"https:\/\/vilarrasa.com\/blog\/\",\"name\":\"Actualit\u00e9s - Vilarrasa\",\"isPartOf\":{\"@id\":\"https:\/\/vilarrasa.com\/#website\"},\"datePublished\":\"2022-12-01T14:46:50+00:00\",\"dateModified\":\"2023-06-23T14:14:08+00:00\",\"breadcrumb\":{\"@id\":\"https:\/\/vilarrasa.com\/blog\/#breadcrumb\"},\"inLanguage\":\"fr-FR\",\"potentialAction\":[{\"@type\":\"ReadAction\",\"target\":[\"https:\/\/vilarrasa.com\/blog\/\"]}]},{\"@type\":\"BreadcrumbList\",\"@id\":\"https:\/\/vilarrasa.com\/blog\/#breadcrumb\",\"itemListElement\":[{\"@type\":\"ListItem\",\"position\":1,\"name\":\"Home\",\"item\":\"https:\/\/vilarrasa.com\/es\/\"},{\"@type\":\"ListItem\",\"position\":2,\"name\":\"Actualit\u00e9s\"}]}]}<\/script>\n<!-- \/ Yoast SEO plugin. -->","yoast_head_json":{"title":"Actualit\u00e9s - Vilarrasa","robots":{"index":"index","follow":"follow","max-snippet":"max-snippet:-1","max-image-preview":"max-image-preview:large","max-video-preview":"max-video-preview:-1"},"canonical":"https:\/\/vilarrasa.com\/blog\/","og_locale":"fr_FR","og_type":"article","og_title":"Actualit\u00e9s - Vilarrasa","og_description":"Actualit\u00e9s et blog Articles, mises \u00e0 jour et nouvelles sur tout ce qui concerne le monde du fil recycl\u00e9 pr\u00e9-consommation, post-industriel, post-consommation et nouvelles tendances","og_url":"https:\/\/vilarrasa.com\/blog\/","og_site_name":"Vilarrasa","article_modified_time":"2023-06-23T14:14:08+00:00","twitter_card":"summary_large_image","schema":{"@context":"https:\/\/schema.org","@graph":[{"@type":"Organization","@id":"https:\/\/vilarrasa.com\/#organization","name":"S.Vilarrasa","url":"https:\/\/vilarrasa.com\/","sameAs":[],"logo":{"@type":"ImageObject","inLanguage":"fr-FR","@id":"https:\/\/vilarrasa.com\/#\/schema\/logo\/image\/","url":"https:\/\/vilarrasa.com\/wp-content\/uploads\/2020\/06\/logo_vilarr.png","contentUrl":"https:\/\/vilarrasa.com\/wp-content\/uploads\/2020\/06\/logo_vilarr.png","width":885,"height":206,"caption":"S.Vilarrasa"},"image":{"@id":"https:\/\/vilarrasa.com\/#\/schema\/logo\/image\/"}},{"@type":"WebSite","@id":"https:\/\/vilarrasa.com\/#website","url":"https:\/\/vilarrasa.com\/","name":"Vilarrasa","description":"Hilos reciclados de alta calidad","publisher":{"@id":"https:\/\/vilarrasa.com\/#organization"},"potentialAction":[{"@type":"SearchAction","target":{"@type":"EntryPoint","urlTemplate":"https:\/\/vilarrasa.com\/?s={search_term_string}"},"query-input":"required name=search_term_string"}],"inLanguage":"fr-FR"},{"@type":"WebPage","@id":"https:\/\/vilarrasa.com\/blog\/#webpage","url":"https:\/\/vilarrasa.com\/blog\/","name":"Actualit\u00e9s - Vilarrasa","isPartOf":{"@id":"https:\/\/vilarrasa.com\/#website"},"datePublished":"2022-12-01T14:46:50+00:00","dateModified":"2023-06-23T14:14:08+00:00","breadcrumb":{"@id":"https:\/\/vilarrasa.com\/blog\/#breadcrumb"},"inLanguage":"fr-FR","potentialAction":[{"@type":"ReadAction","target":["https:\/\/vilarrasa.com\/blog\/"]}]},{"@type":"BreadcrumbList","@id":"https:\/\/vilarrasa.com\/blog\/#breadcrumb","itemListElement":[{"@type":"ListItem","position":1,"name":"Home","item":"https:\/\/vilarrasa.com\/es\/"},{"@type":"ListItem","position":2,"name":"Actualit\u00e9s"}]}]}},"_links":{"self":[{"href":"https:\/\/vilarrasa.com\/fr\/wp-json\/wp\/v2\/pages\/2800"}],"collection":[{"href":"https:\/\/vilarrasa.com\/fr\/wp-json\/wp\/v2\/pages"}],"about":[{"href":"https:\/\/vilarrasa.com\/fr\/wp-json\/wp\/v2\/types\/page"}],"author":[{"embeddable":true,"href":"https:\/\/vilarrasa.com\/fr\/wp-json\/wp\/v2\/users\/8"}],"replies":[{"embeddable":true,"href":"https:\/\/vilarrasa.com\/fr\/wp-json\/wp\/v2\/comments?post=2800"}],"version-history":[{"count":7,"href":"https:\/\/vilarrasa.com\/fr\/wp-json\/wp\/v2\/pages\/2800\/revisions"}],"predecessor-version":[{"id":6360,"href":"https:\/\/vilarrasa.com\/fr\/wp-json\/wp\/v2\/pages\/2800\/revisions\/6360"}],"wp:attachment":[{"href":"https:\/\/vilarrasa.com\/fr\/wp-json\/wp\/v2\/media?parent=2800"}],"curies":[{"name":"wp","href":"https:\/\/api.w.org\/{rel}","templated":true}]}}